{"id":19,"date":"2017-01-24T20:58:44","date_gmt":"2017-01-24T18:58:44","guid":{"rendered":"http:\/\/www.omegayksi.fi\/?page_id=19"},"modified":"2026-01-15T15:53:47","modified_gmt":"2026-01-15T13:53:47","slug":"contact-5","status":"publish","type":"page","link":"http:\/\/www.omegayksi.fi\/sv\/contact-5\/","title":{"rendered":"Kontaktinformation"},"content":{"rendered":"\n<figure class=\"wp-block-image\"><img decoding=\"async\" src=\"https:\/\/www.omegayksi.fi\/wp-content\/plugins\/beaver-builder-lite-version\/img\/pixel.png\" alt=\"Yhteystiedot\"\/><\/figure>\n\n\n\n<h1 class=\"wp-block-heading\"><strong>Olemme t\u00e4\u00e4ll\u00e4 sinua varten!<\/strong><\/h1>\n\n\n\n<p><strong><strong>Yleiset asiat ja tiedustelut<\/strong><\/strong>:<br><strong>044 236 7369&nbsp;<\/strong><br><strong>info@omegayksi.fi<\/strong><\/p>\n\n\n\n<hr class=\"wp-block-separator has-alpha-channel-opacity\"\/>\n\n\n\n<p><strong>Mik\u00e4li olet kiinnostunut palveluistamme, <\/strong><br><strong>Pasi Rouvali auttaa mielell\u00e4\u00e4n!&nbsp;<\/strong><br>H\u00e4net tavoittaa puhelinnumerosta: 044 244 8738 kello 9:00-16:00<\/p>\n\n\n\n<hr class=\"wp-block-separator has-alpha-channel-opacity\"\/>\n\n\n\n<p><strong>P\u00e4\u00e4kaupunkiseuden asiakkaat<\/strong><br>Cynthia Chinatou<br>Puh. 044 236 7369<\/p>\n\n\n\n<hr class=\"wp-block-separator has-alpha-channel-opacity\"\/>\n\n\n\n<p><strong>Varsinais-Suomen asiakkaat<\/strong><br>Afsaneh Hosseini<br>Puh. 044 243 1592<\/p>\n\n\n\n<hr class=\"wp-block-separator has-alpha-channel-opacity\"\/>\n\n\n\n<p><strong>Laskutusasiat<\/strong><br>Emmanuel Osana-Isaac<br>Puh. 045 853 5719<br>laskutus@omegayksi.fi<\/p>\n\n\n\n<hr class=\"wp-block-separator has-alpha-channel-opacity\"\/>\n\n\n\n<p>Voit ottaa yhteytt\u00e4 my\u00f6s yhteydenottolomakkeella niin soitamme sinulle takaisin mahdollisimman pian!<br><br><\/p>\n\n\n<noscript class=\"ninja-forms-noscript-message\">\n\tObservera: JavaScript kr\u00e4vs f\u00f6r detta inneh\u00e5ll.<\/noscript>\n<div id=\"nf-form-1-cont\" class=\"nf-form-cont\" aria-live=\"polite\" aria-labelledby=\"nf-form-title-1\" aria-describedby=\"nf-form-errors-1\" role=\"form\">\n\n    <div class=\"nf-loading-spinner\"><\/div>\n\n<\/div>\n        <!-- That data is being printed as a workaround to page builders reordering the order of the scripts loaded-->\n        <script>var formDisplay=1;var nfForms=nfForms||[];var form=[];form.id='1';form.settings={\"objectType\":\"Form Setting\",\"editActive\":true,\"title\":\"Ota yhteytt\\u00e4\",\"created_at\":\"2016-03-16 20:27:29\",\"show_title\":\"1\",\"clear_complete\":\"1\",\"hide_complete\":\"1\",\"currency\":\"usd\",\"add_submit\":\"1\",\"logged_in\":\"0\",\"default_label_pos\":\"above\",\"wrapper_class\":\"\",\"element_class\":\"\",\"not_logged_in_msg\":\"\",\"sub_limit_msg\":\"\",\"calculations\":[],\"fieldContentsData\":[{\"label\":\"Name\",\"key\":\"name\",\"parent_id\":1,\"type\":\"textbox\",\"created_at\":\"2016-03-16 20:27:29\",\"objectType\":\"Field\",\"objectDomain\":\"fields\",\"editActive\":false,\"label_pos\":\"above\",\"required\":1,\"placeholder\":\"\",\"default\":\"\",\"wrapper_class\":\"\",\"element_class\":\"\",\"input_limit\":\"\",\"input_limit_type\":\"characters\",\"input_limit_message\":\"Character(s) left\",\"manual_key\":\"\",\"disable_input\":\"\",\"admin_label\":\"\",\"help_text\":\"\",\"desc_text\":\"\",\"desc_pos\":\"\",\"disable_browser_autocomplete\":\"\",\"mask\":\"\",\"custom_mask\":\"\",\"order\":1,\"container_class\":\"\",\"input_limit_msg\":\"Character(s) left\",\"id\":1},{\"label\":\"Email\",\"key\":\"email\",\"parent_id\":1,\"type\":\"email\",\"created_at\":\"2016-03-16 20:27:29\",\"objectType\":\"Field\",\"objectDomain\":\"fields\",\"editActive\":false,\"label_pos\":\"above\",\"required\":1,\"default\":\"\",\"placeholder\":\"\",\"wrapper_class\":\"\",\"element_class\":\"\",\"admin_label\":\"\",\"help_text\":\"\",\"desc_text\":\"\",\"desc_pos\":\"\",\"order\":2,\"container_class\":\"\",\"id\":2},{\"label\":\"Message\",\"key\":\"message\",\"parent_id\":1,\"type\":\"textarea\",\"created_at\":\"2016-03-16 20:27:29\",\"objectType\":\"Field\",\"objectDomain\":\"fields\",\"editActive\":false,\"label_pos\":\"above\",\"required\":1,\"placeholder\":\"\",\"default\":\"\",\"wrapper_class\":\"\",\"element_class\":\"\",\"input_limit\":\"\",\"input_limit_type\":\"characters\",\"input_limit_message\":\"Character(s) left\",\"manual_key\":\"\",\"disable_input\":\"\",\"admin_label\":\"\",\"help_text\":\"\",\"desc_text\":\"\",\"desc_pos\":\"\",\"disable_browser_autocomplete\":\"\",\"textarea_rte\":\"\",\"disable_rte_mobile\":\"\",\"textarea_media\":\"\",\"order\":3,\"container_class\":\"\",\"input_limit_msg\":\"Character(s) left\",\"id\":3},{\"label\":\"What is thirteen minus 6?\",\"key\":\"spam_1\",\"parent_id\":1,\"type\":\"spam\",\"created_at\":\"2016-03-16 20:27:29\",\"objectType\":\"Field\",\"objectDomain\":\"fields\",\"editActive\":false,\"label_pos\":\"above\",\"required\":1,\"placeholder\":\"\",\"default\":\"\",\"wrapper_class\":\"\",\"element_class\":\"\",\"input_limit\":\"\",\"input_limit_type\":\"characters\",\"input_limit_message\":\"Character(s) left\",\"manual_key\":1,\"disable_input\":\"\",\"admin_label\":\"\",\"help_text\":\"\",\"desc_text\":\"\",\"desc_pos\":\"\",\"spam_answer\":7,\"order\":4,\"container_class\":\"\",\"input_limit_msg\":\"Character(s) left\",\"id\":4},{\"label\":\"Send\",\"key\":\"send\",\"parent_id\":1,\"type\":\"submit\",\"created_at\":\"2016-03-16 20:27:29\",\"objectType\":\"Field\",\"objectDomain\":\"fields\",\"editActive\":false,\"processing_label\":\"Processing\",\"wrapper_class\":\"\",\"element_class\":\"\",\"order\":5,\"container_class\":\"\",\"id\":5}],\"formContentData\":[\"nimi\",\"saehkoeposti_1657620738420\",\"viesti\",\"spam_1484329757987\",\"laehetae\"],\"allow_public_link\":0,\"embed_form\":\"\",\"unique_field_error\":\"A form with this value has already been submitted.\",\"key\":\"\",\"changeEmailErrorMsg\":\"OLE HYV\\u00c4 JA SY\\u00d6T\\u00c4 TOIMIVA S\\u00c4HK\\u00d6POSTIOSOITE!\",\"changeDateErrorMsg\":\"ANNA KELVOLLINEN P\\u00c4IV\\u00c4M\\u00c4\\u00c4R\\u00c4!\",\"confirmFieldErrorMsg\":\"Dessa f\\u00e4lt m\\u00e5ste matcha!\",\"fieldNumberNumMinError\":\"Minnummer-fel\",\"fieldNumberNumMaxError\":\"Maxnummer-fel\",\"fieldNumberIncrementBy\":\"\\u00d6ka med \",\"formErrorsCorrectErrors\":\"OIKEA VIRHEET ENNEN T\\u00c4M\\u00c4N LOMAKKEEN L\\u00c4HETT\\u00c4MIST\\u00c4\",\"validateRequiredField\":\"T\\u00c4M\\u00c4 ON PAKOLLINEN KENTT\\u00c4.\",\"honeypotHoneypotError\":\"HONEYPOT VIRHE\",\"fieldsMarkedRequired\":\"Kent\\u00e4t merkittyn\\u00e4 t\\u00e4hdell\\u00e4 * ovat pakollisia.\",\"drawerDisabled\":false,\"ninjaForms\":\"Ninja Forms\",\"fieldTextareaRTEInsertLink\":\"Infoga l\\u00e4nk\",\"fieldTextareaRTEInsertMedia\":\"Infoga media\",\"fieldTextareaRTESelectAFile\":\"V\\u00e4lj en fil\",\"formHoneypot\":\"Om du \\u00e4r en m\\u00e4nniska som ser detta f\\u00e4lt, l\\u00e4mna det tomt.\",\"fileUploadOldCodeFileUploadInProgress\":\"Filuppladdning p\\u00e5g\\u00e5r.\",\"fileUploadOldCodeFileUpload\":\"FILUPPLADDNING\",\"currencySymbol\":\"&euro;\",\"thousands_sep\":\"&nbsp;\",\"decimal_point\":\",\",\"siteLocale\":\"sv_SE\",\"dateFormat\":\"d\\\/m\\\/Y\",\"startOfWeek\":\"1\",\"of\":\"av\",\"previousMonth\":\"F\\u00f6reg\\u00e5ende m\\u00e5nad\",\"nextMonth\":\"N\\u00e4sta m\\u00e5nad\",\"months\":[\"Januari\",\"Februari\",\"Mars\",\"April\",\"Maj\",\"Juni\",\"Juli\",\"Augusti\",\"September\",\"Oktober\",\"November\",\"December\"],\"monthsShort\":[\"Jan\",\"Feb\",\"Mar\",\"Apr\",\"Maj\",\"Jun\",\"Jul\",\"Aug\",\"Sep\",\"Okt\",\"Nov\",\"Dec\"],\"weekdays\":[\"S\\u00f6ndag\",\"M\\u00e5ndag\",\"Tisdag\",\"Onsdag\",\"Torsdag\",\"Fredag\",\"L\\u00f6rdag\"],\"weekdaysShort\":[\"S\\u00f6n\",\"M\\u00e5n\",\"Tis\",\"Ons\",\"Tor\",\"Fre\",\"L\\u00f6r\"],\"weekdaysMin\":[\"S\\u00f6\",\"M\\u00e5\",\"Ti\",\"On\",\"To\",\"Fr\",\"L\\u00f6\"],\"recaptchaConsentMissing\":\"reCaptcha validation couldn&#039;t load.\",\"recaptchaMissingCookie\":\"reCaptcha v3 validation couldn&#039;t load the cookie needed to submit the form.\",\"recaptchaConsentEvent\":\"Accept reCaptcha cookies before sending the form.\",\"currency_symbol\":\"\",\"beforeForm\":\"\",\"beforeFields\":\"\",\"afterFields\":\"\",\"afterForm\":\"\"};form.fields=[{\"objectType\":\"Field\",\"objectDomain\":\"fields\",\"editActive\":false,\"order\":999,\"idAttribute\":\"id\",\"type\":\"textbox\",\"label\":\"Nimi\",\"key\":\"nimi\",\"label_pos\":\"above\",\"required\":1,\"input_limit_type\":\"characters\",\"input_limit_msg\":\"Character(s) left\",\"manual_key\":false,\"default\":\"\",\"placeholder\":\"\",\"container_class\":\"\",\"element_class\":\"\",\"input_limit\":\"\",\"admin_label\":\"\",\"help_text\":\"\",\"mask\":\"\",\"custom_mask\":\"\",\"custom_name_attribute\":\"\",\"personally_identifiable\":\"\",\"value\":\"\",\"id\":12,\"beforeField\":\"\",\"afterField\":\"\",\"parentType\":\"textbox\",\"element_templates\":[\"textbox\",\"input\"],\"old_classname\":\"\",\"wrap_template\":\"wrap\"},{\"objectType\":\"Field\",\"objectDomain\":\"fields\",\"editActive\":false,\"order\":999,\"idAttribute\":\"id\",\"type\":\"email\",\"label\":\"S\\u00e4hk\\u00f6posti\",\"key\":\"saehkoeposti_1657620738420\",\"label_pos\":\"above\",\"required\":1,\"default\":\"\",\"placeholder\":\"\",\"container_class\":\"\",\"element_class\":\"\",\"admin_label\":\"\",\"help_text\":\"\",\"custom_name_attribute\":\"email\",\"personally_identifiable\":1,\"value\":\"\",\"drawerDisabled\":false,\"id\":13,\"beforeField\":\"\",\"afterField\":\"\",\"parentType\":\"email\",\"element_templates\":[\"email\",\"input\"],\"old_classname\":\"\",\"wrap_template\":\"wrap\"},{\"objectType\":\"Field\",\"objectDomain\":\"fields\",\"editActive\":false,\"order\":999,\"idAttribute\":\"id\",\"type\":\"textarea\",\"label\":\"Viesti\",\"key\":\"viesti\",\"label_pos\":\"above\",\"required\":1,\"input_limit_type\":\"characters\",\"input_limit_msg\":\"Character(s) left\",\"manual_key\":false,\"default\":\"\",\"placeholder\":\"\",\"container_class\":\"\",\"element_class\":\"\",\"input_limit\":\"\",\"admin_label\":\"\",\"help_text\":\"\",\"textarea_rte\":\"\",\"disable_rte_mobile\":\"\",\"textarea_media\":\"\",\"value\":\"\",\"id\":14,\"beforeField\":\"\",\"afterField\":\"\",\"parentType\":\"textarea\",\"element_templates\":[\"textarea\",\"input\"],\"old_classname\":\"\",\"wrap_template\":\"wrap\"},{\"objectType\":\"Field\",\"objectDomain\":\"fields\",\"editActive\":false,\"order\":999,\"idAttribute\":\"id\",\"type\":\"spam\",\"label\":\"Mik\\u00e4 on kolmetoista miinus 6?\",\"key\":\"spam_1484329757987\",\"label_pos\":\"above\",\"required\":1,\"input_limit_type\":\"characters\",\"input_limit_msg\":\"Character(s) left\",\"manual_key\":true,\"spam_answer\":7,\"default\":\"\",\"placeholder\":\"\",\"container_class\":\"\",\"element_class\":\"\",\"input_limit\":\"\",\"admin_label\":\"\",\"help_text\":\"\",\"value\":\"\",\"id\":15,\"beforeField\":\"\",\"afterField\":\"\",\"parentType\":\"spam\",\"element_templates\":[\"textbox\",\"input\"],\"old_classname\":\"\",\"wrap_template\":\"wrap\"},{\"objectType\":\"Field\",\"objectDomain\":\"fields\",\"editActive\":false,\"order\":999,\"idAttribute\":\"id\",\"type\":\"submit\",\"label\":\"L\\u00e4het\\u00e4\",\"processing_label\":\" L\\u00e4hetet\\u00e4\\u00e4n ...\",\"key\":\"laehetae\",\"container_class\":\"\",\"element_class\":\"\",\"id\":16,\"beforeField\":\"\",\"afterField\":\"\",\"value\":\"\",\"label_pos\":\"above\",\"parentType\":\"textbox\",\"element_templates\":[\"submit\",\"button\",\"input\"],\"old_classname\":\"\",\"wrap_template\":\"wrap-no-label\"}];nfForms.push(form);<\/script>\n        \n","protected":false},"excerpt":{"rendered":"<p>Olemme t\u00e4\u00e4ll\u00e4 sinua varten! Yleiset asiat ja tiedustelut:044 236 7369&nbsp;info@omegayksi.fi Mik\u00e4li olet kiinnostunut palveluistamme, Pasi Rouvali auttaa mielell\u00e4\u00e4n!&nbsp;H\u00e4net tavoittaa puhelinnumerosta: [&hellip;]<\/p>\n","protected":false},"author":1,"featured_media":0,"parent":0,"menu_order":0,"comment_status":"closed","ping_status":"closed","template":"","meta":{"site-sidebar-layout":"default","site-content-layout":"","ast-site-content-layout":"default","site-content-style":"default","site-sidebar-style":"default","ast-global-header-display":"","ast-banner-title-visibility":"","ast-main-header-display":"","ast-hfb-above-header-display":"","ast-hfb-below-header-display":"","ast-hfb-mobile-header-display":"","site-post-title":"","ast-breadcrumbs-content":"","ast-featured-img":"","footer-sml-layout":"","ast-disable-related-posts":"","theme-transparent-header-meta":"","adv-header-id-meta":"","stick-header-meta":"","header-above-stick-meta":"","header-main-stick-meta":"","header-below-stick-meta":"","astra-migrate-meta-layouts":"default","ast-page-background-enabled":"default","ast-page-background-meta":{"desktop":{"background-color":"var(--ast-global-color-5)","background-image":"","background-repeat":"repeat","background-position":"center center","background-size":"auto","background-attachment":"scroll","background-type":"","background-media":"","overlay-type":"","overlay-color":"","overlay-opacity":"","overlay-gradient":""},"tablet":{"background-color":"","background-image":"","background-repeat":"repeat","background-position":"center center","background-size":"auto","background-attachment":"scroll","background-type":"","background-media":"","overlay-type":"","overlay-color":"","overlay-opacity":"","overlay-gradient":""},"mobile":{"background-color":"","background-image":"","background-repeat":"repeat","background-position":"center center","background-size":"auto","background-attachment":"scroll","background-type":"","background-media":"","overlay-type":"","overlay-color":"","overlay-opacity":"","overlay-gradient":""}},"ast-content-background-meta":{"desktop":{"background-color":"var(--ast-global-color-4)","background-image":"","background-repeat":"repeat","background-position":"center center","background-size":"auto","background-attachment":"scroll","background-type":"","background-media":"","overlay-type":"","overlay-color":"","overlay-opacity":"","overlay-gradient":""},"tablet":{"background-color":"var(--ast-global-color-4)","background-image":"","background-repeat":"repeat","background-position":"center center","background-size":"auto","background-attachment":"scroll","background-type":"","background-media":"","overlay-type":"","overlay-color":"","overlay-opacity":"","overlay-gradient":""},"mobile":{"background-color":"var(--ast-global-color-4)","background-image":"","background-repeat":"repeat","background-position":"center center","background-size":"auto","background-attachment":"scroll","background-type":"","background-media":"","overlay-type":"","overlay-color":"","overlay-opacity":"","overlay-gradient":""}},"jetpack_post_was_ever_published":false,"footnotes":""},"class_list":["post-19","page","type-page","status-publish","hentry"],"yoast_head":"<!-- This site is optimized with the Yoast SEO plugin v27.5 - https:\/\/yoast.com\/product\/yoast-seo-wordpress\/ -->\n<title>Yhteystiedot -<\/title>\n<meta name=\"robots\" content=\"index, follow, max-snippet:-1, max-image-preview:large, max-video-preview:-1\" \/>\n<link rel=\"canonical\" href=\"https:\/\/www.omegayksi.fi\/sv\/contact-5\/\" \/>\n<meta property=\"og:locale\" content=\"sv_SE\" \/>\n<meta property=\"og:type\" content=\"article\" \/>\n<meta property=\"og:title\" content=\"Yhteystiedot -\" \/>\n<meta property=\"og:description\" content=\"Olemme t\u00e4\u00e4ll\u00e4 sinua varten! Yleiset asiat ja tiedustelut:044 236 7369&nbsp;info@omegayksi.fi Mik\u00e4li olet kiinnostunut palveluistamme, Pasi Rouvali auttaa mielell\u00e4\u00e4n!&nbsp;H\u00e4net tavoittaa puhelinnumerosta: [&hellip;]\" \/>\n<meta property=\"og:url\" content=\"https:\/\/www.omegayksi.fi\/sv\/contact-5\/\" \/>\n<meta property=\"article:publisher\" content=\"https:\/\/www.facebook.com\/profile.php?id=100094279863502\" \/>\n<meta property=\"article:modified_time\" content=\"2026-01-15T13:53:47+00:00\" \/>\n<meta property=\"og:image\" content=\"https:\/\/www.omegayksi.fi\/wp-content\/plugins\/beaver-builder-lite-version\/img\/pixel.png\" \/>\n<meta name=\"twitter:card\" content=\"summary_large_image\" \/>\n<meta name=\"twitter:label1\" content=\"Ber\u00e4knad l\u00e4stid\" \/>\n\t<meta name=\"twitter:data1\" content=\"1 minut\" \/>\n<script type=\"application\/ld+json\" class=\"yoast-schema-graph\">{\"@context\":\"https:\\\/\\\/schema.org\",\"@graph\":[{\"@type\":\"WebPage\",\"@id\":\"https:\\\/\\\/www.omegayksi.fi\\\/contact-5\\\/\",\"url\":\"https:\\\/\\\/www.omegayksi.fi\\\/contact-5\\\/\",\"name\":\"Yhteystiedot -\",\"isPartOf\":{\"@id\":\"https:\\\/\\\/www.omegayksi.fi\\\/#website\"},\"primaryImageOfPage\":{\"@id\":\"https:\\\/\\\/www.omegayksi.fi\\\/contact-5\\\/#primaryimage\"},\"image\":{\"@id\":\"https:\\\/\\\/www.omegayksi.fi\\\/contact-5\\\/#primaryimage\"},\"thumbnailUrl\":\"https:\\\/\\\/www.omegayksi.fi\\\/wp-content\\\/plugins\\\/beaver-builder-lite-version\\\/img\\\/pixel.png\",\"datePublished\":\"2017-01-24T18:58:44+00:00\",\"dateModified\":\"2026-01-15T13:53:47+00:00\",\"breadcrumb\":{\"@id\":\"https:\\\/\\\/www.omegayksi.fi\\\/contact-5\\\/#breadcrumb\"},\"inLanguage\":\"sv-SE\",\"potentialAction\":[{\"@type\":\"ReadAction\",\"target\":[\"https:\\\/\\\/www.omegayksi.fi\\\/contact-5\\\/\"]}]},{\"@type\":\"ImageObject\",\"inLanguage\":\"sv-SE\",\"@id\":\"https:\\\/\\\/www.omegayksi.fi\\\/contact-5\\\/#primaryimage\",\"url\":\"https:\\\/\\\/www.omegayksi.fi\\\/wp-content\\\/plugins\\\/beaver-builder-lite-version\\\/img\\\/pixel.png\",\"contentUrl\":\"https:\\\/\\\/www.omegayksi.fi\\\/wp-content\\\/plugins\\\/beaver-builder-lite-version\\\/img\\\/pixel.png\"},{\"@type\":\"BreadcrumbList\",\"@id\":\"https:\\\/\\\/www.omegayksi.fi\\\/contact-5\\\/#breadcrumb\",\"itemListElement\":[{\"@type\":\"ListItem\",\"position\":1,\"name\":\"Home\",\"item\":\"https:\\\/\\\/www.omegayksi.fi\\\/\"},{\"@type\":\"ListItem\",\"position\":2,\"name\":\"Yhteystiedot\"}]},{\"@type\":\"WebSite\",\"@id\":\"https:\\\/\\\/www.omegayksi.fi\\\/#website\",\"url\":\"https:\\\/\\\/www.omegayksi.fi\\\/\",\"name\":\"Omegayksi Oy\",\"description\":\"Laadukasta palvelua suurella syd&auml;mell&auml;\",\"publisher\":{\"@id\":\"https:\\\/\\\/www.omegayksi.fi\\\/#organization\"},\"potentialAction\":[{\"@type\":\"SearchAction\",\"target\":{\"@type\":\"EntryPoint\",\"urlTemplate\":\"https:\\\/\\\/www.omegayksi.fi\\\/?s={search_term_string}\"},\"query-input\":{\"@type\":\"PropertyValueSpecification\",\"valueRequired\":true,\"valueName\":\"search_term_string\"}}],\"inLanguage\":\"sv-SE\"},{\"@type\":\"Organization\",\"@id\":\"https:\\\/\\\/www.omegayksi.fi\\\/#organization\",\"name\":\"Omegayksi Oy\",\"url\":\"https:\\\/\\\/www.omegayksi.fi\\\/\",\"logo\":{\"@type\":\"ImageObject\",\"inLanguage\":\"sv-SE\",\"@id\":\"https:\\\/\\\/www.omegayksi.fi\\\/#\\\/schema\\\/logo\\\/image\\\/\",\"url\":\"http:\\\/\\\/www.omegayksi.fi\\\/wp-content\\\/uploads\\\/2022\\\/07\\\/cropped-cropped-cropped-Omegayksi-photomod3-1.png\",\"contentUrl\":\"http:\\\/\\\/www.omegayksi.fi\\\/wp-content\\\/uploads\\\/2022\\\/07\\\/cropped-cropped-cropped-Omegayksi-photomod3-1.png\",\"width\":1600,\"height\":929,\"caption\":\"Omegayksi Oy\"},\"image\":{\"@id\":\"https:\\\/\\\/www.omegayksi.fi\\\/#\\\/schema\\\/logo\\\/image\\\/\"},\"sameAs\":[\"https:\\\/\\\/www.facebook.com\\\/profile.php?id=100094279863502\"]}]}<\/script>\n<!-- \/ Yoast SEO plugin. -->","yoast_head_json":{"title":"Yhteystiedot -","robots":{"index":"index","follow":"follow","max-snippet":"max-snippet:-1","max-image-preview":"max-image-preview:large","max-video-preview":"max-video-preview:-1"},"canonical":"https:\/\/www.omegayksi.fi\/sv\/contact-5\/","og_locale":"sv_SE","og_type":"article","og_title":"Yhteystiedot -","og_description":"Olemme t\u00e4\u00e4ll\u00e4 sinua varten! Yleiset asiat ja tiedustelut:044 236 7369&nbsp;info@omegayksi.fi Mik\u00e4li olet kiinnostunut palveluistamme, Pasi Rouvali auttaa mielell\u00e4\u00e4n!&nbsp;H\u00e4net tavoittaa puhelinnumerosta: [&hellip;]","og_url":"https:\/\/www.omegayksi.fi\/sv\/contact-5\/","article_publisher":"https:\/\/www.facebook.com\/profile.php?id=100094279863502","article_modified_time":"2026-01-15T13:53:47+00:00","og_image":[{"url":"https:\/\/www.omegayksi.fi\/wp-content\/plugins\/beaver-builder-lite-version\/img\/pixel.png","type":"","width":"","height":""}],"twitter_card":"summary_large_image","twitter_misc":{"Ber\u00e4knad l\u00e4stid":"1 minut"},"schema":{"@context":"https:\/\/schema.org","@graph":[{"@type":"WebPage","@id":"https:\/\/www.omegayksi.fi\/contact-5\/","url":"https:\/\/www.omegayksi.fi\/contact-5\/","name":"Yhteystiedot -","isPartOf":{"@id":"https:\/\/www.omegayksi.fi\/#website"},"primaryImageOfPage":{"@id":"https:\/\/www.omegayksi.fi\/contact-5\/#primaryimage"},"image":{"@id":"https:\/\/www.omegayksi.fi\/contact-5\/#primaryimage"},"thumbnailUrl":"https:\/\/www.omegayksi.fi\/wp-content\/plugins\/beaver-builder-lite-version\/img\/pixel.png","datePublished":"2017-01-24T18:58:44+00:00","dateModified":"2026-01-15T13:53:47+00:00","breadcrumb":{"@id":"https:\/\/www.omegayksi.fi\/contact-5\/#breadcrumb"},"inLanguage":"sv-SE","potentialAction":[{"@type":"ReadAction","target":["https:\/\/www.omegayksi.fi\/contact-5\/"]}]},{"@type":"ImageObject","inLanguage":"sv-SE","@id":"https:\/\/www.omegayksi.fi\/contact-5\/#primaryimage","url":"https:\/\/www.omegayksi.fi\/wp-content\/plugins\/beaver-builder-lite-version\/img\/pixel.png","contentUrl":"https:\/\/www.omegayksi.fi\/wp-content\/plugins\/beaver-builder-lite-version\/img\/pixel.png"},{"@type":"BreadcrumbList","@id":"https:\/\/www.omegayksi.fi\/contact-5\/#breadcrumb","itemListElement":[{"@type":"ListItem","position":1,"name":"Home","item":"https:\/\/www.omegayksi.fi\/"},{"@type":"ListItem","position":2,"name":"Yhteystiedot"}]},{"@type":"WebSite","@id":"https:\/\/www.omegayksi.fi\/#website","url":"https:\/\/www.omegayksi.fi\/","name":"Omegayksi Oy","description":"Laadukasta palvelua suurella syd&auml;mell&auml;","publisher":{"@id":"https:\/\/www.omegayksi.fi\/#organization"},"potentialAction":[{"@type":"SearchAction","target":{"@type":"EntryPoint","urlTemplate":"https:\/\/www.omegayksi.fi\/?s={search_term_string}"},"query-input":{"@type":"PropertyValueSpecification","valueRequired":true,"valueName":"search_term_string"}}],"inLanguage":"sv-SE"},{"@type":"Organization","@id":"https:\/\/www.omegayksi.fi\/#organization","name":"Omegayksi Oy","url":"https:\/\/www.omegayksi.fi\/","logo":{"@type":"ImageObject","inLanguage":"sv-SE","@id":"https:\/\/www.omegayksi.fi\/#\/schema\/logo\/image\/","url":"http:\/\/www.omegayksi.fi\/wp-content\/uploads\/2022\/07\/cropped-cropped-cropped-Omegayksi-photomod3-1.png","contentUrl":"http:\/\/www.omegayksi.fi\/wp-content\/uploads\/2022\/07\/cropped-cropped-cropped-Omegayksi-photomod3-1.png","width":1600,"height":929,"caption":"Omegayksi Oy"},"image":{"@id":"https:\/\/www.omegayksi.fi\/#\/schema\/logo\/image\/"},"sameAs":["https:\/\/www.facebook.com\/profile.php?id=100094279863502"]}]}},"_links":{"self":[{"href":"http:\/\/www.omegayksi.fi\/sv\/wp-json\/wp\/v2\/pages\/19","targetHints":{"allow":["GET"]}}],"collection":[{"href":"http:\/\/www.omegayksi.fi\/sv\/wp-json\/wp\/v2\/pages"}],"about":[{"href":"http:\/\/www.omegayksi.fi\/sv\/wp-json\/wp\/v2\/types\/page"}],"author":[{"embeddable":true,"href":"http:\/\/www.omegayksi.fi\/sv\/wp-json\/wp\/v2\/users\/1"}],"replies":[{"embeddable":true,"href":"http:\/\/www.omegayksi.fi\/sv\/wp-json\/wp\/v2\/comments?post=19"}],"version-history":[{"count":53,"href":"http:\/\/www.omegayksi.fi\/sv\/wp-json\/wp\/v2\/pages\/19\/revisions"}],"predecessor-version":[{"id":2985,"href":"http:\/\/www.omegayksi.fi\/sv\/wp-json\/wp\/v2\/pages\/19\/revisions\/2985"}],"wp:attachment":[{"href":"http:\/\/www.omegayksi.fi\/sv\/wp-json\/wp\/v2\/media?parent=19"}],"curies":[{"name":"wp","href":"https:\/\/api.w.org\/{rel}","templated":true}]}}