{"id":2458,"date":"2025-06-04T10:12:19","date_gmt":"2025-06-04T07:12:19","guid":{"rendered":"https:\/\/www.omegayksi.fi\/?page_id=2458"},"modified":"2025-06-04T10:13:23","modified_gmt":"2025-06-04T07:13:23","slug":"faq-2","status":"publish","type":"page","link":"http:\/\/www.omegayksi.fi\/sv\/faq-2\/","title":{"rendered":"FAQ"},"content":{"rendered":"<div data-elementor-type=\"wp-page\" data-elementor-id=\"2458\" class=\"elementor elementor-2458\">\n\t\t\t\t\t\t<section class=\"elementor-section elementor-top-section elementor-element elementor-element-3c9d449d elementor-section-boxed elementor-section-height-default elementor-section-height-default\" data-id=\"3c9d449d\" data-element_type=\"section\" data-e-type=\"section\" data-settings=\"{&quot;background_background&quot;:&quot;classic&quot;}\">\n\t\t\t\t\t\t<div class=\"elementor-container elementor-column-gap-no\">\n\t\t\t\t\t<div class=\"elementor-column elementor-col-100 elementor-top-column elementor-element elementor-element-7c832898\" data-id=\"7c832898\" data-element_type=\"column\" data-e-type=\"column\">\n\t\t\t<div class=\"elementor-widget-wrap elementor-element-populated\">\n\t\t\t\t\t\t<div class=\"elementor-element elementor-element-788ca8fe elementor-widget elementor-widget-heading\" data-id=\"788ca8fe\" data-element_type=\"widget\" data-e-type=\"widget\" data-widget_type=\"heading.default\">\n\t\t\t\t<div class=\"elementor-widget-container\">\n\t\t\t\t\t<h1 class=\"elementor-heading-title elementor-size-default\">FAQ sivu<\/h1>\t\t\t\t<\/div>\n\t\t\t\t<\/div>\n\t\t\t\t\t<\/div>\n\t\t<\/div>\n\t\t\t\t\t<\/div>\n\t\t<\/section>\n\t\t\t\t<section class=\"elementor-section elementor-top-section elementor-element elementor-element-4845e227 elementor-section-boxed elementor-section-height-default elementor-section-height-default\" data-id=\"4845e227\" data-element_type=\"section\" data-e-type=\"section\">\n\t\t\t\t\t\t<div class=\"elementor-container elementor-column-gap-default\">\n\t\t\t\t\t<div class=\"elementor-column elementor-col-100 elementor-top-column elementor-element elementor-element-64094d55\" data-id=\"64094d55\" data-element_type=\"column\" data-e-type=\"column\">\n\t\t\t<div class=\"elementor-widget-wrap elementor-element-populated\">\n\t\t\t\t\t\t<div class=\"elementor-element elementor-element-4157c4ba elementor-widget elementor-widget-heading\" data-id=\"4157c4ba\" data-element_type=\"widget\" data-e-type=\"widget\" data-widget_type=\"heading.default\">\n\t\t\t\t<div class=\"elementor-widget-container\">\n\t\t\t\t\t<h2 class=\"elementor-heading-title elementor-size-default\">Onko kysytt\u00e4v\u00e4\u00e4? Meill\u00e4 on vastauksia!<\/h2>\t\t\t\t<\/div>\n\t\t\t\t<\/div>\n\t\t\t\t\t<\/div>\n\t\t<\/div>\n\t\t\t\t\t<\/div>\n\t\t<\/section>\n\t\t\t\t<section class=\"elementor-section elementor-top-section elementor-element elementor-element-63ab361f elementor-section-content-middle elementor-section-boxed elementor-section-height-default elementor-section-height-default\" data-id=\"63ab361f\" data-element_type=\"section\" data-e-type=\"section\" id=\"faq\">\n\t\t\t\t\t\t<div class=\"elementor-container elementor-column-gap-no\">\n\t\t\t\t\t<div class=\"elementor-column elementor-col-100 elementor-top-column elementor-element elementor-element-7e5f11b8\" data-id=\"7e5f11b8\" data-element_type=\"column\" data-e-type=\"column\" data-settings=\"{&quot;background_background&quot;:&quot;classic&quot;}\">\n\t\t\t<div class=\"elementor-widget-wrap elementor-element-populated\">\n\t\t\t\t\t\t<div class=\"elementor-element elementor-element-6c1ecbdb animated-slow elementor-invisible elementor-widget elementor-widget-heading\" data-id=\"6c1ecbdb\" data-element_type=\"widget\" data-e-type=\"widget\" data-settings=\"{&quot;_animation&quot;:&quot;fadeIn&quot;}\" data-widget_type=\"heading.default\">\n\t\t\t\t<div class=\"elementor-widget-container\">\n\t\t\t\t\t<h2 class=\"elementor-heading-title elementor-size-default\">Usein kysytyt kysymykset<\/h2>\t\t\t\t<\/div>\n\t\t\t\t<\/div>\n\t\t\t\t<div class=\"elementor-element elementor-element-7234b9bc animated-slow elementor-invisible elementor-widget elementor-widget-eael-adv-accordion\" data-id=\"7234b9bc\" data-element_type=\"widget\" data-e-type=\"widget\" data-settings=\"{&quot;_animation&quot;:&quot;fadeIn&quot;,&quot;_animation_delay&quot;:300}\" data-widget_type=\"eael-adv-accordion.default\">\n\t\t\t\t<div class=\"elementor-widget-container\">\n\t\t\t\t\t            <div class=\"eael-adv-accordion\" id=\"eael-adv-accordion-7234b9bc\" data-scroll-on-click=\"no\" data-scroll-speed=\"300\" data-accordion-id=\"7234b9bc\" data-accordion-type=\"accordion\" data-toogle-speed=\"300\">\n            <div class=\"eael-accordion-list\">\n\t\t\t\t\t<div id=\"miten-rekisterity-palveluihin\" class=\"elementor-tab-title eael-accordion-header\" tabindex=\"0\" data-tab=\"1\" aria-controls=\"elementor-tab-content-1911\"><span class=\"eael-accordion-tab-title\">Miten rekister\u00f6ity\u00e4 palveluihin?<\/span><svg aria-hidden=\"true\" class=\"fa-toggle e-font-icon-svg e-fas-angle-right\" viewbox=\"0 0 256 512\" xmlns=\"http:\/\/www.w3.org\/2000\/svg\"><path d=\"M224.3 273l-136 136c-9.4 9.4-24.6 9.4-33.9 0l-22.6-22.6c-9.4-9.4-9.4-24.6 0-33.9l96.4-96.4-96.4-96.4c-9.4-9.4-9.4-24.6 0-33.9L54.3 103c9.4-9.4 24.6-9.4 33.9 0l136 136c9.5 9.4 9.5 24.6.1 34z\"><\/path><\/svg><\/div><div id=\"elementor-tab-content-1911\" class=\"eael-accordion-content clearfix\" data-tab=\"1\" aria-labelledby=\"miten-rekisterity-palveluihin\"><p>Voit rekister\u00f6ity\u00e4 kahdella helpolla tavalla:<\/p><ul><li>Kertaluonteisia tai erityisi\u00e4 tuntipalveluja (kuten lyhytaikaista apua tai erityisi\u00e4 siivouspalveluja) voit varata suoraan verkossa varausalustamme kautta.<\/li><li>Jatkuvia tai laajempia palvelutarpeita (kuten s\u00e4\u00e4nn\u00f6llist\u00e4 kotihoitoa, hoitotukea tai r\u00e4\u00e4t\u00e4l\u00f6ityj\u00e4 palvelupaketteja) varten t\u00e4yt\u00e4 yhteydenottolomakkeemme. Tiimimme ottaa sinuun yhteytt\u00e4 henkil\u00f6kohtaista tarjousta ja tapauskohtaista arviointia varten, jotta voimme varmistaa tilanteeseesi parhaiten sopivan hoitosuunnitelman.<\/li><\/ul><\/div>\n\t\t\t\t\t<\/div><div class=\"eael-accordion-list\">\n\t\t\t\t\t<div id=\"eri-pakettien-kustannustiedot\" class=\"elementor-tab-title eael-accordion-header\" tabindex=\"0\" data-tab=\"2\" aria-controls=\"elementor-tab-content-1912\"><span class=\"eael-accordion-tab-title\">Eri pakettien kustannustiedot<\/span><svg aria-hidden=\"true\" class=\"fa-toggle e-font-icon-svg e-fas-angle-right\" viewbox=\"0 0 256 512\" xmlns=\"http:\/\/www.w3.org\/2000\/svg\"><path d=\"M224.3 273l-136 136c-9.4 9.4-24.6 9.4-33.9 0l-22.6-22.6c-9.4-9.4-9.4-24.6 0-33.9l96.4-96.4-96.4-96.4c-9.4-9.4-9.4-24.6 0-33.9L54.3 103c9.4-9.4 24.6-9.4 33.9 0l136 136c9.5 9.4 9.5 24.6.1 34z\"><\/path><\/svg><\/div><div id=\"elementor-tab-content-1912\" class=\"eael-accordion-content clearfix\" data-tab=\"2\" aria-labelledby=\"eri-pakettien-kustannustiedot\"><p>Erityisten, kertaluonteisten tai tuntikohtaisten palveluiden hintatiedot n\u00e4kyv\u00e4t selke\u00e4sti verkkovarauksen yhteydess\u00e4, joten tied\u00e4t kustannukset ennen ajanvarauksen vahvistamista.<\/p><p>Suurempien tai jatkuvien hoitopakettien hinnat vaihtelevat yksil\u00f6llisten tarpeiden mukaan. N\u00e4iss\u00e4 tapauksissa pyyd\u00e4mme yst\u00e4v\u00e4llisesti ottamaan meihin suoraan yhteytt\u00e4. Tiimimme tekee tapauskohtaisen arvioinnin ja antaa henkil\u00f6kohtaisen tarjouksen, joka perustuu hoidon tarpeelliseen tasoon ja kestoon.<\/p><\/div>\n\t\t\t\t\t<\/div><div class=\"eael-accordion-list\">\n\t\t\t\t\t<div id=\"suomen-kattavat-alueet\" class=\"elementor-tab-title eael-accordion-header\" tabindex=\"0\" data-tab=\"3\" aria-controls=\"elementor-tab-content-1913\"><span class=\"eael-accordion-tab-title\">Suomen kattavat alueet<\/span><svg aria-hidden=\"true\" class=\"fa-toggle e-font-icon-svg e-fas-angle-right\" viewbox=\"0 0 256 512\" xmlns=\"http:\/\/www.w3.org\/2000\/svg\"><path d=\"M224.3 273l-136 136c-9.4 9.4-24.6 9.4-33.9 0l-22.6-22.6c-9.4-9.4-9.4-24.6 0-33.9l96.4-96.4-96.4-96.4c-9.4-9.4-9.4-24.6 0-33.9L54.3 103c9.4-9.4 24.6-9.4 33.9 0l136 136c9.5 9.4 9.5 24.6.1 34z\"><\/path><\/svg><\/div><div id=\"elementor-tab-content-1913\" class=\"eael-accordion-content clearfix\" data-tab=\"3\" aria-labelledby=\"suomen-kattavat-alueet\"><p>T\u00e4ll\u00e4 hetkell\u00e4 tarjoamme palveluita p\u00e4\u00e4kaupunkiseudulla (mukaan lukien Helsinki, Espoo, Vantaa ja Kauniainen) ja Lounais-Suomessa, kattaen esimerkiksi Turun ja l\u00e4hialueet.<\/p><p>Jos et ole varma, kuuluuko paikkakuntasi palveluvalikoimaamme, ota rohkeasti yhteytt\u00e4 &#8211; tarkistamme mielell\u00e4mme saatavuuden ja tutkimme vaihtoehtoja kanssasi.<\/p><\/div>\n\t\t\t\t\t<\/div><div class=\"eael-accordion-list\">\n\t\t\t\t\t<div id=\"tietoa-palveluseteleist-ja-verovhennyksist\" class=\"elementor-tab-title eael-accordion-header\" tabindex=\"0\" data-tab=\"4\" aria-controls=\"elementor-tab-content-1914\"><span class=\"eael-accordion-tab-title\">Tietoa palveluseteleist\u00e4 ja verov\u00e4hennyksist\u00e4<\/span><svg aria-hidden=\"true\" class=\"fa-toggle e-font-icon-svg e-fas-angle-right\" viewbox=\"0 0 256 512\" xmlns=\"http:\/\/www.w3.org\/2000\/svg\"><path d=\"M224.3 273l-136 136c-9.4 9.4-24.6 9.4-33.9 0l-22.6-22.6c-9.4-9.4-9.4-24.6 0-33.9l96.4-96.4-96.4-96.4c-9.4-9.4-9.4-24.6 0-33.9L54.3 103c9.4-9.4 24.6-9.4 33.9 0l136 136c9.5 9.4 9.5 24.6.1 34z\"><\/path><\/svg><\/div><div id=\"elementor-tab-content-1914\" class=\"eael-accordion-content clearfix\" data-tab=\"4\" aria-labelledby=\"tietoa-palveluseteleist-ja-verovhennyksist\"><p>Kyll\u00e4! Hyv\u00e4ksymme kunnalliset palvelusetelit kelpoisuusehdot t\u00e4ytt\u00e4ville asiakkaille, riippuen kaupunkisi tai kuntasi ohjeista. Jos sinulla on palveluseteli, ilmoita siit\u00e4 varauksen yhteydess\u00e4, niin opastamme sinut prosessin l\u00e4pi.<\/p><p>Lis\u00e4ksi palvelumme ovat usein oikeutettuja kotitalousv\u00e4hennysveron hyvitykseen Suomessa. T\u00e4m\u00e4 tarkoittaa, ett\u00e4 voit ehk\u00e4 v\u00e4hent\u00e4\u00e4 osan palvelukustannuksista veroistasi. Suosittelemme, ett\u00e4 varmistat kelpoisuutesi Verohallinnolta tai kirjanpit\u00e4j\u00e4lt\u00e4si.<\/p><p>Jos sinulla on kysytt\u00e4v\u00e4\u00e4 jommankumman vaihtoehdon toiminnasta, autamme mielell\u00e4mme!<\/p><\/div>\n\t\t\t\t\t<\/div><\/div>\t\t\t\t<\/div>\n\t\t\t\t<\/div>\n\t\t\t\t\t<\/div>\n\t\t<\/div>\n\t\t\t\t\t<\/div>\n\t\t<\/section>\n\t\t\t\t<\/div>","protected":false},"excerpt":{"rendered":"<p>FAQ sivu Onko kysytt\u00e4v\u00e4\u00e4? Meill\u00e4 on vastauksia! Usein kysytyt kysymykset Miten rekister\u00f6ity\u00e4 palveluihin? Voit rekister\u00f6ity\u00e4 kahdella helpolla tavalla: Kertaluonteisia tai [&hellip;]<\/p>\n","protected":false},"author":55,"featured_media":0,"parent":0,"menu_order":0,"comment_status":"closed","ping_status":"closed","template":"","meta":{"site-sidebar-layout":"no-sidebar","site-content-layout":"","ast-site-content-layout":"full-width-container","site-content-style":"default","site-sidebar-style":"default","ast-global-header-display":"","ast-banner-title-visibility":"","ast-main-header-display":"","ast-hfb-above-header-display":"","ast-hfb-below-header-display":"","ast-hfb-mobile-header-display":"","site-post-title":"disabled","ast-breadcrumbs-content":"","ast-featured-img":"disabled","footer-sml-layout":"","ast-disable-related-posts":"","theme-transparent-header-meta":"","adv-header-id-meta":"","stick-header-meta":"","header-above-stick-meta":"","header-main-stick-meta":"","header-below-stick-meta":"","astra-migrate-meta-layouts":"default","ast-page-background-enabled":"default","ast-page-background-meta":{"desktop":{"background-color":"var(--ast-global-color-5)","background-image":"","background-repeat":"repeat","background-position":"center center","background-size":"auto","background-attachment":"scroll","background-type":"","background-media":"","overlay-type":"","overlay-color":"","overlay-opacity":"","overlay-gradient":""},"tablet":{"background-color":"","background-image":"","background-repeat":"repeat","background-position":"center center","background-size":"auto","background-attachment":"scroll","background-type":"","background-media":"","overlay-type":"","overlay-color":"","overlay-opacity":"","overlay-gradient":""},"mobile":{"background-color":"","background-image":"","background-repeat":"repeat","background-position":"center center","background-size":"auto","background-attachment":"scroll","background-type":"","background-media":"","overlay-type":"","overlay-color":"","overlay-opacity":"","overlay-gradient":""}},"ast-content-background-meta":{"desktop":{"background-color":"var(--ast-global-color-4)","background-image":"","background-repeat":"repeat","background-position":"center center","background-size":"auto","background-attachment":"scroll","background-type":"","background-media":"","overlay-type":"","overlay-color":"","overlay-opacity":"","overlay-gradient":""},"tablet":{"background-color":"var(--ast-global-color-4)","background-image":"","background-repeat":"repeat","background-position":"center center","background-size":"auto","background-attachment":"scroll","background-type":"","background-media":"","overlay-type":"","overlay-color":"","overlay-opacity":"","overlay-gradient":""},"mobile":{"background-color":"var(--ast-global-color-4)","background-image":"","background-repeat":"repeat","background-position":"center center","background-size":"auto","background-attachment":"scroll","background-type":"","background-media":"","overlay-type":"","overlay-color":"","overlay-opacity":"","overlay-gradient":""}},"jetpack_post_was_ever_published":false,"footnotes":""},"class_list":["post-2458","page","type-page","status-publish","hentry"],"yoast_head":"<!-- This site is optimized with the Yoast SEO plugin v27.5 - https:\/\/yoast.com\/product\/yoast-seo-wordpress\/ -->\n<title>FAQ -<\/title>\n<meta name=\"robots\" content=\"index, follow, max-snippet:-1, max-image-preview:large, max-video-preview:-1\" \/>\n<link rel=\"canonical\" href=\"https:\/\/www.omegayksi.fi\/sv\/faq-2\/\" \/>\n<meta property=\"og:locale\" content=\"sv_SE\" \/>\n<meta property=\"og:type\" content=\"article\" \/>\n<meta property=\"og:title\" content=\"FAQ -\" \/>\n<meta property=\"og:description\" content=\"FAQ sivu Onko kysytt\u00e4v\u00e4\u00e4? Meill\u00e4 on vastauksia! Usein kysytyt kysymykset Miten rekister\u00f6ity\u00e4 palveluihin? Voit rekister\u00f6ity\u00e4 kahdella helpolla tavalla: Kertaluonteisia tai [&hellip;]\" \/>\n<meta property=\"og:url\" content=\"https:\/\/www.omegayksi.fi\/sv\/faq-2\/\" \/>\n<meta property=\"article:publisher\" content=\"https:\/\/www.facebook.com\/profile.php?id=100094279863502\" \/>\n<meta property=\"article:modified_time\" content=\"2025-06-04T07:13:23+00:00\" \/>\n<meta name=\"twitter:card\" content=\"summary_large_image\" \/>\n<meta name=\"twitter:label1\" content=\"Ber\u00e4knad l\u00e4stid\" \/>\n\t<meta name=\"twitter:data1\" content=\"1 minut\" \/>\n<script type=\"application\/ld+json\" class=\"yoast-schema-graph\">{\"@context\":\"https:\\\/\\\/schema.org\",\"@graph\":[{\"@type\":\"WebPage\",\"@id\":\"https:\\\/\\\/www.omegayksi.fi\\\/sv\\\/faq-2\\\/\",\"url\":\"https:\\\/\\\/www.omegayksi.fi\\\/sv\\\/faq-2\\\/\",\"name\":\"FAQ -\",\"isPartOf\":{\"@id\":\"http:\\\/\\\/www.omegayksi.fi\\\/#website\"},\"datePublished\":\"2025-06-04T07:12:19+00:00\",\"dateModified\":\"2025-06-04T07:13:23+00:00\",\"breadcrumb\":{\"@id\":\"https:\\\/\\\/www.omegayksi.fi\\\/sv\\\/faq-2\\\/#breadcrumb\"},\"inLanguage\":\"sv-SE\",\"potentialAction\":[{\"@type\":\"ReadAction\",\"target\":[\"https:\\\/\\\/www.omegayksi.fi\\\/sv\\\/faq-2\\\/\"]}]},{\"@type\":\"BreadcrumbList\",\"@id\":\"https:\\\/\\\/www.omegayksi.fi\\\/sv\\\/faq-2\\\/#breadcrumb\",\"itemListElement\":[{\"@type\":\"ListItem\",\"position\":1,\"name\":\"Home\",\"item\":\"http:\\\/\\\/www.omegayksi.fi\\\/\"},{\"@type\":\"ListItem\",\"position\":2,\"name\":\"FAQ\"}]},{\"@type\":\"WebSite\",\"@id\":\"http:\\\/\\\/www.omegayksi.fi\\\/#website\",\"url\":\"http:\\\/\\\/www.omegayksi.fi\\\/\",\"name\":\"Omegayksi Oy\",\"description\":\"Laadukasta palvelua suurella syd&auml;mell&auml;\",\"publisher\":{\"@id\":\"http:\\\/\\\/www.omegayksi.fi\\\/#organization\"},\"potentialAction\":[{\"@type\":\"SearchAction\",\"target\":{\"@type\":\"EntryPoint\",\"urlTemplate\":\"http:\\\/\\\/www.omegayksi.fi\\\/?s={search_term_string}\"},\"query-input\":{\"@type\":\"PropertyValueSpecification\",\"valueRequired\":true,\"valueName\":\"search_term_string\"}}],\"inLanguage\":\"sv-SE\"},{\"@type\":\"Organization\",\"@id\":\"http:\\\/\\\/www.omegayksi.fi\\\/#organization\",\"name\":\"Omegayksi Oy\",\"url\":\"http:\\\/\\\/www.omegayksi.fi\\\/\",\"logo\":{\"@type\":\"ImageObject\",\"inLanguage\":\"sv-SE\",\"@id\":\"http:\\\/\\\/www.omegayksi.fi\\\/#\\\/schema\\\/logo\\\/image\\\/\",\"url\":\"http:\\\/\\\/www.omegayksi.fi\\\/wp-content\\\/uploads\\\/2022\\\/07\\\/cropped-cropped-cropped-Omegayksi-photomod3-1.png\",\"contentUrl\":\"http:\\\/\\\/www.omegayksi.fi\\\/wp-content\\\/uploads\\\/2022\\\/07\\\/cropped-cropped-cropped-Omegayksi-photomod3-1.png\",\"width\":1600,\"height\":929,\"caption\":\"Omegayksi Oy\"},\"image\":{\"@id\":\"http:\\\/\\\/www.omegayksi.fi\\\/#\\\/schema\\\/logo\\\/image\\\/\"},\"sameAs\":[\"https:\\\/\\\/www.facebook.com\\\/profile.php?id=100094279863502\"]}]}<\/script>\n<!-- \/ Yoast SEO plugin. -->","yoast_head_json":{"title":"FAQ -","robots":{"index":"index","follow":"follow","max-snippet":"max-snippet:-1","max-image-preview":"max-image-preview:large","max-video-preview":"max-video-preview:-1"},"canonical":"https:\/\/www.omegayksi.fi\/sv\/faq-2\/","og_locale":"sv_SE","og_type":"article","og_title":"FAQ -","og_description":"FAQ sivu Onko kysytt\u00e4v\u00e4\u00e4? Meill\u00e4 on vastauksia! Usein kysytyt kysymykset Miten rekister\u00f6ity\u00e4 palveluihin? Voit rekister\u00f6ity\u00e4 kahdella helpolla tavalla: Kertaluonteisia tai [&hellip;]","og_url":"https:\/\/www.omegayksi.fi\/sv\/faq-2\/","article_publisher":"https:\/\/www.facebook.com\/profile.php?id=100094279863502","article_modified_time":"2025-06-04T07:13:23+00:00","twitter_card":"summary_large_image","twitter_misc":{"Ber\u00e4knad l\u00e4stid":"1 minut"},"schema":{"@context":"https:\/\/schema.org","@graph":[{"@type":"WebPage","@id":"https:\/\/www.omegayksi.fi\/sv\/faq-2\/","url":"https:\/\/www.omegayksi.fi\/sv\/faq-2\/","name":"FAQ -","isPartOf":{"@id":"http:\/\/www.omegayksi.fi\/#website"},"datePublished":"2025-06-04T07:12:19+00:00","dateModified":"2025-06-04T07:13:23+00:00","breadcrumb":{"@id":"https:\/\/www.omegayksi.fi\/sv\/faq-2\/#breadcrumb"},"inLanguage":"sv-SE","potentialAction":[{"@type":"ReadAction","target":["https:\/\/www.omegayksi.fi\/sv\/faq-2\/"]}]},{"@type":"BreadcrumbList","@id":"https:\/\/www.omegayksi.fi\/sv\/faq-2\/#breadcrumb","itemListElement":[{"@type":"ListItem","position":1,"name":"Home","item":"http:\/\/www.omegayksi.fi\/"},{"@type":"ListItem","position":2,"name":"FAQ"}]},{"@type":"WebSite","@id":"http:\/\/www.omegayksi.fi\/#website","url":"http:\/\/www.omegayksi.fi\/","name":"Omegayksi Oy","description":"Laadukasta palvelua suurella syd&auml;mell&auml;","publisher":{"@id":"http:\/\/www.omegayksi.fi\/#organization"},"potentialAction":[{"@type":"SearchAction","target":{"@type":"EntryPoint","urlTemplate":"http:\/\/www.omegayksi.fi\/?s={search_term_string}"},"query-input":{"@type":"PropertyValueSpecification","valueRequired":true,"valueName":"search_term_string"}}],"inLanguage":"sv-SE"},{"@type":"Organization","@id":"http:\/\/www.omegayksi.fi\/#organization","name":"Omegayksi Oy","url":"http:\/\/www.omegayksi.fi\/","logo":{"@type":"ImageObject","inLanguage":"sv-SE","@id":"http:\/\/www.omegayksi.fi\/#\/schema\/logo\/image\/","url":"http:\/\/www.omegayksi.fi\/wp-content\/uploads\/2022\/07\/cropped-cropped-cropped-Omegayksi-photomod3-1.png","contentUrl":"http:\/\/www.omegayksi.fi\/wp-content\/uploads\/2022\/07\/cropped-cropped-cropped-Omegayksi-photomod3-1.png","width":1600,"height":929,"caption":"Omegayksi Oy"},"image":{"@id":"http:\/\/www.omegayksi.fi\/#\/schema\/logo\/image\/"},"sameAs":["https:\/\/www.facebook.com\/profile.php?id=100094279863502"]}]}},"_links":{"self":[{"href":"http:\/\/www.omegayksi.fi\/sv\/wp-json\/wp\/v2\/pages\/2458","targetHints":{"allow":["GET"]}}],"collection":[{"href":"http:\/\/www.omegayksi.fi\/sv\/wp-json\/wp\/v2\/pages"}],"about":[{"href":"http:\/\/www.omegayksi.fi\/sv\/wp-json\/wp\/v2\/types\/page"}],"author":[{"embeddable":true,"href":"http:\/\/www.omegayksi.fi\/sv\/wp-json\/wp\/v2\/users\/55"}],"replies":[{"embeddable":true,"href":"http:\/\/www.omegayksi.fi\/sv\/wp-json\/wp\/v2\/comments?post=2458"}],"version-history":[{"count":4,"href":"http:\/\/www.omegayksi.fi\/sv\/wp-json\/wp\/v2\/pages\/2458\/revisions"}],"predecessor-version":[{"id":2463,"href":"http:\/\/www.omegayksi.fi\/sv\/wp-json\/wp\/v2\/pages\/2458\/revisions\/2463"}],"wp:attachment":[{"href":"http:\/\/www.omegayksi.fi\/sv\/wp-json\/wp\/v2\/media?parent=2458"}],"curies":[{"name":"wp","href":"https:\/\/api.w.org\/{rel}","templated":true}]}}