{"id":2688,"date":"2025-06-26T14:23:38","date_gmt":"2025-06-26T11:23:38","guid":{"rendered":"https:\/\/www.omegayksi.fi\/?page_id=2688"},"modified":"2025-06-26T14:57:58","modified_gmt":"2025-06-26T11:57:58","slug":"omegayksin-kesahaastekilpailu-ja-kesakampanja-2025","status":"publish","type":"page","link":"http:\/\/www.omegayksi.fi\/sv\/omegayksin-kesahaastekilpailu-ja-kesakampanja-2025\/","title":{"rendered":"SummerChallenge2025"},"content":{"rendered":"<div data-elementor-type=\"wp-page\" data-elementor-id=\"2688\" class=\"elementor elementor-2688\">\n\t\t\t\t<div class=\"elementor-element elementor-element-4ac22806 e-flex e-con-boxed e-con e-parent\" data-id=\"4ac22806\" data-element_type=\"container\" data-e-type=\"container\">\n\t\t\t\t\t<div class=\"e-con-inner\">\n\t\t\t\t<div class=\"elementor-element elementor-element-293aa036 elementor-widget elementor-widget-text-editor\" data-id=\"293aa036\" data-element_type=\"widget\" data-e-type=\"widget\" data-widget_type=\"text-editor.default\">\n\t\t\t\t<div class=\"elementor-widget-container\">\n\t\t\t\t\t\t\t\t\t<figure class=\"wp-block-image aligncenter size-large\"><img fetchpriority=\"high\" decoding=\"async\" width=\"1024\" height=\"535\" class=\"wp-image-2689\" src=\"https:\/\/www.omegayksi.fi\/wp-content\/uploads\/2025\/06\/AlekampanjaAd1-2-1024x535.jpg\" alt=\"SummerChallenge2025\" srcset=\"http:\/\/www.omegayksi.fi\/wp-content\/uploads\/2025\/06\/AlekampanjaAd1-2-1024x535.jpg 1024w, http:\/\/www.omegayksi.fi\/wp-content\/uploads\/2025\/06\/AlekampanjaAd1-2-300x157.jpg 300w, http:\/\/www.omegayksi.fi\/wp-content\/uploads\/2025\/06\/AlekampanjaAd1-2-768x401.jpg 768w, http:\/\/www.omegayksi.fi\/wp-content\/uploads\/2025\/06\/AlekampanjaAd1-2-18x9.jpg 18w, http:\/\/www.omegayksi.fi\/wp-content\/uploads\/2025\/06\/AlekampanjaAd1-2-600x314.jpg 600w, http:\/\/www.omegayksi.fi\/wp-content\/uploads\/2025\/06\/AlekampanjaAd1-2.jpg 1200w\" sizes=\"(max-width: 1024px) 100vw, 1024px\" \/><\/figure>\n<p><!-- \/wp:image --><!-- wp:heading --><\/p>\n<h2 class=\"wp-block-heading\">&nbsp;Omegayksin Kes\u00e4haaste 2025 on t\u00e4\u00e4ll\u00e4!&nbsp;<\/h2>\n<p><!-- \/wp:heading --><!-- wp:paragraph --><\/p>\n<p><b><u>Tutustu my\u00f6s kes\u00e4kampanjaamme!<\/u><\/b><\/p>\n<p><strong>Naurata meit\u00e4 \u2013 ja tienaa rahaa!<\/strong><\/p>\n<p><!-- \/wp:paragraph --><!-- wp:paragraph --><\/p>\n<p>Onko sinussa kes\u00e4n koomikkoa? Osaatko k\u00e4\u00e4nt\u00e4\u00e4 stressin hauskaksi hetkeksi?<br><strong>Osallistu Omegayksin Kes\u00e4haasteeseen<\/strong> ja n\u00e4yt\u00e4 paras otoksesi ihmisest\u00e4, joka on aivan loppu \u2013 ja selv\u00e4sti tarvitsee Omegayksin apua. \ud83d\ude05<\/p>\n<p><!-- \/wp:paragraph --><!-- wp:heading {\"level\":3} --><\/p>\n<h3 class=\"wp-block-heading\">\ud83c\udfac Mik\u00e4 on haaste?<\/h3>\n<p><!-- \/wp:heading --><!-- wp:paragraph --><\/p>\n<p>Kuvaa lyhyt ja hauska video v\u00e4syneest\u00e4, stressaantuneesta ihmisest\u00e4. Mit\u00e4 luovempi ja osuvampi, sit\u00e4 parempi!<\/p>\n<p><!-- \/wp:paragraph --><!-- wp:heading {\"level\":3} --><\/p>\n<h3 class=\"wp-block-heading\">\ud83d\udcb0 Mit\u00e4 voit voittaa?<\/h3>\n<p><!-- \/wp:heading --><!-- wp:list --><\/p>\n<ul class=\"wp-block-list\">\n<li style=\"list-style-type: none;\">\n<ul class=\"wp-block-list\"><!-- wp:list-item --><\/ul>\n<\/li>\n<\/ul>\n<ul class=\"wp-block-list\">\n<li style=\"list-style-type: none;\">\n<ul class=\"wp-block-list\">\n<li><strong>50 \u20ac<\/strong> jokaisesta valitusta videosta<\/li>\n<\/ul>\n<\/li>\n<\/ul>\n<p><!-- \/wp:list-item --><!-- wp:list-item --><\/p>\n<ul class=\"wp-block-list\">\n<li style=\"list-style-type: none;\">\n<ul class=\"wp-block-list\">\n<li><strong>+2 \u20ac<\/strong> joka kerta, kun videota jaetaan!<\/li>\n<\/ul>\n<\/li>\n<\/ul>\n<p><!-- \/wp:list-item --><\/p>\n<p><!-- \/wp:list --><!-- wp:paragraph --><\/p>\n<p>Valitsemme <strong>5 voittajaa<\/strong> seuraavien kriteerien perusteella:<\/p>\n<p><!-- \/wp:paragraph --><!-- wp:list {\"ordered\":true} --><\/p>\n<ol class=\"wp-block-list\">\n<li style=\"list-style-type: none;\">\n<ol class=\"wp-block-list\"><!-- wp:list-item --><\/ol>\n<\/li>\n<\/ol>\n<ol class=\"wp-block-list\">\n<li style=\"list-style-type: none;\">\n<ol class=\"wp-block-list\">\n<li><strong>Tykk\u00e4ykset ja jaot<\/strong><\/li>\n<\/ol>\n<\/li>\n<\/ol>\n<p><!-- \/wp:list-item --><!-- wp:list-item --><\/p>\n<ol class=\"wp-block-list\">\n<li style=\"list-style-type: none;\">\n<ol class=\"wp-block-list\">\n<li><strong>Luovuus ja huumori<\/strong><\/li>\n<\/ol>\n<\/li>\n<\/ol>\n<p><!-- \/wp:list-item --><!-- wp:list-item --><\/p>\n<ol class=\"wp-block-list\">\n<li style=\"list-style-type: none;\">\n<ol class=\"wp-block-list\">\n<li><strong>Kuinka hyvin noudatat s\u00e4\u00e4nt\u00f6j\u00e4<\/strong><\/li>\n<\/ol>\n<\/li>\n<\/ol>\n<p><!-- \/wp:list-item --><\/p>\n<p><!-- \/wp:list --><!-- wp:heading {\"level\":3} --><\/p>\n<h3 class=\"wp-block-heading\">\ud83d\udcc5 T\u00e4rke\u00e4t p\u00e4iv\u00e4m\u00e4\u00e4r\u00e4t<\/h3>\n<p><!-- \/wp:heading --><!-- wp:paragraph --><\/p>\n<p>Haaste on k\u00e4ynniss\u00e4 <strong>20.6.\u20134.7.2025<\/strong><br>Voittajat julkistetaan pian haasteen p\u00e4\u00e4tytty\u00e4.<\/p>\n<p><!-- \/wp:paragraph --><!-- wp:separator --><\/p>\n<hr class=\"wp-block-separator has-alpha-channel-opacity\">\n<p><!-- \/wp:separator --><!-- wp:heading {\"level\":3} --><\/p>\n<h3 class=\"wp-block-heading\">\u2705 N\u00e4in osallistut:<\/h3>\n<p><!-- \/wp:heading --><!-- wp:list {\"ordered\":true} --><\/p>\n<ol class=\"wp-block-list\">\n<li style=\"list-style-type: none;\">\n<ol class=\"wp-block-list\"><!-- wp:list-item --><\/ol>\n<\/li>\n<\/ol>\n<ol class=\"wp-block-list\">\n<li style=\"list-style-type: none;\">\n<ol class=\"wp-block-list\">\n<li>\ud83c\udfa5 Kuvaa lyhyt videop\u00e4tk\u00e4 (ole luova ja hauska!)<\/li>\n<\/ol>\n<\/li>\n<\/ol>\n<p><!-- \/wp:list-item --><!-- wp:list-item --><\/p>\n<ol class=\"wp-block-list\">\n<li style=\"list-style-type: none;\">\n<ol class=\"wp-block-list\">\n<li>\ud83d\udcf1 Julkaise se <strong>omassa sosiaalisessa mediassasi (Tiktok, Instagram, Facebook)<\/strong><\/li>\n<\/ol>\n<\/li>\n<\/ol>\n<p><!-- \/wp:list-item --><!-- wp:list-item --><\/p>\n<ol class=\"wp-block-list\">\n<li style=\"list-style-type: none;\">\n<ol class=\"wp-block-list\">\n<li>\ud83c\udff7\ufe0f Merkitse meid\u00e4t <strong>@Omegayksi<\/strong><\/li>\n<\/ol>\n<\/li>\n<\/ol>\n<p><!-- \/wp:list-item --><\/p>\n<p><!-- \/wp:list --><!-- wp:paragraph --><\/p>\n<p><strong>HUOM:<\/strong> Kilpailuun voivat osallistua vain <strong>Suomessa asuvat henkil\u00f6t<\/strong>.<\/p>\n<p><!-- \/wp:paragraph --><!-- wp:separator --><\/p>\n<hr class=\"wp-block-separator has-alpha-channel-opacity\">\n<p><!-- \/wp:separator --><!-- wp:paragraph --><\/p>\n<p>Oletko valmis k\u00e4\u00e4nt\u00e4m\u00e4\u00e4n stressin seteleiksi?<br>Aloita kuvaaminen, merkitse meid\u00e4t \u2013 ja pidet\u00e4\u00e4n hauskaa kes\u00e4ll\u00e4! \u2600\ufe0f\ud83e\udd11<\/p>\n<p><!-- \/wp:paragraph --><\/p>\t\t\t\t\t\t\t\t<\/div>\n\t\t\t\t<\/div>\n\t\t\t\t<div class=\"elementor-element elementor-element-530133d elementor-widget elementor-widget-text-editor\" data-id=\"530133d\" data-element_type=\"widget\" data-e-type=\"widget\" data-widget_type=\"text-editor.default\">\n\t\t\t\t<div class=\"elementor-widget-container\">\n\t\t\t\t\t\t\t\t\t<p>Kurkkaa videomme \u2013 saat tiet\u00e4\u00e4 lis\u00e4\u00e4!<\/p>\t\t\t\t\t\t\t\t<\/div>\n\t\t\t\t<\/div>\n\t\t\t\t\t<\/div>\n\t\t\t\t<\/div>\n\t\t<div class=\"elementor-element elementor-element-18b0d5c e-con-full e-flex e-con e-parent\" data-id=\"18b0d5c\" data-element_type=\"container\" data-e-type=\"container\">\n\t\t\t\t<div class=\"elementor-element elementor-element-39af475 elementor-widget__width-initial elementor-widget elementor-widget-video\" data-id=\"39af475\" data-element_type=\"widget\" data-e-type=\"widget\" data-settings=\"{&quot;video_type&quot;:&quot;hosted&quot;,&quot;controls&quot;:&quot;yes&quot;}\" data-widget_type=\"video.default\">\n\t\t\t\t<div class=\"elementor-widget-container\">\n\t\t\t\t\t\t\t<div class=\"e-hosted-video elementor-wrapper elementor-open-inline\">\n\t\t\t\t\t<video class=\"elementor-video\" src=\"http:\/\/www.omegayksi.fi\/wp-content\/uploads\/2025\/06\/LokiMobileAd-1-1.mp4\" controls=\"\" preload=\"metadata\" controlslist=\"nodownload\"><\/video>\n\t\t\t\t<\/div>\n\t\t\t\t\t\t<\/div>\n\t\t\t\t<\/div>\n\t\t\t\t<\/div>\n\t\t\t\t<\/div>","protected":false},"excerpt":{"rendered":"<p>&nbsp;Omegayksin Kes\u00e4haaste 2025 on t\u00e4\u00e4ll\u00e4!&nbsp; Tutustu my\u00f6s kes\u00e4kampanjaamme! Naurata meit\u00e4 \u2013 ja tienaa rahaa! Onko sinussa kes\u00e4n koomikkoa? Osaatko k\u00e4\u00e4nt\u00e4\u00e4 [&hellip;]<\/p>\n","protected":false},"author":28,"featured_media":0,"parent":0,"menu_order":0,"comment_status":"closed","ping_status":"closed","template":"","meta":{"site-sidebar-layout":"default","site-content-layout":"","ast-site-content-layout":"default","site-content-style":"default","site-sidebar-style":"default","ast-global-header-display":"","ast-banner-title-visibility":"","ast-main-header-display":"","ast-hfb-above-header-display":"","ast-hfb-below-header-display":"","ast-hfb-mobile-header-display":"","site-post-title":"","ast-breadcrumbs-content":"","ast-featured-img":"","footer-sml-layout":"","ast-disable-related-posts":"","theme-transparent-header-meta":"","adv-header-id-meta":"","stick-header-meta":"","header-above-stick-meta":"","header-main-stick-meta":"","header-below-stick-meta":"","astra-migrate-meta-layouts":"default","ast-page-background-enabled":"default","ast-page-background-meta":{"desktop":{"background-color":"var(--ast-global-color-5)","background-image":"","background-repeat":"repeat","background-position":"center center","background-size":"auto","background-attachment":"scroll","background-type":"","background-media":"","overlay-type":"","overlay-color":"","overlay-opacity":"","overlay-gradient":""},"tablet":{"background-color":"","background-image":"","background-repeat":"repeat","background-position":"center center","background-size":"auto","background-attachment":"scroll","background-type":"","background-media":"","overlay-type":"","overlay-color":"","overlay-opacity":"","overlay-gradient":""},"mobile":{"background-color":"","background-image":"","background-repeat":"repeat","background-position":"center center","background-size":"auto","background-attachment":"scroll","background-type":"","background-media":"","overlay-type":"","overlay-color":"","overlay-opacity":"","overlay-gradient":""}},"ast-content-background-meta":{"desktop":{"background-color":"var(--ast-global-color-4)","background-image":"","background-repeat":"repeat","background-position":"center center","background-size":"auto","background-attachment":"scroll","background-type":"","background-media":"","overlay-type":"","overlay-color":"","overlay-opacity":"","overlay-gradient":""},"tablet":{"background-color":"var(--ast-global-color-4)","background-image":"","background-repeat":"repeat","background-position":"center center","background-size":"auto","background-attachment":"scroll","background-type":"","background-media":"","overlay-type":"","overlay-color":"","overlay-opacity":"","overlay-gradient":""},"mobile":{"background-color":"var(--ast-global-color-4)","background-image":"","background-repeat":"repeat","background-position":"center center","background-size":"auto","background-attachment":"scroll","background-type":"","background-media":"","overlay-type":"","overlay-color":"","overlay-opacity":"","overlay-gradient":""}},"jetpack_post_was_ever_published":false,"footnotes":""},"class_list":["post-2688","page","type-page","status-publish","hentry"],"yoast_head":"<!-- This site is optimized with the Yoast SEO plugin v27.5 - https:\/\/yoast.com\/product\/yoast-seo-wordpress\/ -->\n<title>SummerChallenge2025 -<\/title>\n<meta name=\"robots\" content=\"index, follow, max-snippet:-1, max-image-preview:large, max-video-preview:-1\" \/>\n<link rel=\"canonical\" href=\"http:\/\/www.omegayksi.fi\/sv\/omegayksin-kesahaastekilpailu-ja-kesakampanja-2025\/\" \/>\n<meta property=\"og:locale\" content=\"sv_SE\" \/>\n<meta property=\"og:type\" content=\"article\" \/>\n<meta property=\"og:title\" content=\"SummerChallenge2025 -\" \/>\n<meta property=\"og:description\" content=\"&nbsp;Omegayksin Kes\u00e4haaste 2025 on t\u00e4\u00e4ll\u00e4!&nbsp; Tutustu my\u00f6s kes\u00e4kampanjaamme! Naurata meit\u00e4 \u2013 ja tienaa rahaa! Onko sinussa kes\u00e4n koomikkoa? Osaatko k\u00e4\u00e4nt\u00e4\u00e4 [&hellip;]\" \/>\n<meta property=\"og:url\" content=\"http:\/\/www.omegayksi.fi\/sv\/omegayksin-kesahaastekilpailu-ja-kesakampanja-2025\/\" \/>\n<meta property=\"article:publisher\" content=\"https:\/\/www.facebook.com\/profile.php?id=100094279863502\" \/>\n<meta property=\"article:modified_time\" content=\"2025-06-26T11:57:58+00:00\" \/>\n<meta property=\"og:image\" content=\"https:\/\/www.omegayksi.fi\/wp-content\/uploads\/2025\/06\/AlekampanjaAd1-2-1024x535.jpg\" \/>\n<meta name=\"twitter:card\" content=\"summary_large_image\" \/>\n<meta name=\"twitter:label1\" content=\"Ber\u00e4knad l\u00e4stid\" \/>\n\t<meta name=\"twitter:data1\" content=\"1 minut\" \/>\n<script type=\"application\/ld+json\" class=\"yoast-schema-graph\">{\"@context\":\"https:\\\/\\\/schema.org\",\"@graph\":[{\"@type\":\"WebPage\",\"@id\":\"http:\\\/\\\/www.omegayksi.fi\\\/omegayksin-kesahaastekilpailu-ja-kesakampanja-2025\\\/\",\"url\":\"http:\\\/\\\/www.omegayksi.fi\\\/omegayksin-kesahaastekilpailu-ja-kesakampanja-2025\\\/\",\"name\":\"SummerChallenge2025 -\",\"isPartOf\":{\"@id\":\"http:\\\/\\\/www.omegayksi.fi\\\/#website\"},\"primaryImageOfPage\":{\"@id\":\"http:\\\/\\\/www.omegayksi.fi\\\/omegayksin-kesahaastekilpailu-ja-kesakampanja-2025\\\/#primaryimage\"},\"image\":{\"@id\":\"http:\\\/\\\/www.omegayksi.fi\\\/omegayksin-kesahaastekilpailu-ja-kesakampanja-2025\\\/#primaryimage\"},\"thumbnailUrl\":\"https:\\\/\\\/www.omegayksi.fi\\\/wp-content\\\/uploads\\\/2025\\\/06\\\/AlekampanjaAd1-2-1024x535.jpg\",\"datePublished\":\"2025-06-26T11:23:38+00:00\",\"dateModified\":\"2025-06-26T11:57:58+00:00\",\"breadcrumb\":{\"@id\":\"http:\\\/\\\/www.omegayksi.fi\\\/omegayksin-kesahaastekilpailu-ja-kesakampanja-2025\\\/#breadcrumb\"},\"inLanguage\":\"sv-SE\",\"potentialAction\":[{\"@type\":\"ReadAction\",\"target\":[\"http:\\\/\\\/www.omegayksi.fi\\\/omegayksin-kesahaastekilpailu-ja-kesakampanja-2025\\\/\"]}]},{\"@type\":\"ImageObject\",\"inLanguage\":\"sv-SE\",\"@id\":\"http:\\\/\\\/www.omegayksi.fi\\\/omegayksin-kesahaastekilpailu-ja-kesakampanja-2025\\\/#primaryimage\",\"url\":\"https:\\\/\\\/www.omegayksi.fi\\\/wp-content\\\/uploads\\\/2025\\\/06\\\/AlekampanjaAd1-2-1024x535.jpg\",\"contentUrl\":\"https:\\\/\\\/www.omegayksi.fi\\\/wp-content\\\/uploads\\\/2025\\\/06\\\/AlekampanjaAd1-2-1024x535.jpg\"},{\"@type\":\"BreadcrumbList\",\"@id\":\"http:\\\/\\\/www.omegayksi.fi\\\/omegayksin-kesahaastekilpailu-ja-kesakampanja-2025\\\/#breadcrumb\",\"itemListElement\":[{\"@type\":\"ListItem\",\"position\":1,\"name\":\"Home\",\"item\":\"http:\\\/\\\/www.omegayksi.fi\\\/\"},{\"@type\":\"ListItem\",\"position\":2,\"name\":\"SummerChallenge2025\"}]},{\"@type\":\"WebSite\",\"@id\":\"http:\\\/\\\/www.omegayksi.fi\\\/#website\",\"url\":\"http:\\\/\\\/www.omegayksi.fi\\\/\",\"name\":\"Omegayksi Oy\",\"description\":\"Laadukasta palvelua suurella syd&auml;mell&auml;\",\"publisher\":{\"@id\":\"http:\\\/\\\/www.omegayksi.fi\\\/#organization\"},\"potentialAction\":[{\"@type\":\"SearchAction\",\"target\":{\"@type\":\"EntryPoint\",\"urlTemplate\":\"http:\\\/\\\/www.omegayksi.fi\\\/?s={search_term_string}\"},\"query-input\":{\"@type\":\"PropertyValueSpecification\",\"valueRequired\":true,\"valueName\":\"search_term_string\"}}],\"inLanguage\":\"sv-SE\"},{\"@type\":\"Organization\",\"@id\":\"http:\\\/\\\/www.omegayksi.fi\\\/#organization\",\"name\":\"Omegayksi Oy\",\"url\":\"http:\\\/\\\/www.omegayksi.fi\\\/\",\"logo\":{\"@type\":\"ImageObject\",\"inLanguage\":\"sv-SE\",\"@id\":\"http:\\\/\\\/www.omegayksi.fi\\\/#\\\/schema\\\/logo\\\/image\\\/\",\"url\":\"http:\\\/\\\/www.omegayksi.fi\\\/wp-content\\\/uploads\\\/2022\\\/07\\\/cropped-cropped-cropped-Omegayksi-photomod3-1.png\",\"contentUrl\":\"http:\\\/\\\/www.omegayksi.fi\\\/wp-content\\\/uploads\\\/2022\\\/07\\\/cropped-cropped-cropped-Omegayksi-photomod3-1.png\",\"width\":1600,\"height\":929,\"caption\":\"Omegayksi Oy\"},\"image\":{\"@id\":\"http:\\\/\\\/www.omegayksi.fi\\\/#\\\/schema\\\/logo\\\/image\\\/\"},\"sameAs\":[\"https:\\\/\\\/www.facebook.com\\\/profile.php?id=100094279863502\"]}]}<\/script>\n<!-- \/ Yoast SEO plugin. -->","yoast_head_json":{"title":"SummerChallenge2025 -","robots":{"index":"index","follow":"follow","max-snippet":"max-snippet:-1","max-image-preview":"max-image-preview:large","max-video-preview":"max-video-preview:-1"},"canonical":"http:\/\/www.omegayksi.fi\/sv\/omegayksin-kesahaastekilpailu-ja-kesakampanja-2025\/","og_locale":"sv_SE","og_type":"article","og_title":"SummerChallenge2025 -","og_description":"&nbsp;Omegayksin Kes\u00e4haaste 2025 on t\u00e4\u00e4ll\u00e4!&nbsp; Tutustu my\u00f6s kes\u00e4kampanjaamme! Naurata meit\u00e4 \u2013 ja tienaa rahaa! Onko sinussa kes\u00e4n koomikkoa? Osaatko k\u00e4\u00e4nt\u00e4\u00e4 [&hellip;]","og_url":"http:\/\/www.omegayksi.fi\/sv\/omegayksin-kesahaastekilpailu-ja-kesakampanja-2025\/","article_publisher":"https:\/\/www.facebook.com\/profile.php?id=100094279863502","article_modified_time":"2025-06-26T11:57:58+00:00","og_image":[{"url":"https:\/\/www.omegayksi.fi\/wp-content\/uploads\/2025\/06\/AlekampanjaAd1-2-1024x535.jpg","type":"","width":"","height":""}],"twitter_card":"summary_large_image","twitter_misc":{"Ber\u00e4knad l\u00e4stid":"1 minut"},"schema":{"@context":"https:\/\/schema.org","@graph":[{"@type":"WebPage","@id":"http:\/\/www.omegayksi.fi\/omegayksin-kesahaastekilpailu-ja-kesakampanja-2025\/","url":"http:\/\/www.omegayksi.fi\/omegayksin-kesahaastekilpailu-ja-kesakampanja-2025\/","name":"SummerChallenge2025 -","isPartOf":{"@id":"http:\/\/www.omegayksi.fi\/#website"},"primaryImageOfPage":{"@id":"http:\/\/www.omegayksi.fi\/omegayksin-kesahaastekilpailu-ja-kesakampanja-2025\/#primaryimage"},"image":{"@id":"http:\/\/www.omegayksi.fi\/omegayksin-kesahaastekilpailu-ja-kesakampanja-2025\/#primaryimage"},"thumbnailUrl":"https:\/\/www.omegayksi.fi\/wp-content\/uploads\/2025\/06\/AlekampanjaAd1-2-1024x535.jpg","datePublished":"2025-06-26T11:23:38+00:00","dateModified":"2025-06-26T11:57:58+00:00","breadcrumb":{"@id":"http:\/\/www.omegayksi.fi\/omegayksin-kesahaastekilpailu-ja-kesakampanja-2025\/#breadcrumb"},"inLanguage":"sv-SE","potentialAction":[{"@type":"ReadAction","target":["http:\/\/www.omegayksi.fi\/omegayksin-kesahaastekilpailu-ja-kesakampanja-2025\/"]}]},{"@type":"ImageObject","inLanguage":"sv-SE","@id":"http:\/\/www.omegayksi.fi\/omegayksin-kesahaastekilpailu-ja-kesakampanja-2025\/#primaryimage","url":"https:\/\/www.omegayksi.fi\/wp-content\/uploads\/2025\/06\/AlekampanjaAd1-2-1024x535.jpg","contentUrl":"https:\/\/www.omegayksi.fi\/wp-content\/uploads\/2025\/06\/AlekampanjaAd1-2-1024x535.jpg"},{"@type":"BreadcrumbList","@id":"http:\/\/www.omegayksi.fi\/omegayksin-kesahaastekilpailu-ja-kesakampanja-2025\/#breadcrumb","itemListElement":[{"@type":"ListItem","position":1,"name":"Home","item":"http:\/\/www.omegayksi.fi\/"},{"@type":"ListItem","position":2,"name":"SummerChallenge2025"}]},{"@type":"WebSite","@id":"http:\/\/www.omegayksi.fi\/#website","url":"http:\/\/www.omegayksi.fi\/","name":"Omegayksi Oy","description":"Laadukasta palvelua suurella syd&auml;mell&auml;","publisher":{"@id":"http:\/\/www.omegayksi.fi\/#organization"},"potentialAction":[{"@type":"SearchAction","target":{"@type":"EntryPoint","urlTemplate":"http:\/\/www.omegayksi.fi\/?s={search_term_string}"},"query-input":{"@type":"PropertyValueSpecification","valueRequired":true,"valueName":"search_term_string"}}],"inLanguage":"sv-SE"},{"@type":"Organization","@id":"http:\/\/www.omegayksi.fi\/#organization","name":"Omegayksi Oy","url":"http:\/\/www.omegayksi.fi\/","logo":{"@type":"ImageObject","inLanguage":"sv-SE","@id":"http:\/\/www.omegayksi.fi\/#\/schema\/logo\/image\/","url":"http:\/\/www.omegayksi.fi\/wp-content\/uploads\/2022\/07\/cropped-cropped-cropped-Omegayksi-photomod3-1.png","contentUrl":"http:\/\/www.omegayksi.fi\/wp-content\/uploads\/2022\/07\/cropped-cropped-cropped-Omegayksi-photomod3-1.png","width":1600,"height":929,"caption":"Omegayksi Oy"},"image":{"@id":"http:\/\/www.omegayksi.fi\/#\/schema\/logo\/image\/"},"sameAs":["https:\/\/www.facebook.com\/profile.php?id=100094279863502"]}]}},"_links":{"self":[{"href":"http:\/\/www.omegayksi.fi\/sv\/wp-json\/wp\/v2\/pages\/2688","targetHints":{"allow":["GET"]}}],"collection":[{"href":"http:\/\/www.omegayksi.fi\/sv\/wp-json\/wp\/v2\/pages"}],"about":[{"href":"http:\/\/www.omegayksi.fi\/sv\/wp-json\/wp\/v2\/types\/page"}],"author":[{"embeddable":true,"href":"http:\/\/www.omegayksi.fi\/sv\/wp-json\/wp\/v2\/users\/28"}],"replies":[{"embeddable":true,"href":"http:\/\/www.omegayksi.fi\/sv\/wp-json\/wp\/v2\/comments?post=2688"}],"version-history":[{"count":15,"href":"http:\/\/www.omegayksi.fi\/sv\/wp-json\/wp\/v2\/pages\/2688\/revisions"}],"predecessor-version":[{"id":2720,"href":"http:\/\/www.omegayksi.fi\/sv\/wp-json\/wp\/v2\/pages\/2688\/revisions\/2720"}],"wp:attachment":[{"href":"http:\/\/www.omegayksi.fi\/sv\/wp-json\/wp\/v2\/media?parent=2688"}],"curies":[{"name":"wp","href":"https:\/\/api.w.org\/{rel}","templated":true}]}}