{"id":2946,"date":"2025-11-05T11:46:36","date_gmt":"2025-11-05T09:46:36","guid":{"rendered":"https:\/\/www.omegayksi.fi\/?page_id=2946"},"modified":"2025-11-05T11:52:40","modified_gmt":"2025-11-05T09:52:40","slug":"hyvinvointia-jaloillesi","status":"publish","type":"page","link":"http:\/\/www.omegayksi.fi\/sv\/hyvinvointia-jaloillesi\/","title":{"rendered":"Hyvinvointia jaloillesi"},"content":{"rendered":"<figure class=\"wp-block-image size-large\"><img fetchpriority=\"high\" decoding=\"async\" width=\"1024\" height=\"1024\" src=\"http:\/\/www.omegayksi.fi\/wp-content\/uploads\/2025\/11\/Hyvinvointia-2-1024x1024.png\" alt=\"Hyvinvointia jaloillesi\" class=\"wp-image-2947\" title=\"georg-arthur-pflueger-TeWwYARfcM4-unsplash\" srcset=\"http:\/\/www.omegayksi.fi\/wp-content\/uploads\/2025\/11\/Hyvinvointia-2-1024x1024.png 1024w, http:\/\/www.omegayksi.fi\/wp-content\/uploads\/2025\/11\/Hyvinvointia-2-300x300.png 300w, http:\/\/www.omegayksi.fi\/wp-content\/uploads\/2025\/11\/Hyvinvointia-2-150x150.png 150w, http:\/\/www.omegayksi.fi\/wp-content\/uploads\/2025\/11\/Hyvinvointia-2-768x768.png 768w, http:\/\/www.omegayksi.fi\/wp-content\/uploads\/2025\/11\/Hyvinvointia-2-12x12.png 12w, http:\/\/www.omegayksi.fi\/wp-content\/uploads\/2025\/11\/Hyvinvointia-2-600x600.png 600w, http:\/\/www.omegayksi.fi\/wp-content\/uploads\/2025\/11\/Hyvinvointia-2-100x100.png 100w, http:\/\/www.omegayksi.fi\/wp-content\/uploads\/2025\/11\/Hyvinvointia-2.png 1080w\" sizes=\"(max-width: 1024px) 100vw, 1024px\" \/><figcaption class=\"wp-element-caption\">Hyvinvointia jaloillesi \u2013 Jalkahoito ja jalkojen hyvinvointi<\/figcaption><\/figure>\n\n\n\n<h2 class=\"wp-block-heading\">Hyvinvointia jaloillesi \u2013 Jalkahoito ja jalkojen hyvinvointi<\/h2>\n\n\n\n<div class=\"wp-block-buttons is-layout-flex wp-block-buttons-is-layout-flex\">\n<div class=\"wp-block-button\"><a class=\"wp-block-button__link wp-element-button\" href=\"https:\/\/www.omegayksi.fi\/booking\/\">Tilaa palvelu heti<\/a><\/div>\n\n\n\n<div class=\"wp-block-button\"><a class=\"wp-block-button__link wp-element-button\" href=\"https:\/\/www.omegayksi.fi\/tilaa-maksuton-kartoituskaynti\/\">Best\u00e4ll ett gratis kartverktyg<\/a><\/div>\n<\/div>\n\n\n\n<p><strong>Anna jaloillesi ansaittua hoivaa<\/strong><\/p>\n\n\n\n<p>Jalat kantavat meit\u00e4 joka p\u00e4iv\u00e4 \u2013 siksi ne ansaitsevat parasta mahdollista hoitoa. Omegayksi tarjoaa ammattitaitoista jalkahoitoa ja rentouttavaa jalkaterapiaa, joka tukee terveytt\u00e4, hyvinvointia ja liikkuvuutta kaikissa el\u00e4m\u00e4ntilanteissa.<\/p>\n\n\n\n<p>Palvelumme sopivat kaikille, mutta erityisesti niille, joilla on kuivia jalkoja, kovettumia, kynsiongelmia tai pitk\u00e4aikaisia sairauksia kuten diabetes ja reuma.<\/p>\n\n\n\n<p><strong>Palvelumme sis\u00e4lt\u00e4v\u00e4t:<\/strong><\/p>\n\n\n\n<ul class=\"wp-block-list\">\n<li>Jalkojen ja kynsien hoito<\/li>\n\n\n\n<li>Kovettumien, k\u00e4nsien ja sis\u00e4\u00e4n kasvaneiden kynsien hoito<\/li>\n\n\n\n<li>Jalkahieronta ja omahoidon ohjaus<\/li>\n<\/ul>\n\n\n\n<p><strong>Erikoisosaamista<\/strong><\/p>\n\n\n\n<ul class=\"wp-block-list\">\n<li>Diabeetikkojen ja reumaatikkojen jalkojen hoito<\/li>\n\n\n\n<li>Yksil\u00f6lliset tukipohjalliset ja omahoidon ohjaus<\/li>\n\n\n\n<li>Jalkahieronta ja rentouttava hoitokokemus<\/li>\n<\/ul>\n\n\n\n<h4 class=\"wp-block-heading\"><strong>Hinnasto<\/strong><\/h4>\n\n\n\n<ul class=\"wp-block-list\">\n<li><strong>Perinteinen jalkahoito:<\/strong> 70 \u20ac \/ 50 min<br><em>(el\u00e4kel\u00e4isille 60 \u20ac)<\/em><\/li>\n\n\n\n<li><strong>Laajempi jalkahoito:<\/strong> 90 \u20ac \/ 75 min<br><em>(el\u00e4kel\u00e4isille 75 \u20ac)<\/em><\/li>\n<\/ul>\n\n\n\n<p>Palvelu on <strong>kotitalousv\u00e4hennyskelpoinen<\/strong>, joten saat osan kustannuksista takaisin verotuksessa.<\/p>\n\n\n\n<p><strong>Ota yhteytt\u00e4 jo t\u00e4n\u00e4\u00e4n ja varaa maksuton kartoitusk\u00e4ynti.<\/strong><\/p>\n\n\n\n<!-- Groweo SmartBot & Form - Palvelut -->\n\n<script src=\"https:\/\/engine.groweo.com\/bot\/script4.js\"><\/script>\n<script src=\"https:\/\/engine.groweo.com\/smartBlock\/script.js\"><\/script>\n<iframe id=\"659415fdcf7d362921cc45f8-653781883aea5636f0b2468c-inpage\" \n    src=\"https:\/\/engine.groweo.com\/smartBlock\/?url=https:\/\/engine.groweo.com\/api\/653781883aea5636f0b2468c\/659415fdcf7d362921cc45f8&#038;publishUrl=https:\/\/engine.groweo.com\/api\/session\/response&#038;workspaceId=653781883aea5636f0b2468c&#038;moduleId=659415fdcf7d362921cc45f8&#038;inPage=true&#038;isPreview=false&#038;language=fi\" \n    height=\"100%\" width=\"100%\" frameborder=\"0\" scrolling=\"auto\">\n<\/iframe>\n\n<!-- End of Groweo SmartBot & Form - Palvelut -->","protected":false},"excerpt":{"rendered":"<p>Hyvinvointia jaloillesi \u2013 Jalkahoito ja jalkojen hyvinvointi Anna jaloillesi ansaittua hoivaa Jalat kantavat meit\u00e4 joka p\u00e4iv\u00e4 \u2013 siksi ne ansaitsevat [&hellip;]<\/p>\n","protected":false},"author":1,"featured_media":0,"parent":0,"menu_order":0,"comment_status":"closed","ping_status":"closed","template":"","meta":{"site-sidebar-layout":"default","site-content-layout":"","ast-site-content-layout":"default","site-content-style":"default","site-sidebar-style":"default","ast-global-header-display":"","ast-banner-title-visibility":"","ast-main-header-display":"","ast-hfb-above-header-display":"","ast-hfb-below-header-display":"","ast-hfb-mobile-header-display":"","site-post-title":"","ast-breadcrumbs-content":"","ast-featured-img":"","footer-sml-layout":"","ast-disable-related-posts":"","theme-transparent-header-meta":"","adv-header-id-meta":"","stick-header-meta":"","header-above-stick-meta":"","header-main-stick-meta":"","header-below-stick-meta":"","astra-migrate-meta-layouts":"default","ast-page-background-enabled":"default","ast-page-background-meta":{"desktop":{"background-color":"var(--ast-global-color-5)","background-image":"","background-repeat":"repeat","background-position":"center center","background-size":"auto","background-attachment":"scroll","background-type":"","background-media":"","overlay-type":"","overlay-color":"","overlay-opacity":"","overlay-gradient":""},"tablet":{"background-color":"","background-image":"","background-repeat":"repeat","background-position":"center center","background-size":"auto","background-attachment":"scroll","background-type":"","background-media":"","overlay-type":"","overlay-color":"","overlay-opacity":"","overlay-gradient":""},"mobile":{"background-color":"","background-image":"","background-repeat":"repeat","background-position":"center center","background-size":"auto","background-attachment":"scroll","background-type":"","background-media":"","overlay-type":"","overlay-color":"","overlay-opacity":"","overlay-gradient":""}},"ast-content-background-meta":{"desktop":{"background-color":"var(--ast-global-color-4)","background-image":"","background-repeat":"repeat","background-position":"center center","background-size":"auto","background-attachment":"scroll","background-type":"","background-media":"","overlay-type":"","overlay-color":"","overlay-opacity":"","overlay-gradient":""},"tablet":{"background-color":"var(--ast-global-color-4)","background-image":"","background-repeat":"repeat","background-position":"center center","background-size":"auto","background-attachment":"scroll","background-type":"","background-media":"","overlay-type":"","overlay-color":"","overlay-opacity":"","overlay-gradient":""},"mobile":{"background-color":"var(--ast-global-color-4)","background-image":"","background-repeat":"repeat","background-position":"center center","background-size":"auto","background-attachment":"scroll","background-type":"","background-media":"","overlay-type":"","overlay-color":"","overlay-opacity":"","overlay-gradient":""}},"jetpack_post_was_ever_published":false,"footnotes":""},"class_list":["post-2946","page","type-page","status-publish","hentry"],"yoast_head":"<!-- This site is optimized with the Yoast SEO plugin v27.5 - https:\/\/yoast.com\/product\/yoast-seo-wordpress\/ -->\n<title>Hyvinvointia - Jalkahoito- kotipalvelu - Espoo - Turku - home nursing<\/title>\n<meta name=\"description\" content=\"Ammattimainen jalkahoito ja jalkaterapia Espoossa ja Turussa. Hoidamme kovettumat, kynnet ja diabeetikkojen jalat hell\u00e4varaisesti. Varaa aika Omegayksilt\u00e4 jo t\u00e4n\u00e4\u00e4n!\" \/>\n<meta name=\"robots\" content=\"index, follow, max-snippet:-1, max-image-preview:large, max-video-preview:-1\" \/>\n<link rel=\"canonical\" href=\"https:\/\/www.omegayksi.fi\/sv\/hyvinvointia-jaloillesi\/\" \/>\n<meta property=\"og:locale\" content=\"sv_SE\" \/>\n<meta property=\"og:type\" content=\"article\" \/>\n<meta property=\"og:title\" content=\"Hyvinvointia - Jalkahoito- kotipalvelu - Espoo - Turku - home nursing\" \/>\n<meta property=\"og:description\" content=\"Ammattimainen jalkahoito ja jalkaterapia Espoossa ja Turussa. Hoidamme kovettumat, kynnet ja diabeetikkojen jalat hell\u00e4varaisesti. Varaa aika Omegayksilt\u00e4 jo t\u00e4n\u00e4\u00e4n!\" \/>\n<meta property=\"og:url\" content=\"https:\/\/www.omegayksi.fi\/sv\/hyvinvointia-jaloillesi\/\" \/>\n<meta property=\"article:publisher\" content=\"https:\/\/www.facebook.com\/profile.php?id=100094279863502\" \/>\n<meta property=\"article:modified_time\" content=\"2025-11-05T09:52:40+00:00\" \/>\n<meta property=\"og:image\" content=\"http:\/\/www.omegayksi.fi\/wp-content\/uploads\/2025\/11\/Hyvinvointia-2-1024x1024.png\" \/>\n<meta name=\"twitter:card\" content=\"summary_large_image\" \/>\n<meta name=\"twitter:label1\" content=\"Ber\u00e4knad l\u00e4stid\" \/>\n\t<meta name=\"twitter:data1\" content=\"2 minuter\" \/>\n<script type=\"application\/ld+json\" class=\"yoast-schema-graph\">{\"@context\":\"https:\\\/\\\/schema.org\",\"@graph\":[{\"@type\":\"WebPage\",\"@id\":\"https:\\\/\\\/www.omegayksi.fi\\\/hyvinvointia-jaloillesi\\\/\",\"url\":\"https:\\\/\\\/www.omegayksi.fi\\\/hyvinvointia-jaloillesi\\\/\",\"name\":\"Hyvinvointia - Jalkahoito- kotipalvelu - Espoo - Turku - home nursing\",\"isPartOf\":{\"@id\":\"https:\\\/\\\/www.omegayksi.fi\\\/#website\"},\"primaryImageOfPage\":{\"@id\":\"https:\\\/\\\/www.omegayksi.fi\\\/hyvinvointia-jaloillesi\\\/#primaryimage\"},\"image\":{\"@id\":\"https:\\\/\\\/www.omegayksi.fi\\\/hyvinvointia-jaloillesi\\\/#primaryimage\"},\"thumbnailUrl\":\"http:\\\/\\\/www.omegayksi.fi\\\/wp-content\\\/uploads\\\/2025\\\/11\\\/Hyvinvointia-2-1024x1024.png\",\"datePublished\":\"2025-11-05T09:46:36+00:00\",\"dateModified\":\"2025-11-05T09:52:40+00:00\",\"description\":\"Ammattimainen jalkahoito ja jalkaterapia Espoossa ja Turussa. Hoidamme kovettumat, kynnet ja diabeetikkojen jalat hell\u00e4varaisesti. Varaa aika Omegayksilt\u00e4 jo t\u00e4n\u00e4\u00e4n!\",\"breadcrumb\":{\"@id\":\"https:\\\/\\\/www.omegayksi.fi\\\/hyvinvointia-jaloillesi\\\/#breadcrumb\"},\"inLanguage\":\"sv-SE\",\"potentialAction\":[{\"@type\":\"ReadAction\",\"target\":[\"https:\\\/\\\/www.omegayksi.fi\\\/hyvinvointia-jaloillesi\\\/\"]}]},{\"@type\":\"ImageObject\",\"inLanguage\":\"sv-SE\",\"@id\":\"https:\\\/\\\/www.omegayksi.fi\\\/hyvinvointia-jaloillesi\\\/#primaryimage\",\"url\":\"http:\\\/\\\/www.omegayksi.fi\\\/wp-content\\\/uploads\\\/2025\\\/11\\\/Hyvinvointia-2-1024x1024.png\",\"contentUrl\":\"http:\\\/\\\/www.omegayksi.fi\\\/wp-content\\\/uploads\\\/2025\\\/11\\\/Hyvinvointia-2-1024x1024.png\"},{\"@type\":\"BreadcrumbList\",\"@id\":\"https:\\\/\\\/www.omegayksi.fi\\\/hyvinvointia-jaloillesi\\\/#breadcrumb\",\"itemListElement\":[{\"@type\":\"ListItem\",\"position\":1,\"name\":\"Home\",\"item\":\"https:\\\/\\\/www.omegayksi.fi\\\/\"},{\"@type\":\"ListItem\",\"position\":2,\"name\":\"Hyvinvointia jaloillesi\"}]},{\"@type\":\"WebSite\",\"@id\":\"https:\\\/\\\/www.omegayksi.fi\\\/#website\",\"url\":\"https:\\\/\\\/www.omegayksi.fi\\\/\",\"name\":\"Omegayksi Oy\",\"description\":\"Laadukasta palvelua suurella syd&auml;mell&auml;\",\"publisher\":{\"@id\":\"https:\\\/\\\/www.omegayksi.fi\\\/#organization\"},\"potentialAction\":[{\"@type\":\"SearchAction\",\"target\":{\"@type\":\"EntryPoint\",\"urlTemplate\":\"https:\\\/\\\/www.omegayksi.fi\\\/?s={search_term_string}\"},\"query-input\":{\"@type\":\"PropertyValueSpecification\",\"valueRequired\":true,\"valueName\":\"search_term_string\"}}],\"inLanguage\":\"sv-SE\"},{\"@type\":\"Organization\",\"@id\":\"https:\\\/\\\/www.omegayksi.fi\\\/#organization\",\"name\":\"Omegayksi Oy\",\"url\":\"https:\\\/\\\/www.omegayksi.fi\\\/\",\"logo\":{\"@type\":\"ImageObject\",\"inLanguage\":\"sv-SE\",\"@id\":\"https:\\\/\\\/www.omegayksi.fi\\\/#\\\/schema\\\/logo\\\/image\\\/\",\"url\":\"http:\\\/\\\/www.omegayksi.fi\\\/wp-content\\\/uploads\\\/2022\\\/07\\\/cropped-cropped-cropped-Omegayksi-photomod3-1.png\",\"contentUrl\":\"http:\\\/\\\/www.omegayksi.fi\\\/wp-content\\\/uploads\\\/2022\\\/07\\\/cropped-cropped-cropped-Omegayksi-photomod3-1.png\",\"width\":1600,\"height\":929,\"caption\":\"Omegayksi Oy\"},\"image\":{\"@id\":\"https:\\\/\\\/www.omegayksi.fi\\\/#\\\/schema\\\/logo\\\/image\\\/\"},\"sameAs\":[\"https:\\\/\\\/www.facebook.com\\\/profile.php?id=100094279863502\"]}]}<\/script>\n<!-- \/ Yoast SEO plugin. -->","yoast_head_json":{"title":"Hyvinvointia - Jalkahoito- kotipalvelu - Espoo - Turku - home nursing","description":"Ammattimainen jalkahoito ja jalkaterapia Espoossa ja Turussa. Hoidamme kovettumat, kynnet ja diabeetikkojen jalat hell\u00e4varaisesti. Varaa aika Omegayksilt\u00e4 jo t\u00e4n\u00e4\u00e4n!","robots":{"index":"index","follow":"follow","max-snippet":"max-snippet:-1","max-image-preview":"max-image-preview:large","max-video-preview":"max-video-preview:-1"},"canonical":"https:\/\/www.omegayksi.fi\/sv\/hyvinvointia-jaloillesi\/","og_locale":"sv_SE","og_type":"article","og_title":"Hyvinvointia - Jalkahoito- kotipalvelu - Espoo - Turku - home nursing","og_description":"Ammattimainen jalkahoito ja jalkaterapia Espoossa ja Turussa. Hoidamme kovettumat, kynnet ja diabeetikkojen jalat hell\u00e4varaisesti. Varaa aika Omegayksilt\u00e4 jo t\u00e4n\u00e4\u00e4n!","og_url":"https:\/\/www.omegayksi.fi\/sv\/hyvinvointia-jaloillesi\/","article_publisher":"https:\/\/www.facebook.com\/profile.php?id=100094279863502","article_modified_time":"2025-11-05T09:52:40+00:00","og_image":[{"url":"http:\/\/www.omegayksi.fi\/wp-content\/uploads\/2025\/11\/Hyvinvointia-2-1024x1024.png","type":"","width":"","height":""}],"twitter_card":"summary_large_image","twitter_misc":{"Ber\u00e4knad l\u00e4stid":"2 minuter"},"schema":{"@context":"https:\/\/schema.org","@graph":[{"@type":"WebPage","@id":"https:\/\/www.omegayksi.fi\/hyvinvointia-jaloillesi\/","url":"https:\/\/www.omegayksi.fi\/hyvinvointia-jaloillesi\/","name":"Hyvinvointia - Jalkahoito- kotipalvelu - Espoo - Turku - home nursing","isPartOf":{"@id":"https:\/\/www.omegayksi.fi\/#website"},"primaryImageOfPage":{"@id":"https:\/\/www.omegayksi.fi\/hyvinvointia-jaloillesi\/#primaryimage"},"image":{"@id":"https:\/\/www.omegayksi.fi\/hyvinvointia-jaloillesi\/#primaryimage"},"thumbnailUrl":"http:\/\/www.omegayksi.fi\/wp-content\/uploads\/2025\/11\/Hyvinvointia-2-1024x1024.png","datePublished":"2025-11-05T09:46:36+00:00","dateModified":"2025-11-05T09:52:40+00:00","description":"Ammattimainen jalkahoito ja jalkaterapia Espoossa ja Turussa. Hoidamme kovettumat, kynnet ja diabeetikkojen jalat hell\u00e4varaisesti. Varaa aika Omegayksilt\u00e4 jo t\u00e4n\u00e4\u00e4n!","breadcrumb":{"@id":"https:\/\/www.omegayksi.fi\/hyvinvointia-jaloillesi\/#breadcrumb"},"inLanguage":"sv-SE","potentialAction":[{"@type":"ReadAction","target":["https:\/\/www.omegayksi.fi\/hyvinvointia-jaloillesi\/"]}]},{"@type":"ImageObject","inLanguage":"sv-SE","@id":"https:\/\/www.omegayksi.fi\/hyvinvointia-jaloillesi\/#primaryimage","url":"http:\/\/www.omegayksi.fi\/wp-content\/uploads\/2025\/11\/Hyvinvointia-2-1024x1024.png","contentUrl":"http:\/\/www.omegayksi.fi\/wp-content\/uploads\/2025\/11\/Hyvinvointia-2-1024x1024.png"},{"@type":"BreadcrumbList","@id":"https:\/\/www.omegayksi.fi\/hyvinvointia-jaloillesi\/#breadcrumb","itemListElement":[{"@type":"ListItem","position":1,"name":"Home","item":"https:\/\/www.omegayksi.fi\/"},{"@type":"ListItem","position":2,"name":"Hyvinvointia jaloillesi"}]},{"@type":"WebSite","@id":"https:\/\/www.omegayksi.fi\/#website","url":"https:\/\/www.omegayksi.fi\/","name":"Omegayksi Oy","description":"Laadukasta palvelua suurella syd&auml;mell&auml;","publisher":{"@id":"https:\/\/www.omegayksi.fi\/#organization"},"potentialAction":[{"@type":"SearchAction","target":{"@type":"EntryPoint","urlTemplate":"https:\/\/www.omegayksi.fi\/?s={search_term_string}"},"query-input":{"@type":"PropertyValueSpecification","valueRequired":true,"valueName":"search_term_string"}}],"inLanguage":"sv-SE"},{"@type":"Organization","@id":"https:\/\/www.omegayksi.fi\/#organization","name":"Omegayksi Oy","url":"https:\/\/www.omegayksi.fi\/","logo":{"@type":"ImageObject","inLanguage":"sv-SE","@id":"https:\/\/www.omegayksi.fi\/#\/schema\/logo\/image\/","url":"http:\/\/www.omegayksi.fi\/wp-content\/uploads\/2022\/07\/cropped-cropped-cropped-Omegayksi-photomod3-1.png","contentUrl":"http:\/\/www.omegayksi.fi\/wp-content\/uploads\/2022\/07\/cropped-cropped-cropped-Omegayksi-photomod3-1.png","width":1600,"height":929,"caption":"Omegayksi Oy"},"image":{"@id":"https:\/\/www.omegayksi.fi\/#\/schema\/logo\/image\/"},"sameAs":["https:\/\/www.facebook.com\/profile.php?id=100094279863502"]}]}},"_links":{"self":[{"href":"http:\/\/www.omegayksi.fi\/sv\/wp-json\/wp\/v2\/pages\/2946","targetHints":{"allow":["GET"]}}],"collection":[{"href":"http:\/\/www.omegayksi.fi\/sv\/wp-json\/wp\/v2\/pages"}],"about":[{"href":"http:\/\/www.omegayksi.fi\/sv\/wp-json\/wp\/v2\/types\/page"}],"author":[{"embeddable":true,"href":"http:\/\/www.omegayksi.fi\/sv\/wp-json\/wp\/v2\/users\/1"}],"replies":[{"embeddable":true,"href":"http:\/\/www.omegayksi.fi\/sv\/wp-json\/wp\/v2\/comments?post=2946"}],"version-history":[{"count":2,"href":"http:\/\/www.omegayksi.fi\/sv\/wp-json\/wp\/v2\/pages\/2946\/revisions"}],"predecessor-version":[{"id":2951,"href":"http:\/\/www.omegayksi.fi\/sv\/wp-json\/wp\/v2\/pages\/2946\/revisions\/2951"}],"wp:attachment":[{"href":"http:\/\/www.omegayksi.fi\/sv\/wp-json\/wp\/v2\/media?parent=2946"}],"curies":[{"name":"wp","href":"https:\/\/api.w.org\/{rel}","templated":true}]}}