{"id":364,"date":"2017-01-30T11:12:53","date_gmt":"2017-01-30T09:12:53","guid":{"rendered":"http:\/\/www.omegayksi.fi\/?page_id=364"},"modified":"2025-09-10T09:29:00","modified_gmt":"2025-09-10T06:29:00","slug":"siivous","status":"publish","type":"page","link":"http:\/\/www.omegayksi.fi\/sv\/siivous\/","title":{"rendered":"Siivouspalvelu"},"content":{"rendered":"<figure class=\"wp-block-image\"><img decoding=\"async\" src=\"https:\/\/www.omegayksi.fi\/wp-content\/uploads\/2023\/03\/Untitled-design-13.png\" alt=\"Siivous\" title=\"Untitled design (13)\"\/><\/figure>\n\n\n\n<h2 class=\"wp-block-heading\">Siivouspalvelu \u2013 Puhdas koti, enemm\u00e4n aikaa sinulle<\/h2>\n\n\n\n<div class=\"wp-block-buttons is-layout-flex wp-block-buttons-is-layout-flex\">\n<div class=\"wp-block-button\"><a class=\"wp-block-button__link wp-element-button\" href=\"https:\/\/www.omegayksi.fi\/product-category\/siivous\/\">Osta siivouspalvelu verkkokaupastamme<\/a><\/div>\n\n\n\n<div class=\"wp-block-button\"><a class=\"wp-block-button__link wp-element-button\" href=\"https:\/\/www.omegayksi.fi\/tilaa-maksuton-kartoituskaynti\/\">Tilaa maksuton kartoituskaynti<\/a><\/div>\n<\/div>\n\n\n\n<hr class=\"wp-block-separator alignfull has-alpha-channel-opacity\"\/>\n\n\n\n<p>Siisti ja viihtyis\u00e4 koti luo mielenrauhaa ja helpottaa arkea. Omegayksi tarjoaa luotettavaa siivousta, joka voidaan r\u00e4\u00e4t\u00e4l\u00f6id\u00e4 juuri sinun tarpeisiisi. Voimme yhdist\u00e4\u00e4 siivouspalvelut kotihoitoon tai kotisairaanhoitoon, jolloin saat kaiken tarvitsemasi tuen yhdest\u00e4 paikasta.<\/p>\n\n\n\n<p>Siivoojamme ty\u00f6skentelev\u00e4t huolellisesti, luottamuksellisesti ja suomalaisen laadun mukaisesti. Olipa kyse s\u00e4\u00e4nn\u00f6llisest\u00e4 yll\u00e4pitosiivouksesta, muuttosiivouksesta tai toimistosiivouksesta, voit luottaa siihen, ett\u00e4 koti tai ty\u00f6tila on aina puhdas ja viihtyis\u00e4.<\/p>\n\n\n\n<p>Siivous voi sis\u00e4lt\u00e4\u00e4:<\/p>\n\n\n\n<ul class=\"wp-block-list\">\n<li>Viikoittainen yll\u00e4pitosiivous<\/li>\n\n\n\n<li>Perusteelliset siivoukset<\/li>\n\n\n\n<li>Muutto- ja loppusiivoukset<\/li>\n\n\n\n<li>Toimistosiivoukset<\/li>\n\n\n\n<li>Yhdistelm\u00e4t kotihoidon palveluiden kanssa<\/li>\n<\/ul>\n\n\n\n<p><strong>Miksi valita Omegayksi siivouspalvelu?<\/strong><\/p>\n\n\n\n<ul class=\"wp-block-list\">\n<li><strong>Luotettavuus:<\/strong> Ammattitaitoiset ja kokeneet siivoojat.<\/li>\n\n\n\n<li><strong>Mukautuvuus:<\/strong> Palvelu r\u00e4\u00e4t\u00e4l\u00f6id\u00e4\u00e4n tarpeidesi mukaan.<\/li>\n\n\n\n<li><strong>Helppous:<\/strong> Yhdist\u00e4 siivous kotihoitoon tai muihin palveluihimme.<\/li>\n\n\n\n<li><strong>Laatu:<\/strong> Huolellinen ty\u00f6skentely ja suomalainen standardi.<\/li>\n<\/ul>\n\n\n\n<p><strong>Ota yhteytt\u00e4 ja varaa kotisiivous \u2013 me tuomme puhtauden ja helppouden arkeesi.<\/strong><\/p>\n\n\n\n<!-- Groweo SmartBot & Form - Palvelut -->\n\n<script src=\"https:\/\/engine.groweo.com\/bot\/script4.js\"><\/script>\n<script src=\"https:\/\/engine.groweo.com\/smartBlock\/script.js\"><\/script>\n<iframe id=\"659415fdcf7d362921cc45f8-653781883aea5636f0b2468c-inpage\" \n    src=\"https:\/\/engine.groweo.com\/smartBlock\/?url=https:\/\/engine.groweo.com\/api\/653781883aea5636f0b2468c\/659415fdcf7d362921cc45f8&#038;publishUrl=https:\/\/engine.groweo.com\/api\/session\/response&#038;workspaceId=653781883aea5636f0b2468c&#038;moduleId=659415fdcf7d362921cc45f8&#038;inPage=true&#038;isPreview=false&#038;language=fi\" \n    height=\"100%\" width=\"100%\" frameborder=\"0\" scrolling=\"auto\">\n<\/iframe>\n\n<!-- End of Groweo SmartBot & Form - Palvelut -->","protected":false},"excerpt":{"rendered":"<p>Siivouspalvelu \u2013 Puhdas koti, enemm\u00e4n aikaa sinulle Siisti ja viihtyis\u00e4 koti luo mielenrauhaa ja helpottaa arkea. Omegayksi tarjoaa luotettavaa siivousta, [&hellip;]<\/p>\n","protected":false},"author":1,"featured_media":0,"parent":0,"menu_order":0,"comment_status":"closed","ping_status":"closed","template":"","meta":{"site-sidebar-layout":"default","site-content-layout":"","ast-site-content-layout":"default","site-content-style":"default","site-sidebar-style":"default","ast-global-header-display":"","ast-banner-title-visibility":"","ast-main-header-display":"","ast-hfb-above-header-display":"","ast-hfb-below-header-display":"","ast-hfb-mobile-header-display":"","site-post-title":"","ast-breadcrumbs-content":"","ast-featured-img":"","footer-sml-layout":"","ast-disable-related-posts":"","theme-transparent-header-meta":"","adv-header-id-meta":"","stick-header-meta":"","header-above-stick-meta":"","header-main-stick-meta":"","header-below-stick-meta":"","astra-migrate-meta-layouts":"default","ast-page-background-enabled":"default","ast-page-background-meta":{"desktop":{"background-color":"var(--ast-global-color-5)","background-image":"","background-repeat":"repeat","background-position":"center center","background-size":"auto","background-attachment":"scroll","background-type":"","background-media":"","overlay-type":"","overlay-color":"","overlay-opacity":"","overlay-gradient":""},"tablet":{"background-color":"","background-image":"","background-repeat":"repeat","background-position":"center center","background-size":"auto","background-attachment":"scroll","background-type":"","background-media":"","overlay-type":"","overlay-color":"","overlay-opacity":"","overlay-gradient":""},"mobile":{"background-color":"","background-image":"","background-repeat":"repeat","background-position":"center center","background-size":"auto","background-attachment":"scroll","background-type":"","background-media":"","overlay-type":"","overlay-color":"","overlay-opacity":"","overlay-gradient":""}},"ast-content-background-meta":{"desktop":{"background-color":"var(--ast-global-color-4)","background-image":"","background-repeat":"repeat","background-position":"center center","background-size":"auto","background-attachment":"scroll","background-type":"","background-media":"","overlay-type":"","overlay-color":"","overlay-opacity":"","overlay-gradient":""},"tablet":{"background-color":"var(--ast-global-color-4)","background-image":"","background-repeat":"repeat","background-position":"center center","background-size":"auto","background-attachment":"scroll","background-type":"","background-media":"","overlay-type":"","overlay-color":"","overlay-opacity":"","overlay-gradient":""},"mobile":{"background-color":"var(--ast-global-color-4)","background-image":"","background-repeat":"repeat","background-position":"center center","background-size":"auto","background-attachment":"scroll","background-type":"","background-media":"","overlay-type":"","overlay-color":"","overlay-opacity":"","overlay-gradient":""}},"jetpack_post_was_ever_published":false,"footnotes":""},"class_list":["post-364","page","type-page","status-publish","hentry"],"yoast_head":"<!-- This site is optimized with the Yoast SEO plugin v27.5 - https:\/\/yoast.com\/product\/yoast-seo-wordpress\/ -->\n<title>Siivous - Kotisiivous - Toimitilasiivous<\/title>\n<meta name=\"description\" content=\"Omegayksi tarjoaa luotettavaa siivousta Espoossa ja Turussa. Puhdas koti ja joustava palvelu \u2013 my\u00f6s toimisto- ja muuttosiivoukset.\" \/>\n<meta name=\"robots\" content=\"index, follow, max-snippet:-1, max-image-preview:large, max-video-preview:-1\" \/>\n<link rel=\"canonical\" href=\"https:\/\/www.omegayksi.fi\/sv\/siivous\/\" \/>\n<meta property=\"og:locale\" content=\"sv_SE\" \/>\n<meta property=\"og:type\" content=\"article\" \/>\n<meta property=\"og:title\" content=\"Siivous - Kotisiivous - Toimitilasiivous\" \/>\n<meta property=\"og:description\" content=\"Omegayksi tarjoaa luotettavaa siivousta Espoossa ja Turussa. Puhdas koti ja joustava palvelu \u2013 my\u00f6s toimisto- ja muuttosiivoukset.\" \/>\n<meta property=\"og:url\" content=\"https:\/\/www.omegayksi.fi\/sv\/siivous\/\" \/>\n<meta property=\"article:publisher\" content=\"https:\/\/www.facebook.com\/profile.php?id=100094279863502\" \/>\n<meta property=\"article:modified_time\" content=\"2025-09-10T06:29:00+00:00\" \/>\n<meta property=\"og:image\" content=\"https:\/\/www.omegayksi.fi\/wp-content\/uploads\/2023\/03\/Untitled-design-13.png\" \/>\n<meta name=\"twitter:card\" content=\"summary_large_image\" \/>\n<meta name=\"twitter:label1\" content=\"Ber\u00e4knad l\u00e4stid\" \/>\n\t<meta name=\"twitter:data1\" content=\"1 minut\" \/>\n<script type=\"application\/ld+json\" class=\"yoast-schema-graph\">{\"@context\":\"https:\\\/\\\/schema.org\",\"@graph\":[{\"@type\":\"WebPage\",\"@id\":\"https:\\\/\\\/www.omegayksi.fi\\\/siivous\\\/\",\"url\":\"https:\\\/\\\/www.omegayksi.fi\\\/siivous\\\/\",\"name\":\"Siivous - Kotisiivous - Toimitilasiivous\",\"isPartOf\":{\"@id\":\"https:\\\/\\\/www.omegayksi.fi\\\/#website\"},\"primaryImageOfPage\":{\"@id\":\"https:\\\/\\\/www.omegayksi.fi\\\/siivous\\\/#primaryimage\"},\"image\":{\"@id\":\"https:\\\/\\\/www.omegayksi.fi\\\/siivous\\\/#primaryimage\"},\"thumbnailUrl\":\"https:\\\/\\\/www.omegayksi.fi\\\/wp-content\\\/uploads\\\/2023\\\/03\\\/Untitled-design-13.png\",\"datePublished\":\"2017-01-30T09:12:53+00:00\",\"dateModified\":\"2025-09-10T06:29:00+00:00\",\"description\":\"Omegayksi tarjoaa luotettavaa siivousta Espoossa ja Turussa. Puhdas koti ja joustava palvelu \u2013 my\u00f6s toimisto- ja muuttosiivoukset.\",\"breadcrumb\":{\"@id\":\"https:\\\/\\\/www.omegayksi.fi\\\/siivous\\\/#breadcrumb\"},\"inLanguage\":\"sv-SE\",\"potentialAction\":[{\"@type\":\"ReadAction\",\"target\":[\"https:\\\/\\\/www.omegayksi.fi\\\/siivous\\\/\"]}]},{\"@type\":\"ImageObject\",\"inLanguage\":\"sv-SE\",\"@id\":\"https:\\\/\\\/www.omegayksi.fi\\\/siivous\\\/#primaryimage\",\"url\":\"https:\\\/\\\/www.omegayksi.fi\\\/wp-content\\\/uploads\\\/2023\\\/03\\\/Untitled-design-13.png\",\"contentUrl\":\"https:\\\/\\\/www.omegayksi.fi\\\/wp-content\\\/uploads\\\/2023\\\/03\\\/Untitled-design-13.png\"},{\"@type\":\"BreadcrumbList\",\"@id\":\"https:\\\/\\\/www.omegayksi.fi\\\/siivous\\\/#breadcrumb\",\"itemListElement\":[{\"@type\":\"ListItem\",\"position\":1,\"name\":\"Home\",\"item\":\"https:\\\/\\\/www.omegayksi.fi\\\/\"},{\"@type\":\"ListItem\",\"position\":2,\"name\":\"Siivouspalvelu\"}]},{\"@type\":\"WebSite\",\"@id\":\"https:\\\/\\\/www.omegayksi.fi\\\/#website\",\"url\":\"https:\\\/\\\/www.omegayksi.fi\\\/\",\"name\":\"Omegayksi Oy\",\"description\":\"Laadukasta palvelua suurella syd&auml;mell&auml;\",\"publisher\":{\"@id\":\"https:\\\/\\\/www.omegayksi.fi\\\/#organization\"},\"potentialAction\":[{\"@type\":\"SearchAction\",\"target\":{\"@type\":\"EntryPoint\",\"urlTemplate\":\"https:\\\/\\\/www.omegayksi.fi\\\/?s={search_term_string}\"},\"query-input\":{\"@type\":\"PropertyValueSpecification\",\"valueRequired\":true,\"valueName\":\"search_term_string\"}}],\"inLanguage\":\"sv-SE\"},{\"@type\":\"Organization\",\"@id\":\"https:\\\/\\\/www.omegayksi.fi\\\/#organization\",\"name\":\"Omegayksi Oy\",\"url\":\"https:\\\/\\\/www.omegayksi.fi\\\/\",\"logo\":{\"@type\":\"ImageObject\",\"inLanguage\":\"sv-SE\",\"@id\":\"https:\\\/\\\/www.omegayksi.fi\\\/#\\\/schema\\\/logo\\\/image\\\/\",\"url\":\"http:\\\/\\\/www.omegayksi.fi\\\/wp-content\\\/uploads\\\/2022\\\/07\\\/cropped-cropped-cropped-Omegayksi-photomod3-1.png\",\"contentUrl\":\"http:\\\/\\\/www.omegayksi.fi\\\/wp-content\\\/uploads\\\/2022\\\/07\\\/cropped-cropped-cropped-Omegayksi-photomod3-1.png\",\"width\":1600,\"height\":929,\"caption\":\"Omegayksi Oy\"},\"image\":{\"@id\":\"https:\\\/\\\/www.omegayksi.fi\\\/#\\\/schema\\\/logo\\\/image\\\/\"},\"sameAs\":[\"https:\\\/\\\/www.facebook.com\\\/profile.php?id=100094279863502\"]}]}<\/script>\n<!-- \/ Yoast SEO plugin. -->","yoast_head_json":{"title":"Siivous - Kotisiivous - Toimitilasiivous","description":"Omegayksi tarjoaa luotettavaa siivousta Espoossa ja Turussa. Puhdas koti ja joustava palvelu \u2013 my\u00f6s toimisto- ja muuttosiivoukset.","robots":{"index":"index","follow":"follow","max-snippet":"max-snippet:-1","max-image-preview":"max-image-preview:large","max-video-preview":"max-video-preview:-1"},"canonical":"https:\/\/www.omegayksi.fi\/sv\/siivous\/","og_locale":"sv_SE","og_type":"article","og_title":"Siivous - Kotisiivous - Toimitilasiivous","og_description":"Omegayksi tarjoaa luotettavaa siivousta Espoossa ja Turussa. Puhdas koti ja joustava palvelu \u2013 my\u00f6s toimisto- ja muuttosiivoukset.","og_url":"https:\/\/www.omegayksi.fi\/sv\/siivous\/","article_publisher":"https:\/\/www.facebook.com\/profile.php?id=100094279863502","article_modified_time":"2025-09-10T06:29:00+00:00","og_image":[{"url":"https:\/\/www.omegayksi.fi\/wp-content\/uploads\/2023\/03\/Untitled-design-13.png","type":"","width":"","height":""}],"twitter_card":"summary_large_image","twitter_misc":{"Ber\u00e4knad l\u00e4stid":"1 minut"},"schema":{"@context":"https:\/\/schema.org","@graph":[{"@type":"WebPage","@id":"https:\/\/www.omegayksi.fi\/siivous\/","url":"https:\/\/www.omegayksi.fi\/siivous\/","name":"Siivous - Kotisiivous - Toimitilasiivous","isPartOf":{"@id":"https:\/\/www.omegayksi.fi\/#website"},"primaryImageOfPage":{"@id":"https:\/\/www.omegayksi.fi\/siivous\/#primaryimage"},"image":{"@id":"https:\/\/www.omegayksi.fi\/siivous\/#primaryimage"},"thumbnailUrl":"https:\/\/www.omegayksi.fi\/wp-content\/uploads\/2023\/03\/Untitled-design-13.png","datePublished":"2017-01-30T09:12:53+00:00","dateModified":"2025-09-10T06:29:00+00:00","description":"Omegayksi tarjoaa luotettavaa siivousta Espoossa ja Turussa. Puhdas koti ja joustava palvelu \u2013 my\u00f6s toimisto- ja muuttosiivoukset.","breadcrumb":{"@id":"https:\/\/www.omegayksi.fi\/siivous\/#breadcrumb"},"inLanguage":"sv-SE","potentialAction":[{"@type":"ReadAction","target":["https:\/\/www.omegayksi.fi\/siivous\/"]}]},{"@type":"ImageObject","inLanguage":"sv-SE","@id":"https:\/\/www.omegayksi.fi\/siivous\/#primaryimage","url":"https:\/\/www.omegayksi.fi\/wp-content\/uploads\/2023\/03\/Untitled-design-13.png","contentUrl":"https:\/\/www.omegayksi.fi\/wp-content\/uploads\/2023\/03\/Untitled-design-13.png"},{"@type":"BreadcrumbList","@id":"https:\/\/www.omegayksi.fi\/siivous\/#breadcrumb","itemListElement":[{"@type":"ListItem","position":1,"name":"Home","item":"https:\/\/www.omegayksi.fi\/"},{"@type":"ListItem","position":2,"name":"Siivouspalvelu"}]},{"@type":"WebSite","@id":"https:\/\/www.omegayksi.fi\/#website","url":"https:\/\/www.omegayksi.fi\/","name":"Omegayksi Oy","description":"Laadukasta palvelua suurella syd&auml;mell&auml;","publisher":{"@id":"https:\/\/www.omegayksi.fi\/#organization"},"potentialAction":[{"@type":"SearchAction","target":{"@type":"EntryPoint","urlTemplate":"https:\/\/www.omegayksi.fi\/?s={search_term_string}"},"query-input":{"@type":"PropertyValueSpecification","valueRequired":true,"valueName":"search_term_string"}}],"inLanguage":"sv-SE"},{"@type":"Organization","@id":"https:\/\/www.omegayksi.fi\/#organization","name":"Omegayksi Oy","url":"https:\/\/www.omegayksi.fi\/","logo":{"@type":"ImageObject","inLanguage":"sv-SE","@id":"https:\/\/www.omegayksi.fi\/#\/schema\/logo\/image\/","url":"http:\/\/www.omegayksi.fi\/wp-content\/uploads\/2022\/07\/cropped-cropped-cropped-Omegayksi-photomod3-1.png","contentUrl":"http:\/\/www.omegayksi.fi\/wp-content\/uploads\/2022\/07\/cropped-cropped-cropped-Omegayksi-photomod3-1.png","width":1600,"height":929,"caption":"Omegayksi Oy"},"image":{"@id":"https:\/\/www.omegayksi.fi\/#\/schema\/logo\/image\/"},"sameAs":["https:\/\/www.facebook.com\/profile.php?id=100094279863502"]}]}},"_links":{"self":[{"href":"http:\/\/www.omegayksi.fi\/sv\/wp-json\/wp\/v2\/pages\/364","targetHints":{"allow":["GET"]}}],"collection":[{"href":"http:\/\/www.omegayksi.fi\/sv\/wp-json\/wp\/v2\/pages"}],"about":[{"href":"http:\/\/www.omegayksi.fi\/sv\/wp-json\/wp\/v2\/types\/page"}],"author":[{"embeddable":true,"href":"http:\/\/www.omegayksi.fi\/sv\/wp-json\/wp\/v2\/users\/1"}],"replies":[{"embeddable":true,"href":"http:\/\/www.omegayksi.fi\/sv\/wp-json\/wp\/v2\/comments?post=364"}],"version-history":[{"count":35,"href":"http:\/\/www.omegayksi.fi\/sv\/wp-json\/wp\/v2\/pages\/364\/revisions"}],"predecessor-version":[{"id":2829,"href":"http:\/\/www.omegayksi.fi\/sv\/wp-json\/wp\/v2\/pages\/364\/revisions\/2829"}],"wp:attachment":[{"href":"http:\/\/www.omegayksi.fi\/sv\/wp-json\/wp\/v2\/media?parent=364"}],"curies":[{"name":"wp","href":"https:\/\/api.w.org\/{rel}","templated":true}]}}