{"id":388,"date":"2017-02-15T20:59:58","date_gmt":"2017-02-15T18:59:58","guid":{"rendered":"http:\/\/www.omegayksi.fi\/?page_id=388"},"modified":"2025-09-10T09:38:26","modified_gmt":"2025-09-10T06:38:26","slug":"lastenhoito","status":"publish","type":"page","link":"http:\/\/www.omegayksi.fi\/sv\/lastenhoito\/","title":{"rendered":"Barnomsorg"},"content":{"rendered":"<figure class=\"wp-block-image size-large\"><img fetchpriority=\"high\" decoding=\"async\" width=\"1024\" height=\"682\" src=\"http:\/\/www.omegayksi.fi\/wp-content\/uploads\/2025\/06\/ChildcarePhoto-1024x682.jpg\" alt=\"Lastenhoito \u2013 Turvallista ja joustavaa hoivaa lapsellesi\" class=\"wp-image-2410\" title=\"kelli-mcclintock-Vuum1s92M7M-unsplash\" srcset=\"http:\/\/www.omegayksi.fi\/wp-content\/uploads\/2025\/06\/ChildcarePhoto-1024x682.jpg 1024w, http:\/\/www.omegayksi.fi\/wp-content\/uploads\/2025\/06\/ChildcarePhoto-300x200.jpg 300w, http:\/\/www.omegayksi.fi\/wp-content\/uploads\/2025\/06\/ChildcarePhoto-768x512.jpg 768w, http:\/\/www.omegayksi.fi\/wp-content\/uploads\/2025\/06\/ChildcarePhoto-600x400.jpg 600w, http:\/\/www.omegayksi.fi\/wp-content\/uploads\/2025\/06\/ChildcarePhoto-1536x1023.jpg 1536w, http:\/\/www.omegayksi.fi\/wp-content\/uploads\/2025\/06\/ChildcarePhoto-18x12.jpg 18w, http:\/\/www.omegayksi.fi\/wp-content\/uploads\/2025\/06\/ChildcarePhoto-1320x879.jpg 1320w, http:\/\/www.omegayksi.fi\/wp-content\/uploads\/2025\/06\/ChildcarePhoto-272x182.jpg 272w, http:\/\/www.omegayksi.fi\/wp-content\/uploads\/2025\/06\/ChildcarePhoto.jpg 1600w\" sizes=\"(max-width: 1024px) 100vw, 1024px\" \/><\/figure>\n\n\n\n<h2 class=\"wp-block-heading\">Lastenhoito \u2013 Turvallista ja joustavaa hoivaa lapsellesi<\/h2>\n\n\n\n<div class=\"wp-block-buttons is-layout-flex wp-block-buttons-is-layout-flex\">\n<div class=\"wp-block-button\"><a class=\"wp-block-button__link wp-element-button\" href=\"https:\/\/www.omegayksi.fi\/booking\/\">Tilaa palvelu heti<\/a><\/div>\n\n\n\n<div class=\"wp-block-button\"><a class=\"wp-block-button__link wp-element-button\" href=\"https:\/\/www.omegayksi.fi\/tilaa-maksuton-kartoituskaynti\/\">Best\u00e4ll ett gratis kartverktyg<\/a><\/div>\n<\/div>\n\n\n\n<p>Lastenhoito ei ole vain k\u00e4yt\u00e4nn\u00f6n apua, vaan se tuo my\u00f6s mielenrauhaa vanhemmille. Hoitaja voi auttaa lapsen ruokailussa, leikeiss\u00e4 ja oppimisessa sek\u00e4 varmistaa, ett\u00e4 lapsi p\u00e4\u00e4see ulkoilemaan ja harrastuksiin. Vanhemmat voivat keskitty\u00e4 ty\u00f6h\u00f6n tai lev\u00e4t\u00e4, kun tiet\u00e4v\u00e4t, ett\u00e4 lapsi on hyviss\u00e4 k\u00e4siss\u00e4.<\/p>\n\n\n\n<p>Arki perheess\u00e4 voi olla kiireist\u00e4 ja joskus yll\u00e4tt\u00e4v\u00e4\u00e4kin. Siksi Omegayksi lastenhoito tarjoaa perheille mahdollisuuden saada luotettavaa apua kotiin juuri silloin, kun sit\u00e4 tarvitaan. Ammattitaitoiset lastenhoitajamme ja sairaanhoitajamme huolehtivat lapsesta turvallisesti omassa kodissa \u2013 sek\u00e4 tavallisissa arjen tilanteissa ett\u00e4 silloin, kun lapsi on sairas.<\/p>\n\n\n\n<p><strong>Lastenhoidon palvelut voivat sis\u00e4lt\u00e4\u00e4:<\/strong><\/p>\n\n\n\n<ul class=\"wp-block-list\">\n<li>P\u00e4ivitt\u00e4inen lastenhoito kotona<\/li>\n\n\n\n<li>Sairaan lapsen hoito kotona<\/li>\n\n\n\n<li>Leikin ja oppimisen tukeminen<\/li>\n\n\n\n<li>Ulkoilu ja harrastuksiin osallistuminen<\/li>\n<\/ul>\n\n\n\n<p>Omegayksi tarjoaa perheyst\u00e4v\u00e4llist\u00e4, joustavaa ja luotettavaa palvelua. Sama tuttu hoitaja voi palvella perhett\u00e4 s\u00e4\u00e4nn\u00f6llisesti, mik\u00e4 luo lapselle turvallisuuden tunnetta.<\/p>\n\n\n\n<p>Tutustu my\u00f6s palveluihimme <a href=\"https:\/\/www.omegayksi.fi\/siivous\/\">siivouspalvelu<\/a> ja <a href=\"https:\/\/www.omegayksi.fi\/lahjakortti\/\">lahjakortti<\/a>, jotka helpottavat perheiden arkea.<\/p>\n\n\n\n<p>Lis\u00e4tietoa lastenhoidosta Suomessa l\u00f6yd\u00e4t <a href=\"https:\/\/www.mll.fi\">Mannerheimin Lastensuojeluliiton sivuilta<\/a>.<\/p>\n\n\n\n<p>Tilaa lastenhoitaja kotiisi \u2013 autamme sinua arjen eri tilanteissa.<\/p>\n\n\n\n<!-- Groweo SmartBot & Form - Palvelut -->\n\n<script src=\"https:\/\/engine.groweo.com\/bot\/script4.js\"><\/script>\n<script src=\"https:\/\/engine.groweo.com\/smartBlock\/script.js\"><\/script>\n<iframe id=\"659415fdcf7d362921cc45f8-653781883aea5636f0b2468c-inpage\" \n    src=\"https:\/\/engine.groweo.com\/smartBlock\/?url=https:\/\/engine.groweo.com\/api\/653781883aea5636f0b2468c\/659415fdcf7d362921cc45f8&#038;publishUrl=https:\/\/engine.groweo.com\/api\/session\/response&#038;workspaceId=653781883aea5636f0b2468c&#038;moduleId=659415fdcf7d362921cc45f8&#038;inPage=true&#038;isPreview=false&#038;language=fi\" \n    height=\"100%\" width=\"100%\" frameborder=\"0\" scrolling=\"auto\">\n    <\/iframe>","protected":false},"excerpt":{"rendered":"<p>Lastenhoito \u2013 Turvallista ja joustavaa hoivaa lapsellesi Lastenhoito ei ole vain k\u00e4yt\u00e4nn\u00f6n apua, vaan se tuo my\u00f6s mielenrauhaa vanhemmille. Hoitaja [&hellip;]<\/p>\n","protected":false},"author":1,"featured_media":0,"parent":0,"menu_order":0,"comment_status":"closed","ping_status":"closed","template":"","meta":{"site-sidebar-layout":"default","site-content-layout":"","ast-site-content-layout":"default","site-content-style":"default","site-sidebar-style":"default","ast-global-header-display":"","ast-banner-title-visibility":"","ast-main-header-display":"","ast-hfb-above-header-display":"","ast-hfb-below-header-display":"","ast-hfb-mobile-header-display":"","site-post-title":"","ast-breadcrumbs-content":"","ast-featured-img":"","footer-sml-layout":"","ast-disable-related-posts":"","theme-transparent-header-meta":"","adv-header-id-meta":"","stick-header-meta":"","header-above-stick-meta":"","header-main-stick-meta":"","header-below-stick-meta":"","astra-migrate-meta-layouts":"default","ast-page-background-enabled":"default","ast-page-background-meta":{"desktop":{"background-color":"var(--ast-global-color-5)","background-image":"","background-repeat":"repeat","background-position":"center center","background-size":"auto","background-attachment":"scroll","background-type":"","background-media":"","overlay-type":"","overlay-color":"","overlay-opacity":"","overlay-gradient":""},"tablet":{"background-color":"","background-image":"","background-repeat":"repeat","background-position":"center center","background-size":"auto","background-attachment":"scroll","background-type":"","background-media":"","overlay-type":"","overlay-color":"","overlay-opacity":"","overlay-gradient":""},"mobile":{"background-color":"","background-image":"","background-repeat":"repeat","background-position":"center center","background-size":"auto","background-attachment":"scroll","background-type":"","background-media":"","overlay-type":"","overlay-color":"","overlay-opacity":"","overlay-gradient":""}},"ast-content-background-meta":{"desktop":{"background-color":"var(--ast-global-color-4)","background-image":"","background-repeat":"repeat","background-position":"center center","background-size":"auto","background-attachment":"scroll","background-type":"","background-media":"","overlay-type":"","overlay-color":"","overlay-opacity":"","overlay-gradient":""},"tablet":{"background-color":"var(--ast-global-color-4)","background-image":"","background-repeat":"repeat","background-position":"center center","background-size":"auto","background-attachment":"scroll","background-type":"","background-media":"","overlay-type":"","overlay-color":"","overlay-opacity":"","overlay-gradient":""},"mobile":{"background-color":"var(--ast-global-color-4)","background-image":"","background-repeat":"repeat","background-position":"center center","background-size":"auto","background-attachment":"scroll","background-type":"","background-media":"","overlay-type":"","overlay-color":"","overlay-opacity":"","overlay-gradient":""}},"jetpack_post_was_ever_published":false,"footnotes":""},"class_list":["post-388","page","type-page","status-publish","hentry"],"yoast_head":"<!-- This site is optimized with the Yoast SEO plugin v27.5 - https:\/\/yoast.com\/product\/yoast-seo-wordpress\/ -->\n<title>Lastenhoito - Child care<\/title>\n<meta name=\"description\" content=\"Omegayksi lastenhoito tarjoaa turvallista ja joustavaa apua. Ammattitaitoinen lastenhoitaja kotiisi \u2013 my\u00f6s sairaan lapsen hoito onnistuu.\" \/>\n<meta name=\"robots\" content=\"index, follow, max-snippet:-1, max-image-preview:large, max-video-preview:-1\" \/>\n<link rel=\"canonical\" href=\"https:\/\/www.omegayksi.fi\/sv\/lastenhoito\/\" \/>\n<meta property=\"og:locale\" content=\"sv_SE\" \/>\n<meta property=\"og:type\" content=\"article\" \/>\n<meta property=\"og:title\" content=\"Lastenhoito - Child care\" \/>\n<meta property=\"og:description\" content=\"Omegayksi lastenhoito tarjoaa turvallista ja joustavaa apua. Ammattitaitoinen lastenhoitaja kotiisi \u2013 my\u00f6s sairaan lapsen hoito onnistuu.\" \/>\n<meta property=\"og:url\" content=\"https:\/\/www.omegayksi.fi\/sv\/lastenhoito\/\" \/>\n<meta property=\"article:publisher\" content=\"https:\/\/www.facebook.com\/profile.php?id=100094279863502\" \/>\n<meta property=\"article:modified_time\" content=\"2025-09-10T06:38:26+00:00\" \/>\n<meta property=\"og:image\" content=\"http:\/\/www.omegayksi.fi\/wp-content\/uploads\/2025\/06\/ChildcarePhoto-1024x682.jpg\" \/>\n<meta name=\"twitter:card\" content=\"summary_large_image\" \/>\n<meta name=\"twitter:label1\" content=\"Ber\u00e4knad l\u00e4stid\" \/>\n\t<meta name=\"twitter:data1\" content=\"2 minuter\" \/>\n<script type=\"application\/ld+json\" class=\"yoast-schema-graph\">{\"@context\":\"https:\\\/\\\/schema.org\",\"@graph\":[{\"@type\":\"WebPage\",\"@id\":\"https:\\\/\\\/www.omegayksi.fi\\\/lastenhoito\\\/\",\"url\":\"https:\\\/\\\/www.omegayksi.fi\\\/lastenhoito\\\/\",\"name\":\"Lastenhoito - Child care\",\"isPartOf\":{\"@id\":\"https:\\\/\\\/www.omegayksi.fi\\\/#website\"},\"primaryImageOfPage\":{\"@id\":\"https:\\\/\\\/www.omegayksi.fi\\\/lastenhoito\\\/#primaryimage\"},\"image\":{\"@id\":\"https:\\\/\\\/www.omegayksi.fi\\\/lastenhoito\\\/#primaryimage\"},\"thumbnailUrl\":\"http:\\\/\\\/www.omegayksi.fi\\\/wp-content\\\/uploads\\\/2025\\\/06\\\/ChildcarePhoto-1024x682.jpg\",\"datePublished\":\"2017-02-15T18:59:58+00:00\",\"dateModified\":\"2025-09-10T06:38:26+00:00\",\"description\":\"Omegayksi lastenhoito tarjoaa turvallista ja joustavaa apua. Ammattitaitoinen lastenhoitaja kotiisi \u2013 my\u00f6s sairaan lapsen hoito onnistuu.\",\"breadcrumb\":{\"@id\":\"https:\\\/\\\/www.omegayksi.fi\\\/lastenhoito\\\/#breadcrumb\"},\"inLanguage\":\"sv-SE\",\"potentialAction\":[{\"@type\":\"ReadAction\",\"target\":[\"https:\\\/\\\/www.omegayksi.fi\\\/lastenhoito\\\/\"]}]},{\"@type\":\"ImageObject\",\"inLanguage\":\"sv-SE\",\"@id\":\"https:\\\/\\\/www.omegayksi.fi\\\/lastenhoito\\\/#primaryimage\",\"url\":\"http:\\\/\\\/www.omegayksi.fi\\\/wp-content\\\/uploads\\\/2025\\\/06\\\/ChildcarePhoto-1024x682.jpg\",\"contentUrl\":\"http:\\\/\\\/www.omegayksi.fi\\\/wp-content\\\/uploads\\\/2025\\\/06\\\/ChildcarePhoto-1024x682.jpg\"},{\"@type\":\"BreadcrumbList\",\"@id\":\"https:\\\/\\\/www.omegayksi.fi\\\/lastenhoito\\\/#breadcrumb\",\"itemListElement\":[{\"@type\":\"ListItem\",\"position\":1,\"name\":\"Home\",\"item\":\"https:\\\/\\\/www.omegayksi.fi\\\/\"},{\"@type\":\"ListItem\",\"position\":2,\"name\":\"Lastenhoito\"}]},{\"@type\":\"WebSite\",\"@id\":\"https:\\\/\\\/www.omegayksi.fi\\\/#website\",\"url\":\"https:\\\/\\\/www.omegayksi.fi\\\/\",\"name\":\"Omegayksi Oy\",\"description\":\"Laadukasta palvelua suurella syd&auml;mell&auml;\",\"publisher\":{\"@id\":\"https:\\\/\\\/www.omegayksi.fi\\\/#organization\"},\"potentialAction\":[{\"@type\":\"SearchAction\",\"target\":{\"@type\":\"EntryPoint\",\"urlTemplate\":\"https:\\\/\\\/www.omegayksi.fi\\\/?s={search_term_string}\"},\"query-input\":{\"@type\":\"PropertyValueSpecification\",\"valueRequired\":true,\"valueName\":\"search_term_string\"}}],\"inLanguage\":\"sv-SE\"},{\"@type\":\"Organization\",\"@id\":\"https:\\\/\\\/www.omegayksi.fi\\\/#organization\",\"name\":\"Omegayksi Oy\",\"url\":\"https:\\\/\\\/www.omegayksi.fi\\\/\",\"logo\":{\"@type\":\"ImageObject\",\"inLanguage\":\"sv-SE\",\"@id\":\"https:\\\/\\\/www.omegayksi.fi\\\/#\\\/schema\\\/logo\\\/image\\\/\",\"url\":\"http:\\\/\\\/www.omegayksi.fi\\\/wp-content\\\/uploads\\\/2022\\\/07\\\/cropped-cropped-cropped-Omegayksi-photomod3-1.png\",\"contentUrl\":\"http:\\\/\\\/www.omegayksi.fi\\\/wp-content\\\/uploads\\\/2022\\\/07\\\/cropped-cropped-cropped-Omegayksi-photomod3-1.png\",\"width\":1600,\"height\":929,\"caption\":\"Omegayksi Oy\"},\"image\":{\"@id\":\"https:\\\/\\\/www.omegayksi.fi\\\/#\\\/schema\\\/logo\\\/image\\\/\"},\"sameAs\":[\"https:\\\/\\\/www.facebook.com\\\/profile.php?id=100094279863502\"]}]}<\/script>\n<!-- \/ Yoast SEO plugin. -->","yoast_head_json":{"title":"Lastenhoito - Child care","description":"Omegayksi lastenhoito tarjoaa turvallista ja joustavaa apua. Ammattitaitoinen lastenhoitaja kotiisi \u2013 my\u00f6s sairaan lapsen hoito onnistuu.","robots":{"index":"index","follow":"follow","max-snippet":"max-snippet:-1","max-image-preview":"max-image-preview:large","max-video-preview":"max-video-preview:-1"},"canonical":"https:\/\/www.omegayksi.fi\/sv\/lastenhoito\/","og_locale":"sv_SE","og_type":"article","og_title":"Lastenhoito - Child care","og_description":"Omegayksi lastenhoito tarjoaa turvallista ja joustavaa apua. Ammattitaitoinen lastenhoitaja kotiisi \u2013 my\u00f6s sairaan lapsen hoito onnistuu.","og_url":"https:\/\/www.omegayksi.fi\/sv\/lastenhoito\/","article_publisher":"https:\/\/www.facebook.com\/profile.php?id=100094279863502","article_modified_time":"2025-09-10T06:38:26+00:00","og_image":[{"url":"http:\/\/www.omegayksi.fi\/wp-content\/uploads\/2025\/06\/ChildcarePhoto-1024x682.jpg","type":"","width":"","height":""}],"twitter_card":"summary_large_image","twitter_misc":{"Ber\u00e4knad l\u00e4stid":"2 minuter"},"schema":{"@context":"https:\/\/schema.org","@graph":[{"@type":"WebPage","@id":"https:\/\/www.omegayksi.fi\/lastenhoito\/","url":"https:\/\/www.omegayksi.fi\/lastenhoito\/","name":"Lastenhoito - Child care","isPartOf":{"@id":"https:\/\/www.omegayksi.fi\/#website"},"primaryImageOfPage":{"@id":"https:\/\/www.omegayksi.fi\/lastenhoito\/#primaryimage"},"image":{"@id":"https:\/\/www.omegayksi.fi\/lastenhoito\/#primaryimage"},"thumbnailUrl":"http:\/\/www.omegayksi.fi\/wp-content\/uploads\/2025\/06\/ChildcarePhoto-1024x682.jpg","datePublished":"2017-02-15T18:59:58+00:00","dateModified":"2025-09-10T06:38:26+00:00","description":"Omegayksi lastenhoito tarjoaa turvallista ja joustavaa apua. Ammattitaitoinen lastenhoitaja kotiisi \u2013 my\u00f6s sairaan lapsen hoito onnistuu.","breadcrumb":{"@id":"https:\/\/www.omegayksi.fi\/lastenhoito\/#breadcrumb"},"inLanguage":"sv-SE","potentialAction":[{"@type":"ReadAction","target":["https:\/\/www.omegayksi.fi\/lastenhoito\/"]}]},{"@type":"ImageObject","inLanguage":"sv-SE","@id":"https:\/\/www.omegayksi.fi\/lastenhoito\/#primaryimage","url":"http:\/\/www.omegayksi.fi\/wp-content\/uploads\/2025\/06\/ChildcarePhoto-1024x682.jpg","contentUrl":"http:\/\/www.omegayksi.fi\/wp-content\/uploads\/2025\/06\/ChildcarePhoto-1024x682.jpg"},{"@type":"BreadcrumbList","@id":"https:\/\/www.omegayksi.fi\/lastenhoito\/#breadcrumb","itemListElement":[{"@type":"ListItem","position":1,"name":"Home","item":"https:\/\/www.omegayksi.fi\/"},{"@type":"ListItem","position":2,"name":"Lastenhoito"}]},{"@type":"WebSite","@id":"https:\/\/www.omegayksi.fi\/#website","url":"https:\/\/www.omegayksi.fi\/","name":"Omegayksi Oy","description":"Laadukasta palvelua suurella syd&auml;mell&auml;","publisher":{"@id":"https:\/\/www.omegayksi.fi\/#organization"},"potentialAction":[{"@type":"SearchAction","target":{"@type":"EntryPoint","urlTemplate":"https:\/\/www.omegayksi.fi\/?s={search_term_string}"},"query-input":{"@type":"PropertyValueSpecification","valueRequired":true,"valueName":"search_term_string"}}],"inLanguage":"sv-SE"},{"@type":"Organization","@id":"https:\/\/www.omegayksi.fi\/#organization","name":"Omegayksi Oy","url":"https:\/\/www.omegayksi.fi\/","logo":{"@type":"ImageObject","inLanguage":"sv-SE","@id":"https:\/\/www.omegayksi.fi\/#\/schema\/logo\/image\/","url":"http:\/\/www.omegayksi.fi\/wp-content\/uploads\/2022\/07\/cropped-cropped-cropped-Omegayksi-photomod3-1.png","contentUrl":"http:\/\/www.omegayksi.fi\/wp-content\/uploads\/2022\/07\/cropped-cropped-cropped-Omegayksi-photomod3-1.png","width":1600,"height":929,"caption":"Omegayksi Oy"},"image":{"@id":"https:\/\/www.omegayksi.fi\/#\/schema\/logo\/image\/"},"sameAs":["https:\/\/www.facebook.com\/profile.php?id=100094279863502"]}]}},"_links":{"self":[{"href":"http:\/\/www.omegayksi.fi\/sv\/wp-json\/wp\/v2\/pages\/388","targetHints":{"allow":["GET"]}}],"collection":[{"href":"http:\/\/www.omegayksi.fi\/sv\/wp-json\/wp\/v2\/pages"}],"about":[{"href":"http:\/\/www.omegayksi.fi\/sv\/wp-json\/wp\/v2\/types\/page"}],"author":[{"embeddable":true,"href":"http:\/\/www.omegayksi.fi\/sv\/wp-json\/wp\/v2\/users\/1"}],"replies":[{"embeddable":true,"href":"http:\/\/www.omegayksi.fi\/sv\/wp-json\/wp\/v2\/comments?post=388"}],"version-history":[{"count":26,"href":"http:\/\/www.omegayksi.fi\/sv\/wp-json\/wp\/v2\/pages\/388\/revisions"}],"predecessor-version":[{"id":2848,"href":"http:\/\/www.omegayksi.fi\/sv\/wp-json\/wp\/v2\/pages\/388\/revisions\/2848"}],"wp:attachment":[{"href":"http:\/\/www.omegayksi.fi\/sv\/wp-json\/wp\/v2\/media?parent=388"}],"curies":[{"name":"wp","href":"https:\/\/api.w.org\/{rel}","templated":true}]}}