{"id":514,"date":"2020-07-22T12:24:45","date_gmt":"2020-07-22T09:24:45","guid":{"rendered":"http:\/\/www.omegayksi.fi\/?page_id=514"},"modified":"2023-01-27T08:51:44","modified_gmt":"2023-01-27T06:51:44","slug":"anna-palautetta","status":"publish","type":"page","link":"http:\/\/www.omegayksi.fi\/sv\/anna-palautetta\/","title":{"rendered":"Ge feedback"},"content":{"rendered":"\n<style id=\"wpforms-css-vars-513\">\n\t\t\t\t#wpforms-513 {\n\t\t\t\t\n\t\t\t}\n\t\t\t<\/style><div class=\"wpforms-container wpforms-container-full wpforms-render-modern\" id=\"wpforms-513\"><form id=\"wpforms-form-513\" class=\"wpforms-validate wpforms-form\" data-formid=\"513\" method=\"post\" enctype=\"multipart\/form-data\" action=\"\/sv\/wp-json\/wp\/v2\/pages\/514\" data-token=\"ba881c3d28ca6933730dc6ce689b824d\" data-token-time=\"1777504905\"><noscript class=\"wpforms-error-noscript\">Aktivera JavaScript i din webbl\u00e4sare f\u00f6r att fylla i formul\u00e4ret.<\/noscript><div id=\"wpforms-error-noscript\" style=\"display: none;\">Aktivera JavaScript i din webbl\u00e4sare f\u00f6r att fylla i formul\u00e4ret.<\/div><div class=\"wpforms-field-container\"><div id=\"wpforms-513-field_2-container\" class=\"wpforms-field wpforms-field-radio\" data-field-id=\"2\"><fieldset><legend class=\"wpforms-field-label\">Kenelle palaute on suunnattu? <span class=\"wpforms-required-label\" aria-hidden=\"true\">*<\/span><\/legend><ul id=\"wpforms-513-field_2\" class=\"wpforms-field-required\"><li class=\"choice-1 depth-1\"><input type=\"radio\" id=\"wpforms-513-field_2_1\" name=\"wpforms[fields][2]\" value=\"Hoitajalle\" aria-errormessage=\"wpforms-513-field_2_1-error\" required ><label class=\"wpforms-field-label-inline\" for=\"wpforms-513-field_2_1\">Hoitajalle<\/label><\/li><li class=\"choice-2 depth-1\"><input type=\"radio\" id=\"wpforms-513-field_2_2\" name=\"wpforms[fields][2]\" value=\"Esimiehelle\" aria-errormessage=\"wpforms-513-field_2_2-error\" required ><label class=\"wpforms-field-label-inline\" for=\"wpforms-513-field_2_2\">Esimiehelle<\/label><\/li><li class=\"choice-3 depth-1\"><input type=\"radio\" id=\"wpforms-513-field_2_3\" name=\"wpforms[fields][2]\" value=\"Palveluntarjoajalle\" aria-errormessage=\"wpforms-513-field_2_3-error\" required ><label class=\"wpforms-field-label-inline\" for=\"wpforms-513-field_2_3\">Palveluntarjoajalle<\/label><\/li><li class=\"choice-4 depth-1\"><input type=\"radio\" id=\"wpforms-513-field_2_4\" name=\"wpforms[fields][2]\" value=\"Yleinen palaute\" aria-errormessage=\"wpforms-513-field_2_4-error\" required ><label class=\"wpforms-field-label-inline\" for=\"wpforms-513-field_2_4\">Yleinen palaute<\/label><\/li><\/ul><\/fieldset><\/div><div id=\"wpforms-513-field_4-container\" class=\"wpforms-field wpforms-field-textarea\" data-field-id=\"4\"><label class=\"wpforms-field-label\" for=\"wpforms-513-field_4\">Viesti <span class=\"wpforms-required-label\" aria-hidden=\"true\">*<\/span><\/label><textarea id=\"wpforms-513-field_4\" class=\"wpforms-field-medium wpforms-field-required\" name=\"wpforms[fields][4]\" aria-errormessage=\"wpforms-513-field_4-error\" required><\/textarea><\/div><div id=\"wpforms-513-field_0-container\" class=\"wpforms-field wpforms-field-name\" data-field-id=\"0\"><label class=\"wpforms-field-label\" for=\"wpforms-513-field_0\">Etu- ja sukunimi:<\/label><input type=\"text\" id=\"wpforms-513-field_0\" class=\"wpforms-field-medium\" name=\"wpforms[fields][0]\" aria-errormessage=\"wpforms-513-field_0-error\" ><\/div><div id=\"wpforms-513-field_5-container\" class=\"wpforms-field wpforms-field-text\" data-field-id=\"5\"><label class=\"wpforms-field-label\" for=\"wpforms-513-field_5\">Katuosoite:<\/label><input type=\"text\" id=\"wpforms-513-field_5\" class=\"wpforms-field-medium\" name=\"wpforms[fields][5]\" aria-errormessage=\"wpforms-513-field_5-error\" ><\/div><div id=\"wpforms-513-field_6-container\" class=\"wpforms-field wpforms-field-text\" data-field-id=\"6\"><label class=\"wpforms-field-label\" for=\"wpforms-513-field_6\">Postinumero ja postitoimipaikka:<\/label><input type=\"text\" id=\"wpforms-513-field_6\" class=\"wpforms-field-medium\" name=\"wpforms[fields][6]\" aria-errormessage=\"wpforms-513-field_6-error\" ><\/div><div id=\"wpforms-513-field_9-container\" class=\"wpforms-field wpforms-field-number\" data-field-id=\"9\"><label class=\"wpforms-field-label\" for=\"wpforms-513-field_9\">Puhelinnumero:<\/label><input type=\"number\" id=\"wpforms-513-field_9\" class=\"wpforms-field-medium\" name=\"wpforms[fields][9]\" step=\"any\" aria-errormessage=\"wpforms-513-field_9-error\" ><\/div><div id=\"wpforms-513-field_10-container\" class=\"wpforms-field wpforms-field-email\" data-field-id=\"10\"><label class=\"wpforms-field-label\" for=\"wpforms-513-field_10\">S\u00e4hk\u00f6postiosoite:<\/label><input type=\"email\" id=\"wpforms-513-field_10\" class=\"wpforms-field-medium\" name=\"wpforms[fields][10]\" spellcheck=\"false\" aria-errormessage=\"wpforms-513-field_10-error\" ><\/div><div id=\"wpforms-513-field_8-container\" class=\"wpforms-field wpforms-field-radio\" data-field-id=\"8\"><fieldset><legend class=\"wpforms-field-label\">Haluan vastauksen ensisijaisesti:<\/legend><ul id=\"wpforms-513-field_8\"><li class=\"choice-1 depth-1\"><input type=\"radio\" id=\"wpforms-513-field_8_1\" name=\"wpforms[fields][8]\" value=\"En halua vastausta\" aria-errormessage=\"wpforms-513-field_8_1-error\"  ><label class=\"wpforms-field-label-inline\" for=\"wpforms-513-field_8_1\">En halua vastausta<\/label><\/li><li class=\"choice-2 depth-1\"><input type=\"radio\" id=\"wpforms-513-field_8_2\" name=\"wpforms[fields][8]\" value=\"S\u00e4hk\u00f6postitse\" aria-errormessage=\"wpforms-513-field_8_2-error\"  ><label class=\"wpforms-field-label-inline\" for=\"wpforms-513-field_8_2\">S\u00e4hk\u00f6postitse<\/label><\/li><li class=\"choice-3 depth-1\"><input type=\"radio\" id=\"wpforms-513-field_8_3\" name=\"wpforms[fields][8]\" value=\"Puhelimitse\" aria-errormessage=\"wpforms-513-field_8_3-error\"  ><label class=\"wpforms-field-label-inline\" for=\"wpforms-513-field_8_3\">Puhelimitse<\/label><\/li><\/ul><\/fieldset><\/div><div id=\"wpforms-513-field_11-container\" class=\"wpforms-field wpforms-field-gdpr-checkbox\" data-field-id=\"11\"><label class=\"wpforms-field-label\">GDPR-sopimus <span class=\"wpforms-required-label\" aria-hidden=\"true\">*<\/span><\/label><ul id=\"wpforms-513-field_11\" class=\"wpforms-field-required\"><li class=\"choice-1\"><input type=\"checkbox\" id=\"wpforms-513-field_11_1\" name=\"wpforms[fields][11][]\" value=\"Suostun siihen, ett\u00e4 t\u00e4m\u00e4 verkkosivusto tallentaa toimitetut tiedot, jotta Omegayksi voi vastata palautteeseeni.\" aria-errormessage=\"wpforms-513-field_11_1-error\" aria-describedby=\"wpforms-513-field_11-description\" required ><label class=\"wpforms-field-label-inline\" for=\"wpforms-513-field_11_1\">Suostun siihen, ett\u00e4 t\u00e4m\u00e4 verkkosivusto tallentaa toimitetut tiedot, jotta Omegayksi voi vastata palautteeseeni.<\/label><\/li><\/ul><div id=\"wpforms-513-field_11-description\" class=\"wpforms-field-description\">K\u00e4sittelemme antamiasia tietoja luottamuksuksellisesti. L\u00e4hett\u00e4m\u00e4ll\u00e4 t\u00e4m\u00e4n lomakkeen hyv\u00e4ksyt, ett\u00e4 voimme k\u00e4sitell\u00e4 tietosi n\u00e4iden ehtojen mukaisesti.<\/div><\/div><\/div><!-- .wpforms-field-container --><div class=\"wpforms-field wpforms-field-hp\"><label for=\"wpforms-513-field-hp\" class=\"wpforms-field-label\">Message<\/label><input type=\"text\" name=\"wpforms[hp]\" id=\"wpforms-513-field-hp\" class=\"wpforms-field-medium\"><\/div><div class=\"wpforms-recaptcha-container wpforms-is-recaptcha wpforms-is-recaptcha-type-invisible\" ><div class=\"g-recaptcha\" data-sitekey=\"6LfdhLQZAAAAABtZjIm2rEbFW0MICdY-Aya7TS9r\" data-size=\"invisible\"><\/div><\/div><div class=\"wpforms-submit-container\" ><input type=\"hidden\" name=\"wpforms[id]\" value=\"513\"><input type=\"hidden\" name=\"page_title\" value=\"\"><input type=\"hidden\" name=\"page_url\" value=\"http:\/\/www.omegayksi.fi\/sv\/wp-json\/wp\/v2\/pages\/514\"><input type=\"hidden\" name=\"url_referer\" value=\"\"><button type=\"submit\" name=\"wpforms[submit]\" id=\"wpforms-submit-513\" class=\"wpforms-submit\" data-alt-text=\"L\u00e4hett\u00e4minen...\" data-submit-text=\"L\u00e4het\u00e4\" aria-live=\"assertive\" value=\"wpforms-submit\">L\u00e4het\u00e4<\/button><\/div><\/form><\/div>  <!-- .wpforms-container -->\n","protected":false},"excerpt":{"rendered":"","protected":false},"author":1,"featured_media":827,"parent":0,"menu_order":0,"comment_status":"closed","ping_status":"closed","template":"","meta":{"site-sidebar-layout":"default","site-content-layout":"","ast-site-content-layout":"default","site-content-style":"default","site-sidebar-style":"default","ast-global-header-display":"","ast-banner-title-visibility":"","ast-main-header-display":"","ast-hfb-above-header-display":"","ast-hfb-below-header-display":"","ast-hfb-mobile-header-display":"","site-post-title":"","ast-breadcrumbs-content":"","ast-featured-img":"","footer-sml-layout":"","ast-disable-related-posts":"","theme-transparent-header-meta":"","adv-header-id-meta":"","stick-header-meta":"","header-above-stick-meta":"","header-main-stick-meta":"","header-below-stick-meta":"","astra-migrate-meta-layouts":"default","ast-page-background-enabled":"default","ast-page-background-meta":{"desktop":{"background-color":"var(--ast-global-color-5)","background-image":"","background-repeat":"repeat","background-position":"center center","background-size":"auto","background-attachment":"scroll","background-type":"","background-media":"","overlay-type":"","overlay-color":"","overlay-opacity":"","overlay-gradient":""},"tablet":{"background-color":"","background-image":"","background-repeat":"repeat","background-position":"center center","background-size":"auto","background-attachment":"scroll","background-type":"","background-media":"","overlay-type":"","overlay-color":"","overlay-opacity":"","overlay-gradient":""},"mobile":{"background-color":"","background-image":"","background-repeat":"repeat","background-position":"center center","background-size":"auto","background-attachment":"scroll","background-type":"","background-media":"","overlay-type":"","overlay-color":"","overlay-opacity":"","overlay-gradient":""}},"ast-content-background-meta":{"desktop":{"background-color":"var(--ast-global-color-4)","background-image":"","background-repeat":"repeat","background-position":"center center","background-size":"auto","background-attachment":"scroll","background-type":"","background-media":"","overlay-type":"","overlay-color":"","overlay-opacity":"","overlay-gradient":""},"tablet":{"background-color":"var(--ast-global-color-4)","background-image":"","background-repeat":"repeat","background-position":"center center","background-size":"auto","background-attachment":"scroll","background-type":"","background-media":"","overlay-type":"","overlay-color":"","overlay-opacity":"","overlay-gradient":""},"mobile":{"background-color":"var(--ast-global-color-4)","background-image":"","background-repeat":"repeat","background-position":"center center","background-size":"auto","background-attachment":"scroll","background-type":"","background-media":"","overlay-type":"","overlay-color":"","overlay-opacity":"","overlay-gradient":""}},"jetpack_post_was_ever_published":false,"footnotes":""},"class_list":["post-514","page","type-page","status-publish","has-post-thumbnail","hentry"],"yoast_head":"<!-- This site is optimized with the Yoast SEO plugin v27.5 - https:\/\/yoast.com\/product\/yoast-seo-wordpress\/ -->\n<title>Anna palautetta -<\/title>\n<meta name=\"robots\" content=\"index, follow, max-snippet:-1, max-image-preview:large, max-video-preview:-1\" \/>\n<link rel=\"canonical\" href=\"https:\/\/www.omegayksi.fi\/sv\/anna-palautetta\/\" \/>\n<meta property=\"og:locale\" content=\"sv_SE\" \/>\n<meta property=\"og:type\" content=\"article\" \/>\n<meta property=\"og:title\" content=\"Anna palautetta -\" \/>\n<meta property=\"og:url\" content=\"https:\/\/www.omegayksi.fi\/sv\/anna-palautetta\/\" \/>\n<meta property=\"article:publisher\" content=\"https:\/\/www.facebook.com\/profile.php?id=100094279863502\" \/>\n<meta property=\"article:modified_time\" content=\"2023-01-27T06:51:44+00:00\" \/>\n<meta property=\"og:image\" content=\"https:\/\/www.omegayksi.fi\/wp-content\/uploads\/2022\/07\/matt-hardy-6ArTTluciuA-unsplash.jpg\" \/>\n\t<meta property=\"og:image:width\" content=\"1600\" \/>\n\t<meta property=\"og:image:height\" content=\"1067\" \/>\n\t<meta property=\"og:image:type\" content=\"image\/jpeg\" \/>\n<meta name=\"twitter:card\" content=\"summary_large_image\" \/>\n<script type=\"application\/ld+json\" class=\"yoast-schema-graph\">{\"@context\":\"https:\\\/\\\/schema.org\",\"@graph\":[{\"@type\":\"WebPage\",\"@id\":\"https:\\\/\\\/www.omegayksi.fi\\\/anna-palautetta\\\/\",\"url\":\"https:\\\/\\\/www.omegayksi.fi\\\/anna-palautetta\\\/\",\"name\":\"Anna palautetta -\",\"isPartOf\":{\"@id\":\"http:\\\/\\\/www.omegayksi.fi\\\/sv\\\/#website\"},\"primaryImageOfPage\":{\"@id\":\"https:\\\/\\\/www.omegayksi.fi\\\/anna-palautetta\\\/#primaryimage\"},\"image\":{\"@id\":\"https:\\\/\\\/www.omegayksi.fi\\\/anna-palautetta\\\/#primaryimage\"},\"thumbnailUrl\":\"http:\\\/\\\/www.omegayksi.fi\\\/wp-content\\\/uploads\\\/2022\\\/07\\\/matt-hardy-6ArTTluciuA-unsplash.jpg\",\"datePublished\":\"2020-07-22T09:24:45+00:00\",\"dateModified\":\"2023-01-27T06:51:44+00:00\",\"breadcrumb\":{\"@id\":\"https:\\\/\\\/www.omegayksi.fi\\\/anna-palautetta\\\/#breadcrumb\"},\"inLanguage\":\"sv-SE\",\"potentialAction\":[{\"@type\":\"ReadAction\",\"target\":[\"https:\\\/\\\/www.omegayksi.fi\\\/anna-palautetta\\\/\"]}]},{\"@type\":\"ImageObject\",\"inLanguage\":\"sv-SE\",\"@id\":\"https:\\\/\\\/www.omegayksi.fi\\\/anna-palautetta\\\/#primaryimage\",\"url\":\"http:\\\/\\\/www.omegayksi.fi\\\/wp-content\\\/uploads\\\/2022\\\/07\\\/matt-hardy-6ArTTluciuA-unsplash.jpg\",\"contentUrl\":\"http:\\\/\\\/www.omegayksi.fi\\\/wp-content\\\/uploads\\\/2022\\\/07\\\/matt-hardy-6ArTTluciuA-unsplash.jpg\",\"width\":1600,\"height\":1067,\"caption\":\"Kuvassa n\u00e4kyy laineileva meri.\"},{\"@type\":\"BreadcrumbList\",\"@id\":\"https:\\\/\\\/www.omegayksi.fi\\\/anna-palautetta\\\/#breadcrumb\",\"itemListElement\":[{\"@type\":\"ListItem\",\"position\":1,\"name\":\"Home\",\"item\":\"http:\\\/\\\/www.omegayksi.fi\\\/sv\\\/\"},{\"@type\":\"ListItem\",\"position\":2,\"name\":\"Anna palautetta\"}]},{\"@type\":\"WebSite\",\"@id\":\"http:\\\/\\\/www.omegayksi.fi\\\/sv\\\/#website\",\"url\":\"http:\\\/\\\/www.omegayksi.fi\\\/sv\\\/\",\"name\":\"Omegayksi Oy\",\"description\":\"Laadukasta palvelua suurella syd&auml;mell&auml;\",\"publisher\":{\"@id\":\"http:\\\/\\\/www.omegayksi.fi\\\/sv\\\/#organization\"},\"potentialAction\":[{\"@type\":\"SearchAction\",\"target\":{\"@type\":\"EntryPoint\",\"urlTemplate\":\"http:\\\/\\\/www.omegayksi.fi\\\/sv\\\/?s={search_term_string}\"},\"query-input\":{\"@type\":\"PropertyValueSpecification\",\"valueRequired\":true,\"valueName\":\"search_term_string\"}}],\"inLanguage\":\"sv-SE\"},{\"@type\":\"Organization\",\"@id\":\"http:\\\/\\\/www.omegayksi.fi\\\/sv\\\/#organization\",\"name\":\"Omegayksi Oy\",\"url\":\"http:\\\/\\\/www.omegayksi.fi\\\/sv\\\/\",\"logo\":{\"@type\":\"ImageObject\",\"inLanguage\":\"sv-SE\",\"@id\":\"http:\\\/\\\/www.omegayksi.fi\\\/sv\\\/#\\\/schema\\\/logo\\\/image\\\/\",\"url\":\"http:\\\/\\\/www.omegayksi.fi\\\/wp-content\\\/uploads\\\/2022\\\/07\\\/cropped-cropped-cropped-Omegayksi-photomod3-1.png\",\"contentUrl\":\"http:\\\/\\\/www.omegayksi.fi\\\/wp-content\\\/uploads\\\/2022\\\/07\\\/cropped-cropped-cropped-Omegayksi-photomod3-1.png\",\"width\":1600,\"height\":929,\"caption\":\"Omegayksi Oy\"},\"image\":{\"@id\":\"http:\\\/\\\/www.omegayksi.fi\\\/sv\\\/#\\\/schema\\\/logo\\\/image\\\/\"},\"sameAs\":[\"https:\\\/\\\/www.facebook.com\\\/profile.php?id=100094279863502\"]}]}<\/script>\n<!-- \/ Yoast SEO plugin. -->","yoast_head_json":{"title":"Anna palautetta -","robots":{"index":"index","follow":"follow","max-snippet":"max-snippet:-1","max-image-preview":"max-image-preview:large","max-video-preview":"max-video-preview:-1"},"canonical":"https:\/\/www.omegayksi.fi\/sv\/anna-palautetta\/","og_locale":"sv_SE","og_type":"article","og_title":"Anna palautetta -","og_url":"https:\/\/www.omegayksi.fi\/sv\/anna-palautetta\/","article_publisher":"https:\/\/www.facebook.com\/profile.php?id=100094279863502","article_modified_time":"2023-01-27T06:51:44+00:00","og_image":[{"width":1600,"height":1067,"url":"https:\/\/www.omegayksi.fi\/wp-content\/uploads\/2022\/07\/matt-hardy-6ArTTluciuA-unsplash.jpg","type":"image\/jpeg"}],"twitter_card":"summary_large_image","schema":{"@context":"https:\/\/schema.org","@graph":[{"@type":"WebPage","@id":"https:\/\/www.omegayksi.fi\/anna-palautetta\/","url":"https:\/\/www.omegayksi.fi\/anna-palautetta\/","name":"Anna palautetta -","isPartOf":{"@id":"http:\/\/www.omegayksi.fi\/sv\/#website"},"primaryImageOfPage":{"@id":"https:\/\/www.omegayksi.fi\/anna-palautetta\/#primaryimage"},"image":{"@id":"https:\/\/www.omegayksi.fi\/anna-palautetta\/#primaryimage"},"thumbnailUrl":"http:\/\/www.omegayksi.fi\/wp-content\/uploads\/2022\/07\/matt-hardy-6ArTTluciuA-unsplash.jpg","datePublished":"2020-07-22T09:24:45+00:00","dateModified":"2023-01-27T06:51:44+00:00","breadcrumb":{"@id":"https:\/\/www.omegayksi.fi\/anna-palautetta\/#breadcrumb"},"inLanguage":"sv-SE","potentialAction":[{"@type":"ReadAction","target":["https:\/\/www.omegayksi.fi\/anna-palautetta\/"]}]},{"@type":"ImageObject","inLanguage":"sv-SE","@id":"https:\/\/www.omegayksi.fi\/anna-palautetta\/#primaryimage","url":"http:\/\/www.omegayksi.fi\/wp-content\/uploads\/2022\/07\/matt-hardy-6ArTTluciuA-unsplash.jpg","contentUrl":"http:\/\/www.omegayksi.fi\/wp-content\/uploads\/2022\/07\/matt-hardy-6ArTTluciuA-unsplash.jpg","width":1600,"height":1067,"caption":"Kuvassa n\u00e4kyy laineileva meri."},{"@type":"BreadcrumbList","@id":"https:\/\/www.omegayksi.fi\/anna-palautetta\/#breadcrumb","itemListElement":[{"@type":"ListItem","position":1,"name":"Home","item":"http:\/\/www.omegayksi.fi\/sv\/"},{"@type":"ListItem","position":2,"name":"Anna palautetta"}]},{"@type":"WebSite","@id":"http:\/\/www.omegayksi.fi\/sv\/#website","url":"http:\/\/www.omegayksi.fi\/sv\/","name":"Omegayksi Oy","description":"Laadukasta palvelua suurella syd&auml;mell&auml;","publisher":{"@id":"http:\/\/www.omegayksi.fi\/sv\/#organization"},"potentialAction":[{"@type":"SearchAction","target":{"@type":"EntryPoint","urlTemplate":"http:\/\/www.omegayksi.fi\/sv\/?s={search_term_string}"},"query-input":{"@type":"PropertyValueSpecification","valueRequired":true,"valueName":"search_term_string"}}],"inLanguage":"sv-SE"},{"@type":"Organization","@id":"http:\/\/www.omegayksi.fi\/sv\/#organization","name":"Omegayksi Oy","url":"http:\/\/www.omegayksi.fi\/sv\/","logo":{"@type":"ImageObject","inLanguage":"sv-SE","@id":"http:\/\/www.omegayksi.fi\/sv\/#\/schema\/logo\/image\/","url":"http:\/\/www.omegayksi.fi\/wp-content\/uploads\/2022\/07\/cropped-cropped-cropped-Omegayksi-photomod3-1.png","contentUrl":"http:\/\/www.omegayksi.fi\/wp-content\/uploads\/2022\/07\/cropped-cropped-cropped-Omegayksi-photomod3-1.png","width":1600,"height":929,"caption":"Omegayksi Oy"},"image":{"@id":"http:\/\/www.omegayksi.fi\/sv\/#\/schema\/logo\/image\/"},"sameAs":["https:\/\/www.facebook.com\/profile.php?id=100094279863502"]}]}},"_links":{"self":[{"href":"http:\/\/www.omegayksi.fi\/sv\/wp-json\/wp\/v2\/pages\/514","targetHints":{"allow":["GET"]}}],"collection":[{"href":"http:\/\/www.omegayksi.fi\/sv\/wp-json\/wp\/v2\/pages"}],"about":[{"href":"http:\/\/www.omegayksi.fi\/sv\/wp-json\/wp\/v2\/types\/page"}],"author":[{"embeddable":true,"href":"http:\/\/www.omegayksi.fi\/sv\/wp-json\/wp\/v2\/users\/1"}],"replies":[{"embeddable":true,"href":"http:\/\/www.omegayksi.fi\/sv\/wp-json\/wp\/v2\/comments?post=514"}],"version-history":[{"count":5,"href":"http:\/\/www.omegayksi.fi\/sv\/wp-json\/wp\/v2\/pages\/514\/revisions"}],"predecessor-version":[{"id":643,"href":"http:\/\/www.omegayksi.fi\/sv\/wp-json\/wp\/v2\/pages\/514\/revisions\/643"}],"wp:featuredmedia":[{"embeddable":true,"href":"http:\/\/www.omegayksi.fi\/sv\/wp-json\/wp\/v2\/media\/827"}],"wp:attachment":[{"href":"http:\/\/www.omegayksi.fi\/sv\/wp-json\/wp\/v2\/media?parent=514"}],"curies":[{"name":"wp","href":"https:\/\/api.w.org\/{rel}","templated":true}]}}