{"id":1224,"date":"2023-03-15T12:23:55","date_gmt":"2023-03-15T10:23:55","guid":{"rendered":"https:\/\/www.omegayksi.fi\/product\/v-neck-t-shirt\/"},"modified":"2023-03-24T12:51:38","modified_gmt":"2023-03-24T10:51:38","slug":"kotisiivous","status":"publish","type":"product","link":"http:\/\/www.omegayksi.fi\/sv\/product\/kotisiivous\/","title":{"rendered":"Kotisiivous"},"content":{"rendered":"<p>Voit tilata kotisiivouksen siivouksen tilauslomaketta hy\u00f6dynt\u00e4en tai vaikka ostaa kotisiivouslahjakortin isovanhemmalle, yst\u00e4v\u00e4llesi tai jollekin toiselle sinulle t\u00e4rke\u00e4lle henkil\u00f6lle!<br \/>\nSiivoukseen kuuluu:<\/p>\n<ul>\n<li>P\u00f6lyjen pyyhint\u00e4<\/li>\n<li>Lattian nihke\u00e4 moppaus<\/li>\n<li>P\u00f6ytien pyyhint\u00e4 (mukaan lukien keitti\u00f6n tasot) ja tasoilta roskien ottaminen pois<\/li>\n<li>Ovenkahvojen pyyhint\u00e4<\/li>\n<li>Imurointi<\/li>\n<li>Wc:n ja kylpyhuoneen siivous (ei saunan ja seinien pesua)<\/li>\n<li>Peilien pyyhint\u00e4<\/li>\n<li>Suurempien roskien ker\u00e4\u00e4minen lattialta roskakoriin<\/li>\n<li>Roskien vieminen roskakatokseen<\/li>\n<\/ul>","protected":false},"excerpt":{"rendered":"<p>Voit tilata kotisiivouksen siivouksen tilauslomaketta hy\u00f6dynt\u00e4en tai vaikka ostaa kotisiivouslahjakortin isovanhemmalle, yst\u00e4v\u00e4llesi tai jollekin toiselle sinulle t\u00e4rke\u00e4lle henkil\u00f6lle!<\/p>","protected":false},"featured_media":1253,"comment_status":"open","ping_status":"closed","template":"","meta":{"site-sidebar-layout":"default","site-content-layout":"","ast-site-content-layout":"default","site-content-style":"default","site-sidebar-style":"default","ast-global-header-display":"","ast-banner-title-visibility":"","ast-main-header-display":"","ast-hfb-above-header-display":"","ast-hfb-below-header-display":"","ast-hfb-mobile-header-display":"","site-post-title":"","ast-breadcrumbs-content":"","ast-featured-img":"","footer-sml-layout":"","ast-disable-related-posts":"","theme-transparent-header-meta":"","adv-header-id-meta":"","stick-header-meta":"","header-above-stick-meta":"","header-main-stick-meta":"","header-below-stick-meta":"","astra-migrate-meta-layouts":"default","ast-page-background-enabled":"default","ast-page-background-meta":{"desktop":{"background-color":"var(--ast-global-color-5)","background-image":"","background-repeat":"repeat","background-position":"center center","background-size":"auto","background-attachment":"scroll","background-type":"","background-media":"","overlay-type":"","overlay-color":"","overlay-opacity":"","overlay-gradient":""},"tablet":{"background-color":"","background-image":"","background-repeat":"repeat","background-position":"center center","background-size":"auto","background-attachment":"scroll","background-type":"","background-media":"","overlay-type":"","overlay-color":"","overlay-opacity":"","overlay-gradient":""},"mobile":{"background-color":"","background-image":"","background-repeat":"repeat","background-position":"center center","background-size":"auto","background-attachment":"scroll","background-type":"","background-media":"","overlay-type":"","overlay-color":"","overlay-opacity":"","overlay-gradient":""}},"ast-content-background-meta":{"desktop":{"background-color":"var(--ast-global-color-4)","background-image":"","background-repeat":"repeat","background-position":"center center","background-size":"auto","background-attachment":"scroll","background-type":"","background-media":"","overlay-type":"","overlay-color":"","overlay-opacity":"","overlay-gradient":""},"tablet":{"background-color":"var(--ast-global-color-4)","background-image":"","background-repeat":"repeat","background-position":"center center","background-size":"auto","background-attachment":"scroll","background-type":"","background-media":"","overlay-type":"","overlay-color":"","overlay-opacity":"","overlay-gradient":""},"mobile":{"background-color":"var(--ast-global-color-4)","background-image":"","background-repeat":"repeat","background-position":"center center","background-size":"auto","background-attachment":"scroll","background-type":"","background-media":"","overlay-type":"","overlay-color":"","overlay-opacity":"","overlay-gradient":""}},"jetpack_post_was_ever_published":false},"product_brand":[],"product_cat":[36,35],"product_tag":[38,39,37],"class_list":{"0":"post-1224","1":"product","2":"type-product","3":"status-publish","4":"has-post-thumbnail","6":"product_cat-kotisiivous","7":"product_cat-siivous","8":"product_tag-kotisiivous","9":"product_tag-lahjakortti","10":"product_tag-siivous","11":"desktop-align-left","12":"tablet-align-left","13":"mobile-align-left","15":"first","16":"instock","17":"featured","18":"taxable","19":"shipping-taxable","20":"purchasable","21":"product-type-variable","22":"has-default-attributes"},"yoast_head":"<!-- This site is optimized with the Yoast SEO plugin v27.5 - https:\/\/yoast.com\/product\/yoast-seo-wordpress\/ -->\n<title>Kotisiivous -<\/title>\n<meta name=\"description\" content=\"Voit tilata kotisiivouksen siivouksen tilauslomaketta hy\u00f6dynt\u00e4en tai vaikka ostaa kotisiivouslahjakortin isovanhemmalle, yst\u00e4v\u00e4llesi tai jollekin toiselle sinulle t\u00e4rke\u00e4lle henkil\u00f6lle!\" \/>\n<meta name=\"robots\" content=\"index, follow, max-snippet:-1, max-image-preview:large, max-video-preview:-1\" \/>\n<link rel=\"canonical\" href=\"http:\/\/www.omegayksi.fi\/sv\/product\/kotisiivous\/\" \/>\n<meta property=\"og:locale\" content=\"sv_SE\" \/>\n<meta property=\"og:type\" content=\"article\" \/>\n<meta property=\"og:title\" content=\"Kotisiivous -\" \/>\n<meta property=\"og:description\" content=\"Voit tilata kotisiivouksen siivouksen tilauslomaketta hy\u00f6dynt\u00e4en tai vaikka ostaa kotisiivouslahjakortin isovanhemmalle, yst\u00e4v\u00e4llesi tai jollekin toiselle sinulle t\u00e4rke\u00e4lle henkil\u00f6lle!\" \/>\n<meta property=\"og:url\" content=\"http:\/\/www.omegayksi.fi\/sv\/product\/kotisiivous\/\" \/>\n<meta property=\"article:publisher\" content=\"https:\/\/www.facebook.com\/profile.php?id=100094279863502\" \/>\n<meta property=\"article:modified_time\" content=\"2023-03-24T10:51:38+00:00\" \/>\n<meta property=\"og:image\" content=\"http:\/\/www.omegayksi.fi\/wp-content\/uploads\/2023\/03\/Home-cleaning.png\" \/>\n\t<meta property=\"og:image:width\" content=\"1131\" \/>\n\t<meta property=\"og:image:height\" content=\"1600\" \/>\n\t<meta property=\"og:image:type\" content=\"image\/png\" \/>\n<meta name=\"twitter:card\" content=\"summary_large_image\" \/>\n<meta name=\"twitter:label1\" content=\"Ber\u00e4knad l\u00e4stid\" \/>\n\t<meta name=\"twitter:data1\" content=\"1 minut\" \/>\n<script type=\"application\/ld+json\" class=\"yoast-schema-graph\">{\"@context\":\"https:\\\/\\\/schema.org\",\"@graph\":[{\"@type\":\"WebPage\",\"@id\":\"http:\\\/\\\/www.omegayksi.fi\\\/sv\\\/product\\\/kotisiivous\\\/\",\"url\":\"http:\\\/\\\/www.omegayksi.fi\\\/sv\\\/product\\\/kotisiivous\\\/\",\"name\":\"Kotisiivous -\",\"isPartOf\":{\"@id\":\"https:\\\/\\\/www.omegayksi.fi\\\/#website\"},\"primaryImageOfPage\":{\"@id\":\"http:\\\/\\\/www.omegayksi.fi\\\/sv\\\/product\\\/kotisiivous\\\/#primaryimage\"},\"image\":{\"@id\":\"http:\\\/\\\/www.omegayksi.fi\\\/sv\\\/product\\\/kotisiivous\\\/#primaryimage\"},\"thumbnailUrl\":\"http:\\\/\\\/www.omegayksi.fi\\\/wp-content\\\/uploads\\\/2023\\\/03\\\/Home-cleaning.png\",\"datePublished\":\"2023-03-15T10:23:55+00:00\",\"dateModified\":\"2023-03-24T10:51:38+00:00\",\"description\":\"Voit tilata kotisiivouksen siivouksen tilauslomaketta hy\u00f6dynt\u00e4en tai vaikka ostaa kotisiivouslahjakortin isovanhemmalle, yst\u00e4v\u00e4llesi tai jollekin toiselle sinulle t\u00e4rke\u00e4lle henkil\u00f6lle!\",\"breadcrumb\":{\"@id\":\"http:\\\/\\\/www.omegayksi.fi\\\/sv\\\/product\\\/kotisiivous\\\/#breadcrumb\"},\"inLanguage\":\"sv-SE\",\"potentialAction\":[{\"@type\":\"ReadAction\",\"target\":[\"http:\\\/\\\/www.omegayksi.fi\\\/sv\\\/product\\\/kotisiivous\\\/\"]}]},{\"@type\":\"ImageObject\",\"inLanguage\":\"sv-SE\",\"@id\":\"http:\\\/\\\/www.omegayksi.fi\\\/sv\\\/product\\\/kotisiivous\\\/#primaryimage\",\"url\":\"http:\\\/\\\/www.omegayksi.fi\\\/wp-content\\\/uploads\\\/2023\\\/03\\\/Home-cleaning.png\",\"contentUrl\":\"http:\\\/\\\/www.omegayksi.fi\\\/wp-content\\\/uploads\\\/2023\\\/03\\\/Home-cleaning.png\",\"width\":1131,\"height\":1600},{\"@type\":\"BreadcrumbList\",\"@id\":\"http:\\\/\\\/www.omegayksi.fi\\\/sv\\\/product\\\/kotisiivous\\\/#breadcrumb\",\"itemListElement\":[{\"@type\":\"ListItem\",\"position\":1,\"name\":\"Home\",\"item\":\"https:\\\/\\\/www.omegayksi.fi\\\/\"},{\"@type\":\"ListItem\",\"position\":2,\"name\":\"Verkkokauppa\",\"item\":\"https:\\\/\\\/www.omegayksi.fi\\\/sv\\\/verkkokauppa2\\\/\"},{\"@type\":\"ListItem\",\"position\":3,\"name\":\"Kotisiivous\"}]},{\"@type\":\"WebSite\",\"@id\":\"https:\\\/\\\/www.omegayksi.fi\\\/#website\",\"url\":\"https:\\\/\\\/www.omegayksi.fi\\\/\",\"name\":\"Omegayksi Oy\",\"description\":\"Laadukasta palvelua suurella syd&auml;mell&auml;\",\"publisher\":{\"@id\":\"https:\\\/\\\/www.omegayksi.fi\\\/#organization\"},\"potentialAction\":[{\"@type\":\"SearchAction\",\"target\":{\"@type\":\"EntryPoint\",\"urlTemplate\":\"https:\\\/\\\/www.omegayksi.fi\\\/?s={search_term_string}\"},\"query-input\":{\"@type\":\"PropertyValueSpecification\",\"valueRequired\":true,\"valueName\":\"search_term_string\"}}],\"inLanguage\":\"sv-SE\"},{\"@type\":\"Organization\",\"@id\":\"https:\\\/\\\/www.omegayksi.fi\\\/#organization\",\"name\":\"Omegayksi Oy\",\"url\":\"https:\\\/\\\/www.omegayksi.fi\\\/\",\"logo\":{\"@type\":\"ImageObject\",\"inLanguage\":\"sv-SE\",\"@id\":\"https:\\\/\\\/www.omegayksi.fi\\\/#\\\/schema\\\/logo\\\/image\\\/\",\"url\":\"http:\\\/\\\/www.omegayksi.fi\\\/wp-content\\\/uploads\\\/2022\\\/07\\\/cropped-cropped-cropped-Omegayksi-photomod3-1.png\",\"contentUrl\":\"http:\\\/\\\/www.omegayksi.fi\\\/wp-content\\\/uploads\\\/2022\\\/07\\\/cropped-cropped-cropped-Omegayksi-photomod3-1.png\",\"width\":1600,\"height\":929,\"caption\":\"Omegayksi Oy\"},\"image\":{\"@id\":\"https:\\\/\\\/www.omegayksi.fi\\\/#\\\/schema\\\/logo\\\/image\\\/\"},\"sameAs\":[\"https:\\\/\\\/www.facebook.com\\\/profile.php?id=100094279863502\"]}]}<\/script>\n<!-- \/ Yoast SEO plugin. -->","yoast_head_json":{"title":"Kotisiivous -","description":"Voit tilata kotisiivouksen siivouksen tilauslomaketta hy\u00f6dynt\u00e4en tai vaikka ostaa kotisiivouslahjakortin isovanhemmalle, yst\u00e4v\u00e4llesi tai jollekin toiselle sinulle t\u00e4rke\u00e4lle henkil\u00f6lle!","robots":{"index":"index","follow":"follow","max-snippet":"max-snippet:-1","max-image-preview":"max-image-preview:large","max-video-preview":"max-video-preview:-1"},"canonical":"http:\/\/www.omegayksi.fi\/sv\/product\/kotisiivous\/","og_locale":"sv_SE","og_type":"article","og_title":"Kotisiivous -","og_description":"Voit tilata kotisiivouksen siivouksen tilauslomaketta hy\u00f6dynt\u00e4en tai vaikka ostaa kotisiivouslahjakortin isovanhemmalle, yst\u00e4v\u00e4llesi tai jollekin toiselle sinulle t\u00e4rke\u00e4lle henkil\u00f6lle!","og_url":"http:\/\/www.omegayksi.fi\/sv\/product\/kotisiivous\/","article_publisher":"https:\/\/www.facebook.com\/profile.php?id=100094279863502","article_modified_time":"2023-03-24T10:51:38+00:00","og_image":[{"width":1131,"height":1600,"url":"http:\/\/www.omegayksi.fi\/wp-content\/uploads\/2023\/03\/Home-cleaning.png","type":"image\/png"}],"twitter_card":"summary_large_image","twitter_misc":{"Ber\u00e4knad l\u00e4stid":"1 minut"},"schema":{"@context":"https:\/\/schema.org","@graph":[{"@type":"WebPage","@id":"http:\/\/www.omegayksi.fi\/sv\/product\/kotisiivous\/","url":"http:\/\/www.omegayksi.fi\/sv\/product\/kotisiivous\/","name":"Kotisiivous -","isPartOf":{"@id":"https:\/\/www.omegayksi.fi\/#website"},"primaryImageOfPage":{"@id":"http:\/\/www.omegayksi.fi\/sv\/product\/kotisiivous\/#primaryimage"},"image":{"@id":"http:\/\/www.omegayksi.fi\/sv\/product\/kotisiivous\/#primaryimage"},"thumbnailUrl":"http:\/\/www.omegayksi.fi\/wp-content\/uploads\/2023\/03\/Home-cleaning.png","datePublished":"2023-03-15T10:23:55+00:00","dateModified":"2023-03-24T10:51:38+00:00","description":"Voit tilata kotisiivouksen siivouksen tilauslomaketta hy\u00f6dynt\u00e4en tai vaikka ostaa kotisiivouslahjakortin isovanhemmalle, yst\u00e4v\u00e4llesi tai jollekin toiselle sinulle t\u00e4rke\u00e4lle henkil\u00f6lle!","breadcrumb":{"@id":"http:\/\/www.omegayksi.fi\/sv\/product\/kotisiivous\/#breadcrumb"},"inLanguage":"sv-SE","potentialAction":[{"@type":"ReadAction","target":["http:\/\/www.omegayksi.fi\/sv\/product\/kotisiivous\/"]}]},{"@type":"ImageObject","inLanguage":"sv-SE","@id":"http:\/\/www.omegayksi.fi\/sv\/product\/kotisiivous\/#primaryimage","url":"http:\/\/www.omegayksi.fi\/wp-content\/uploads\/2023\/03\/Home-cleaning.png","contentUrl":"http:\/\/www.omegayksi.fi\/wp-content\/uploads\/2023\/03\/Home-cleaning.png","width":1131,"height":1600},{"@type":"BreadcrumbList","@id":"http:\/\/www.omegayksi.fi\/sv\/product\/kotisiivous\/#breadcrumb","itemListElement":[{"@type":"ListItem","position":1,"name":"Home","item":"https:\/\/www.omegayksi.fi\/"},{"@type":"ListItem","position":2,"name":"Verkkokauppa","item":"https:\/\/www.omegayksi.fi\/sv\/verkkokauppa2\/"},{"@type":"ListItem","position":3,"name":"Kotisiivous"}]},{"@type":"WebSite","@id":"https:\/\/www.omegayksi.fi\/#website","url":"https:\/\/www.omegayksi.fi\/","name":"Omegayksi Oy","description":"Laadukasta palvelua suurella syd&auml;mell&auml;","publisher":{"@id":"https:\/\/www.omegayksi.fi\/#organization"},"potentialAction":[{"@type":"SearchAction","target":{"@type":"EntryPoint","urlTemplate":"https:\/\/www.omegayksi.fi\/?s={search_term_string}"},"query-input":{"@type":"PropertyValueSpecification","valueRequired":true,"valueName":"search_term_string"}}],"inLanguage":"sv-SE"},{"@type":"Organization","@id":"https:\/\/www.omegayksi.fi\/#organization","name":"Omegayksi Oy","url":"https:\/\/www.omegayksi.fi\/","logo":{"@type":"ImageObject","inLanguage":"sv-SE","@id":"https:\/\/www.omegayksi.fi\/#\/schema\/logo\/image\/","url":"http:\/\/www.omegayksi.fi\/wp-content\/uploads\/2022\/07\/cropped-cropped-cropped-Omegayksi-photomod3-1.png","contentUrl":"http:\/\/www.omegayksi.fi\/wp-content\/uploads\/2022\/07\/cropped-cropped-cropped-Omegayksi-photomod3-1.png","width":1600,"height":929,"caption":"Omegayksi Oy"},"image":{"@id":"https:\/\/www.omegayksi.fi\/#\/schema\/logo\/image\/"},"sameAs":["https:\/\/www.facebook.com\/profile.php?id=100094279863502"]}]}},"_links":{"self":[{"href":"http:\/\/www.omegayksi.fi\/sv\/wp-json\/wp\/v2\/product\/1224","targetHints":{"allow":["GET"]}}],"collection":[{"href":"http:\/\/www.omegayksi.fi\/sv\/wp-json\/wp\/v2\/product"}],"about":[{"href":"http:\/\/www.omegayksi.fi\/sv\/wp-json\/wp\/v2\/types\/product"}],"replies":[{"embeddable":true,"href":"http:\/\/www.omegayksi.fi\/sv\/wp-json\/wp\/v2\/comments?post=1224"}],"wp:featuredmedia":[{"embeddable":true,"href":"http:\/\/www.omegayksi.fi\/sv\/wp-json\/wp\/v2\/media\/1253"}],"wp:attachment":[{"href":"http:\/\/www.omegayksi.fi\/sv\/wp-json\/wp\/v2\/media?parent=1224"}],"wp:term":[{"taxonomy":"product_brand","embeddable":true,"href":"http:\/\/www.omegayksi.fi\/sv\/wp-json\/wp\/v2\/product_brand?post=1224"},{"taxonomy":"product_cat","embeddable":true,"href":"http:\/\/www.omegayksi.fi\/sv\/wp-json\/wp\/v2\/product_cat?post=1224"},{"taxonomy":"product_tag","embeddable":true,"href":"http:\/\/www.omegayksi.fi\/sv\/wp-json\/wp\/v2\/product_tag?post=1224"}],"curies":[{"name":"wp","href":"https:\/\/api.w.org\/{rel}","templated":true}]}}