{"id":1285,"date":"2023-03-24T09:56:47","date_gmt":"2023-03-24T07:56:47","guid":{"rendered":"https:\/\/www.omegayksi.fi\/?post_type=product&#038;p=1285"},"modified":"2023-06-06T10:35:28","modified_gmt":"2023-06-06T07:35:28","slug":"kokonaisvoinnin-kartoitus","status":"publish","type":"product","link":"http:\/\/www.omegayksi.fi\/sv\/product\/kokonaisvoinnin-kartoitus\/","title":{"rendered":"Kokonaisvoinnin kartoitus"},"content":{"rendered":"<p>Kokonaisvoinnin kartoitus, sairaanhoitajan ohjeet sek\u00e4 k<span lang=\"FI\">otonaan sairaslomaselvityksen <\/span>kirjoittaminen.<\/p>\n<p><span>Kotonaan sairaslomaselvityksen <\/span><\/p>\n<ul>\n<li>K\u00e4yntiin sis\u00e4ltyy sairaslomaselvityksen k<span>irjoittaminen tarvittaessa<\/span><\/li>\n<\/ul>\n<p><span>K\u00e4yntiin sis\u00e4ltyy tarvittaessa joko verenpaineen, verensokerin, veren hapettumisen,<\/span><\/p>\n<p><span>Tulehdusarvon ja\/tai hemoglo\u00adbiinin mittaamisen asiakkaan tilanteen mukaan. Kuuntelemme <\/span><\/p>\n<p><span>tilanteen mukaan my\u00f6s hengitys\u00e4\u00e4net. Kotik\u00e4ynnin ajankohta sovitaan \u00aderikseen. Emme suorita akuutteja kotik\u00e4yntej\u00e4 verkkokauppatilauksien perusteella. Jos tarvitset akuuttia kotik\u00e4ynti\u00e4 soita puhelinnumeroon 0413106875 klo 8-16. J\u00e4rjest\u00e4mme k\u00e4ynnin mahdollisuuksiemme mukaan. <\/span><\/p>","protected":false},"excerpt":{"rendered":"<p>Kokonaisvoinnin kartoitus, sairaanhoitajan ohjeet sek\u00e4 kotonaan sairaslomaselvityksen kirjoittaminen. Kotonaan sairaslomaselvityksen K\u00e4yntiin sis\u00e4ltyy sairaslomaselvityksen kirjoittaminen tarvittaessa K\u00e4yntiin sis\u00e4ltyy tarvittaessa joko verenpaineen, [&hellip;]<\/p>\n","protected":false},"featured_media":1474,"comment_status":"open","ping_status":"closed","template":"","meta":{"site-sidebar-layout":"default","site-content-layout":"","ast-site-content-layout":"default","site-content-style":"default","site-sidebar-style":"default","ast-global-header-display":"","ast-banner-title-visibility":"","ast-main-header-display":"","ast-hfb-above-header-display":"","ast-hfb-below-header-display":"","ast-hfb-mobile-header-display":"","site-post-title":"","ast-breadcrumbs-content":"","ast-featured-img":"","footer-sml-layout":"","ast-disable-related-posts":"","theme-transparent-header-meta":"","adv-header-id-meta":"","stick-header-meta":"","header-above-stick-meta":"","header-main-stick-meta":"","header-below-stick-meta":"","astra-migrate-meta-layouts":"default","ast-page-background-enabled":"default","ast-page-background-meta":{"desktop":{"background-color":"var(--ast-global-color-5)","background-image":"","background-repeat":"repeat","background-position":"center center","background-size":"auto","background-attachment":"scroll","background-type":"","background-media":"","overlay-type":"","overlay-color":"","overlay-opacity":"","overlay-gradient":""},"tablet":{"background-color":"","background-image":"","background-repeat":"repeat","background-position":"center center","background-size":"auto","background-attachment":"scroll","background-type":"","background-media":"","overlay-type":"","overlay-color":"","overlay-opacity":"","overlay-gradient":""},"mobile":{"background-color":"","background-image":"","background-repeat":"repeat","background-position":"center center","background-size":"auto","background-attachment":"scroll","background-type":"","background-media":"","overlay-type":"","overlay-color":"","overlay-opacity":"","overlay-gradient":""}},"ast-content-background-meta":{"desktop":{"background-color":"var(--ast-global-color-4)","background-image":"","background-repeat":"repeat","background-position":"center center","background-size":"auto","background-attachment":"scroll","background-type":"","background-media":"","overlay-type":"","overlay-color":"","overlay-opacity":"","overlay-gradient":""},"tablet":{"background-color":"var(--ast-global-color-4)","background-image":"","background-repeat":"repeat","background-position":"center center","background-size":"auto","background-attachment":"scroll","background-type":"","background-media":"","overlay-type":"","overlay-color":"","overlay-opacity":"","overlay-gradient":""},"mobile":{"background-color":"var(--ast-global-color-4)","background-image":"","background-repeat":"repeat","background-position":"center center","background-size":"auto","background-attachment":"scroll","background-type":"","background-media":"","overlay-type":"","overlay-color":"","overlay-opacity":"","overlay-gradient":""}},"jetpack_post_was_ever_published":false},"product_brand":[],"product_cat":[64],"product_tag":[53,52],"class_list":{"0":"post-1285","1":"product","2":"type-product","3":"status-publish","4":"has-post-thumbnail","6":"product_cat-terveyspalvelut-kotona","7":"product_tag-nursing-care","8":"product_tag-sairaanhoito","9":"desktop-align-left","10":"tablet-align-left","11":"mobile-align-left","13":"first","14":"instock","15":"purchasable","16":"product-type-simple"},"yoast_head":"<!-- This site is optimized with the Yoast SEO plugin v27.4 - https:\/\/yoast.com\/product\/yoast-seo-wordpress\/ -->\n<title>Kokonaisvoinnin kartoitus -<\/title>\n<meta name=\"robots\" content=\"index, follow, max-snippet:-1, max-image-preview:large, max-video-preview:-1\" \/>\n<link rel=\"canonical\" href=\"http:\/\/www.omegayksi.fi\/sv\/product\/kokonaisvoinnin-kartoitus\/\" \/>\n<meta property=\"og:locale\" content=\"sv_SE\" \/>\n<meta property=\"og:type\" content=\"article\" \/>\n<meta property=\"og:title\" content=\"Kokonaisvoinnin kartoitus -\" \/>\n<meta property=\"og:description\" content=\"Kokonaisvoinnin kartoitus, sairaanhoitajan ohjeet sek\u00e4 kotonaan sairaslomaselvityksen kirjoittaminen. Kotonaan sairaslomaselvityksen K\u00e4yntiin sis\u00e4ltyy sairaslomaselvityksen kirjoittaminen tarvittaessa K\u00e4yntiin sis\u00e4ltyy tarvittaessa joko verenpaineen, [&hellip;]\" \/>\n<meta property=\"og:url\" content=\"http:\/\/www.omegayksi.fi\/sv\/product\/kokonaisvoinnin-kartoitus\/\" \/>\n<meta property=\"article:publisher\" content=\"https:\/\/www.facebook.com\/profile.php?id=100094279863502\" \/>\n<meta property=\"article:modified_time\" content=\"2023-06-06T07:35:28+00:00\" \/>\n<meta property=\"og:image\" content=\"http:\/\/www.omegayksi.fi\/wp-content\/uploads\/2023\/06\/Health-check2.jpeg\" \/>\n\t<meta property=\"og:image:width\" content=\"1600\" \/>\n\t<meta property=\"og:image:height\" content=\"1131\" \/>\n\t<meta property=\"og:image:type\" content=\"image\/jpeg\" \/>\n<meta name=\"twitter:card\" content=\"summary_large_image\" \/>\n<meta name=\"twitter:label1\" content=\"Ber\u00e4knad l\u00e4stid\" \/>\n\t<meta name=\"twitter:data1\" content=\"1 minut\" \/>\n<script type=\"application\/ld+json\" class=\"yoast-schema-graph\">{\"@context\":\"https:\\\/\\\/schema.org\",\"@graph\":[{\"@type\":\"WebPage\",\"@id\":\"http:\\\/\\\/www.omegayksi.fi\\\/product\\\/kokonaisvoinnin-kartoitus\\\/\",\"url\":\"http:\\\/\\\/www.omegayksi.fi\\\/product\\\/kokonaisvoinnin-kartoitus\\\/\",\"name\":\"Kokonaisvoinnin kartoitus -\",\"isPartOf\":{\"@id\":\"http:\\\/\\\/www.omegayksi.fi\\\/#website\"},\"primaryImageOfPage\":{\"@id\":\"http:\\\/\\\/www.omegayksi.fi\\\/product\\\/kokonaisvoinnin-kartoitus\\\/#primaryimage\"},\"image\":{\"@id\":\"http:\\\/\\\/www.omegayksi.fi\\\/product\\\/kokonaisvoinnin-kartoitus\\\/#primaryimage\"},\"thumbnailUrl\":\"http:\\\/\\\/www.omegayksi.fi\\\/wp-content\\\/uploads\\\/2023\\\/06\\\/Health-check2.jpeg\",\"datePublished\":\"2023-03-24T07:56:47+00:00\",\"dateModified\":\"2023-06-06T07:35:28+00:00\",\"breadcrumb\":{\"@id\":\"http:\\\/\\\/www.omegayksi.fi\\\/product\\\/kokonaisvoinnin-kartoitus\\\/#breadcrumb\"},\"inLanguage\":\"sv-SE\",\"potentialAction\":[{\"@type\":\"ReadAction\",\"target\":[\"http:\\\/\\\/www.omegayksi.fi\\\/product\\\/kokonaisvoinnin-kartoitus\\\/\"]}]},{\"@type\":\"ImageObject\",\"inLanguage\":\"sv-SE\",\"@id\":\"http:\\\/\\\/www.omegayksi.fi\\\/product\\\/kokonaisvoinnin-kartoitus\\\/#primaryimage\",\"url\":\"http:\\\/\\\/www.omegayksi.fi\\\/wp-content\\\/uploads\\\/2023\\\/06\\\/Health-check2.jpeg\",\"contentUrl\":\"http:\\\/\\\/www.omegayksi.fi\\\/wp-content\\\/uploads\\\/2023\\\/06\\\/Health-check2.jpeg\",\"width\":1600,\"height\":1131},{\"@type\":\"BreadcrumbList\",\"@id\":\"http:\\\/\\\/www.omegayksi.fi\\\/product\\\/kokonaisvoinnin-kartoitus\\\/#breadcrumb\",\"itemListElement\":[{\"@type\":\"ListItem\",\"position\":1,\"name\":\"Home\",\"item\":\"http:\\\/\\\/www.omegayksi.fi\\\/\"},{\"@type\":\"ListItem\",\"position\":2,\"name\":\"Verkkokauppa\",\"item\":\"https:\\\/\\\/www.omegayksi.fi\\\/sv\\\/verkkokauppa2\\\/\"},{\"@type\":\"ListItem\",\"position\":3,\"name\":\"Kokonaisvoinnin kartoitus\"}]},{\"@type\":\"WebSite\",\"@id\":\"http:\\\/\\\/www.omegayksi.fi\\\/#website\",\"url\":\"http:\\\/\\\/www.omegayksi.fi\\\/\",\"name\":\"Omegayksi Oy\",\"description\":\"Laadukasta palvelua suurella syd&auml;mell&auml;\",\"publisher\":{\"@id\":\"http:\\\/\\\/www.omegayksi.fi\\\/#organization\"},\"potentialAction\":[{\"@type\":\"SearchAction\",\"target\":{\"@type\":\"EntryPoint\",\"urlTemplate\":\"http:\\\/\\\/www.omegayksi.fi\\\/?s={search_term_string}\"},\"query-input\":{\"@type\":\"PropertyValueSpecification\",\"valueRequired\":true,\"valueName\":\"search_term_string\"}}],\"inLanguage\":\"sv-SE\"},{\"@type\":\"Organization\",\"@id\":\"http:\\\/\\\/www.omegayksi.fi\\\/#organization\",\"name\":\"Omegayksi Oy\",\"url\":\"http:\\\/\\\/www.omegayksi.fi\\\/\",\"logo\":{\"@type\":\"ImageObject\",\"inLanguage\":\"sv-SE\",\"@id\":\"http:\\\/\\\/www.omegayksi.fi\\\/#\\\/schema\\\/logo\\\/image\\\/\",\"url\":\"http:\\\/\\\/www.omegayksi.fi\\\/wp-content\\\/uploads\\\/2022\\\/07\\\/cropped-cropped-cropped-Omegayksi-photomod3-1.png\",\"contentUrl\":\"http:\\\/\\\/www.omegayksi.fi\\\/wp-content\\\/uploads\\\/2022\\\/07\\\/cropped-cropped-cropped-Omegayksi-photomod3-1.png\",\"width\":1600,\"height\":929,\"caption\":\"Omegayksi Oy\"},\"image\":{\"@id\":\"http:\\\/\\\/www.omegayksi.fi\\\/#\\\/schema\\\/logo\\\/image\\\/\"},\"sameAs\":[\"https:\\\/\\\/www.facebook.com\\\/profile.php?id=100094279863502\"]}]}<\/script>\n<!-- \/ Yoast SEO plugin. -->","yoast_head_json":{"title":"Kokonaisvoinnin kartoitus -","robots":{"index":"index","follow":"follow","max-snippet":"max-snippet:-1","max-image-preview":"max-image-preview:large","max-video-preview":"max-video-preview:-1"},"canonical":"http:\/\/www.omegayksi.fi\/sv\/product\/kokonaisvoinnin-kartoitus\/","og_locale":"sv_SE","og_type":"article","og_title":"Kokonaisvoinnin kartoitus -","og_description":"Kokonaisvoinnin kartoitus, sairaanhoitajan ohjeet sek\u00e4 kotonaan sairaslomaselvityksen kirjoittaminen. Kotonaan sairaslomaselvityksen K\u00e4yntiin sis\u00e4ltyy sairaslomaselvityksen kirjoittaminen tarvittaessa K\u00e4yntiin sis\u00e4ltyy tarvittaessa joko verenpaineen, [&hellip;]","og_url":"http:\/\/www.omegayksi.fi\/sv\/product\/kokonaisvoinnin-kartoitus\/","article_publisher":"https:\/\/www.facebook.com\/profile.php?id=100094279863502","article_modified_time":"2023-06-06T07:35:28+00:00","og_image":[{"width":1600,"height":1131,"url":"http:\/\/www.omegayksi.fi\/wp-content\/uploads\/2023\/06\/Health-check2.jpeg","type":"image\/jpeg"}],"twitter_card":"summary_large_image","twitter_misc":{"Ber\u00e4knad l\u00e4stid":"1 minut"},"schema":{"@context":"https:\/\/schema.org","@graph":[{"@type":"WebPage","@id":"http:\/\/www.omegayksi.fi\/product\/kokonaisvoinnin-kartoitus\/","url":"http:\/\/www.omegayksi.fi\/product\/kokonaisvoinnin-kartoitus\/","name":"Kokonaisvoinnin kartoitus -","isPartOf":{"@id":"http:\/\/www.omegayksi.fi\/#website"},"primaryImageOfPage":{"@id":"http:\/\/www.omegayksi.fi\/product\/kokonaisvoinnin-kartoitus\/#primaryimage"},"image":{"@id":"http:\/\/www.omegayksi.fi\/product\/kokonaisvoinnin-kartoitus\/#primaryimage"},"thumbnailUrl":"http:\/\/www.omegayksi.fi\/wp-content\/uploads\/2023\/06\/Health-check2.jpeg","datePublished":"2023-03-24T07:56:47+00:00","dateModified":"2023-06-06T07:35:28+00:00","breadcrumb":{"@id":"http:\/\/www.omegayksi.fi\/product\/kokonaisvoinnin-kartoitus\/#breadcrumb"},"inLanguage":"sv-SE","potentialAction":[{"@type":"ReadAction","target":["http:\/\/www.omegayksi.fi\/product\/kokonaisvoinnin-kartoitus\/"]}]},{"@type":"ImageObject","inLanguage":"sv-SE","@id":"http:\/\/www.omegayksi.fi\/product\/kokonaisvoinnin-kartoitus\/#primaryimage","url":"http:\/\/www.omegayksi.fi\/wp-content\/uploads\/2023\/06\/Health-check2.jpeg","contentUrl":"http:\/\/www.omegayksi.fi\/wp-content\/uploads\/2023\/06\/Health-check2.jpeg","width":1600,"height":1131},{"@type":"BreadcrumbList","@id":"http:\/\/www.omegayksi.fi\/product\/kokonaisvoinnin-kartoitus\/#breadcrumb","itemListElement":[{"@type":"ListItem","position":1,"name":"Home","item":"http:\/\/www.omegayksi.fi\/"},{"@type":"ListItem","position":2,"name":"Verkkokauppa","item":"https:\/\/www.omegayksi.fi\/sv\/verkkokauppa2\/"},{"@type":"ListItem","position":3,"name":"Kokonaisvoinnin kartoitus"}]},{"@type":"WebSite","@id":"http:\/\/www.omegayksi.fi\/#website","url":"http:\/\/www.omegayksi.fi\/","name":"Omegayksi Oy","description":"Laadukasta palvelua suurella syd&auml;mell&auml;","publisher":{"@id":"http:\/\/www.omegayksi.fi\/#organization"},"potentialAction":[{"@type":"SearchAction","target":{"@type":"EntryPoint","urlTemplate":"http:\/\/www.omegayksi.fi\/?s={search_term_string}"},"query-input":{"@type":"PropertyValueSpecification","valueRequired":true,"valueName":"search_term_string"}}],"inLanguage":"sv-SE"},{"@type":"Organization","@id":"http:\/\/www.omegayksi.fi\/#organization","name":"Omegayksi Oy","url":"http:\/\/www.omegayksi.fi\/","logo":{"@type":"ImageObject","inLanguage":"sv-SE","@id":"http:\/\/www.omegayksi.fi\/#\/schema\/logo\/image\/","url":"http:\/\/www.omegayksi.fi\/wp-content\/uploads\/2022\/07\/cropped-cropped-cropped-Omegayksi-photomod3-1.png","contentUrl":"http:\/\/www.omegayksi.fi\/wp-content\/uploads\/2022\/07\/cropped-cropped-cropped-Omegayksi-photomod3-1.png","width":1600,"height":929,"caption":"Omegayksi Oy"},"image":{"@id":"http:\/\/www.omegayksi.fi\/#\/schema\/logo\/image\/"},"sameAs":["https:\/\/www.facebook.com\/profile.php?id=100094279863502"]}]}},"_links":{"self":[{"href":"http:\/\/www.omegayksi.fi\/sv\/wp-json\/wp\/v2\/product\/1285","targetHints":{"allow":["GET"]}}],"collection":[{"href":"http:\/\/www.omegayksi.fi\/sv\/wp-json\/wp\/v2\/product"}],"about":[{"href":"http:\/\/www.omegayksi.fi\/sv\/wp-json\/wp\/v2\/types\/product"}],"replies":[{"embeddable":true,"href":"http:\/\/www.omegayksi.fi\/sv\/wp-json\/wp\/v2\/comments?post=1285"}],"wp:featuredmedia":[{"embeddable":true,"href":"http:\/\/www.omegayksi.fi\/sv\/wp-json\/wp\/v2\/media\/1474"}],"wp:attachment":[{"href":"http:\/\/www.omegayksi.fi\/sv\/wp-json\/wp\/v2\/media?parent=1285"}],"wp:term":[{"taxonomy":"product_brand","embeddable":true,"href":"http:\/\/www.omegayksi.fi\/sv\/wp-json\/wp\/v2\/product_brand?post=1285"},{"taxonomy":"product_cat","embeddable":true,"href":"http:\/\/www.omegayksi.fi\/sv\/wp-json\/wp\/v2\/product_cat?post=1285"},{"taxonomy":"product_tag","embeddable":true,"href":"http:\/\/www.omegayksi.fi\/sv\/wp-json\/wp\/v2\/product_tag?post=1285"}],"curies":[{"name":"wp","href":"https:\/\/api.w.org\/{rel}","templated":true}]}}