{"id":1831,"date":"2024-03-19T12:14:24","date_gmt":"2024-03-19T10:14:24","guid":{"rendered":"https:\/\/www.omegayksi.fi\/?page_id=1831"},"modified":"2026-04-21T09:36:27","modified_gmt":"2026-04-21T06:36:27","slug":"rahanpalautus","status":"publish","type":"page","link":"https:\/\/www.omegayksi.fi\/sv\/rahanpalautus\/","title":{"rendered":"Rahanpalautus"},"content":{"rendered":"\n<p>Oletko maksanut Omegayhdelle liikaa tai odotatko rahanpalautusta? Haluamme tietenkin, ett\u00e4 saat rahasi takaisin niin pian kuin mahdollista. T\u00e4yt\u00e4th\u00e4n alla olevat tiedot, niin me teemme parhaamme, ett\u00e4 saat rahat tilillesi 14 vuorokauden kuluessa.<\/p>\n\n\n<div class=\"wpforms-container wpforms-container-full wpforms-block wpforms-block-51beff7d-9914-4ff7-b39e-70009ac52949 wpforms-render-modern\" id=\"wpforms-1826\"><form id=\"wpforms-form-1826\" class=\"wpforms-validate wpforms-form wpforms-ajax-form\" data-formid=\"1826\" method=\"post\" enctype=\"multipart\/form-data\" action=\"\/sv\/wp-json\/wp\/v2\/pages\/1831\" data-token=\"85075cac108e59a070eef28b457260c9\" data-token-time=\"1778835014\"><noscript class=\"wpforms-error-noscript\">Aktivera JavaScript i din webbl\u00e4sare f\u00f6r att fylla i formul\u00e4ret.<\/noscript><div id=\"wpforms-error-noscript\" style=\"display: none;\">Aktivera JavaScript i din webbl\u00e4sare f\u00f6r att fylla i formul\u00e4ret.<\/div><div class=\"wpforms-field-container\"><div id=\"wpforms-1826-field_1-container\" class=\"wpforms-field wpforms-field-number\" data-field-id=\"1\"><label class=\"wpforms-field-label\" for=\"wpforms-1826-field_1\">Laskunumero\/Kuittinumero <span class=\"wpforms-required-label\" aria-hidden=\"true\">*<\/span><\/label><input type=\"number\" id=\"wpforms-1826-field_1\" class=\"wpforms-field-medium wpforms-field-required\" name=\"wpforms[fields][1]\" step=\"any\" aria-errormessage=\"wpforms-1826-field_1-error\" required><\/div><div id=\"wpforms-1826-field_5-container\" class=\"wpforms-field wpforms-field-email\" data-field-id=\"5\"><label class=\"wpforms-field-label\" for=\"wpforms-1826-field_5\">S\u00e4hk\u00f6postiosoite <span class=\"wpforms-required-label\" aria-hidden=\"true\">*<\/span><\/label><input type=\"email\" id=\"wpforms-1826-field_5\" class=\"wpforms-field-medium wpforms-field-required\" name=\"wpforms[fields][5]\" spellcheck=\"false\" aria-errormessage=\"wpforms-1826-field_5-error\" required><\/div><div id=\"wpforms-1826-field_4-container\" class=\"wpforms-field wpforms-field-select wpforms-field-select-style-classic\" data-field-id=\"4\"><label class=\"wpforms-field-label\" for=\"wpforms-1826-field_4\">Valitse <span class=\"wpforms-required-label\" aria-hidden=\"true\">*<\/span><\/label><select id=\"wpforms-1826-field_4\" class=\"wpforms-field-medium wpforms-field-required\" name=\"wpforms[fields][4]\" required=\"required\"><option value=\"Yksityisasiakas\"  class=\"choice-1 depth-1\"  >Yksityisasiakas<\/option><option value=\"Yritys\"  class=\"choice-2 depth-1\"  >Yritys<\/option><\/select><\/div><div id=\"wpforms-1826-field_9-container\" class=\"wpforms-field wpforms-field-name\" data-field-id=\"9\"><label class=\"wpforms-field-label\" for=\"wpforms-1826-field_9\">Sukunimi ja etunimi tai Yrityksen nimi ja Y-tunnus <span class=\"wpforms-required-label\" aria-hidden=\"true\">*<\/span><\/label><input type=\"text\" id=\"wpforms-1826-field_9\" class=\"wpforms-field-medium wpforms-field-required\" name=\"wpforms[fields][9]\" aria-errormessage=\"wpforms-1826-field_9-error\" required><\/div><div id=\"wpforms-1826-field_2-container\" class=\"wpforms-field wpforms-field-radio\" data-field-id=\"2\"><fieldset><legend class=\"wpforms-field-label\">Miksi pyyd\u00e4t rahanpalautusta? <span class=\"wpforms-required-label\" aria-hidden=\"true\">*<\/span><\/legend><ul id=\"wpforms-1826-field_2\" class=\"wpforms-field-required\"><li class=\"choice-1 depth-1\"><input type=\"radio\" id=\"wpforms-1826-field_2_1\" name=\"wpforms[fields][2]\" value=\"Useita maksuja samalle laskulle\" aria-errormessage=\"wpforms-1826-field_2_1-error\" required ><label class=\"wpforms-field-label-inline\" for=\"wpforms-1826-field_2_1\">Useita maksuja samalle laskulle<\/label><\/li><li class=\"choice-2 depth-1\"><input type=\"radio\" id=\"wpforms-1826-field_2_2\" name=\"wpforms[fields][2]\" value=\"Liikamaksu\" aria-errormessage=\"wpforms-1826-field_2_2-error\" required ><label class=\"wpforms-field-label-inline\" for=\"wpforms-1826-field_2_2\">Liikamaksu<\/label><\/li><li class=\"choice-3 depth-1\"><input type=\"radio\" id=\"wpforms-1826-field_2_3\" name=\"wpforms[fields][2]\" value=\"Maksettu palvelusta, jota ei toimitettu\" aria-errormessage=\"wpforms-1826-field_2_3-error\" required ><label class=\"wpforms-field-label-inline\" for=\"wpforms-1826-field_2_3\">Maksettu palvelusta, jota ei toimitettu<\/label><\/li><li class=\"choice-4 depth-1\"><input type=\"radio\" id=\"wpforms-1826-field_2_4\" name=\"wpforms[fields][2]\" value=\"Olen maksanut palvelusta, joka pit\u00e4isi saada takaisin.\" aria-errormessage=\"wpforms-1826-field_2_4-error\" required ><label class=\"wpforms-field-label-inline\" for=\"wpforms-1826-field_2_4\">Olen maksanut palvelusta, joka pit\u00e4isi saada takaisin.<\/label><\/li><\/ul><\/fieldset><\/div><div id=\"wpforms-1826-field_15-container\" class=\"wpforms-field wpforms-field-select wpforms-field-select-style-classic\" data-field-id=\"15\"><label class=\"wpforms-field-label\" for=\"wpforms-1826-field_15\">Kuinka monta maksua? <span class=\"wpforms-required-label\" aria-hidden=\"true\">*<\/span><\/label><select id=\"wpforms-1826-field_15\" class=\"wpforms-field-medium wpforms-field-required\" name=\"wpforms[fields][15]\" required=\"required\"><option value=\"1\"  class=\"choice-1 depth-1\"  >1<\/option><option value=\"2\"  class=\"choice-2 depth-1\"  >2<\/option><option value=\"3\"  class=\"choice-3 depth-1\"  >3<\/option><\/select><\/div><div id=\"wpforms-1826-field_17-container\" class=\"wpforms-field wpforms-field-text\" data-field-id=\"17\"><label class=\"wpforms-field-label\" for=\"wpforms-1826-field_17\">Alkuper\u00e4inen laskun summa <span class=\"wpforms-required-label\" aria-hidden=\"true\">*<\/span><\/label><input type=\"text\" id=\"wpforms-1826-field_17\" class=\"wpforms-field-medium wpforms-field-required\" name=\"wpforms[fields][17]\" aria-errormessage=\"wpforms-1826-field_17-error\" required><\/div><div id=\"wpforms-1826-field_18-container\" class=\"wpforms-field wpforms-field-text\" data-field-id=\"18\"><label class=\"wpforms-field-label\" for=\"wpforms-1826-field_18\">Maksettu lis\u00e4summa <span class=\"wpforms-required-label\" aria-hidden=\"true\">*<\/span><\/label><input type=\"text\" id=\"wpforms-1826-field_18\" class=\"wpforms-field-medium wpforms-field-required\" name=\"wpforms[fields][18]\" aria-errormessage=\"wpforms-1826-field_18-error\" aria-describedby=\"wpforms-1826-field_18-description\" required><div id=\"wpforms-1826-field_18-description\" class=\"wpforms-field-description\">Sy\u00f6t\u00e4 summa, joka ylitt\u00e4\u00e4 laskutetun summan. Eli summa, jonka haet hyvityst\u00e4.<\/div><\/div><div id=\"wpforms-1826-field_19-container\" class=\"wpforms-field wpforms-field-text\" data-field-id=\"19\"><label class=\"wpforms-field-label\" for=\"wpforms-1826-field_19\">Maksup\u00e4iv\u00e4<\/label><input type=\"text\" id=\"wpforms-1826-field_19\" class=\"wpforms-field-medium\" name=\"wpforms[fields][19]\" aria-errormessage=\"wpforms-1826-field_19-error\" ><\/div><div id=\"wpforms-1826-field_12-container\" class=\"wpforms-field wpforms-field-text\" data-field-id=\"12\"><label class=\"wpforms-field-label\" for=\"wpforms-1826-field_12\">IBAN-muotoinen tilinumero <span class=\"wpforms-required-label\" aria-hidden=\"true\">*<\/span><\/label><input type=\"text\" id=\"wpforms-1826-field_12\" class=\"wpforms-field-medium wpforms-field-required\" name=\"wpforms[fields][12]\" aria-errormessage=\"wpforms-1826-field_12-error\" aria-describedby=\"wpforms-1826-field_12-description\" required><div id=\"wpforms-1826-field_12-description\" class=\"wpforms-field-description\">Eth\u00e4n sy\u00f6t\u00e4 luottokorttitietojasi t\u00e4h\u00e4n lomakkeeseen.<\/div><\/div><div id=\"wpforms-1826-field_14-container\" class=\"wpforms-field wpforms-field-gdpr-checkbox\" data-field-id=\"14\"><label class=\"wpforms-field-label wpforms-label-hide\" aria-hidden=\"false\">GDPR Sopimus <span class=\"wpforms-required-label\" aria-hidden=\"true\">*<\/span><\/label><ul id=\"wpforms-1826-field_14\" class=\"wpforms-field-required\"><li class=\"choice-1\"><input type=\"checkbox\" id=\"wpforms-1826-field_14_1\" name=\"wpforms[fields][14][]\" value=\"Sy\u00f6tt\u00e4m\u00e4ll\u00e4 tiedot, hyv\u00e4ksyn Omegayhden henkil\u00f6tietojen k\u00e4sittelyn.\" aria-errormessage=\"wpforms-1826-field_14_1-error\" aria-describedby=\"wpforms-1826-field_14-description\" required ><label class=\"wpforms-field-label-inline\" for=\"wpforms-1826-field_14_1\">Sy\u00f6tt\u00e4m\u00e4ll\u00e4 tiedot, hyv\u00e4ksyn Omegayhden henkil\u00f6tietojen k\u00e4sittelyn. <span class=\"wpforms-required-label\" aria-hidden=\"true\">*<\/span><\/label><\/li><\/ul><div id=\"wpforms-1826-field_14-description\" class=\"wpforms-field-description\">Tarkistathan, ett\u00e4 antamasi tilitiedot ovat oikein, ennen kuin l\u00e4het\u00e4t lomakkeen. Jos et ole varma tiedoista, tarkistathan ne pankiltasi.<\/div><\/div><\/div><!-- .wpforms-field-container --><div class=\"wpforms-submit-container\" ><input type=\"hidden\" name=\"wpforms[id]\" value=\"1826\"><input type=\"hidden\" name=\"page_title\" value=\"\"><input type=\"hidden\" name=\"page_url\" value=\"https:\/\/www.omegayksi.fi\/sv\/wp-json\/wp\/v2\/pages\/1831\"><input type=\"hidden\" name=\"url_referer\" value=\"\"><button type=\"submit\" name=\"wpforms[submit]\" id=\"wpforms-submit-1826\" class=\"wpforms-submit\" data-alt-text=\"L\u00e4hetet\u00e4\u00e4n...\" data-submit-text=\"L\u00e4het\u00e4\" aria-live=\"assertive\" value=\"wpforms-submit\">L\u00e4het\u00e4<\/button><img decoding=\"async\" src=\"https:\/\/www.omegayksi.fi\/wp-content\/plugins\/wpforms-lite\/assets\/images\/submit-spin.svg\" class=\"wpforms-submit-spinner\" style=\"display: none;\" width=\"26\" height=\"26\" alt=\"Laddar\"><\/div><\/form><\/div>  <!-- .wpforms-container -->","protected":false},"excerpt":{"rendered":"<p>Oletko maksanut Omegayhdelle liikaa tai odotatko rahanpalautusta? Haluamme tietenkin, ett\u00e4 saat rahasi takaisin niin pian kuin mahdollista. T\u00e4yt\u00e4th\u00e4n alla olevat [&hellip;]<\/p>\n","protected":false},"author":1,"featured_media":0,"parent":0,"menu_order":0,"comment_status":"closed","ping_status":"closed","template":"","meta":{"site-sidebar-layout":"default","site-content-layout":"","ast-site-content-layout":"default","site-content-style":"default","site-sidebar-style":"default","ast-global-header-display":"","ast-banner-title-visibility":"","ast-main-header-display":"","ast-hfb-above-header-display":"","ast-hfb-below-header-display":"","ast-hfb-mobile-header-display":"","site-post-title":"","ast-breadcrumbs-content":"","ast-featured-img":"","footer-sml-layout":"","ast-disable-related-posts":"","theme-transparent-header-meta":"","adv-header-id-meta":"","stick-header-meta":"","header-above-stick-meta":"","header-main-stick-meta":"","header-below-stick-meta":"","astra-migrate-meta-layouts":"default","ast-page-background-enabled":"default","ast-page-background-meta":{"desktop":{"background-color":"var(--ast-global-color-5)","background-image":"","background-repeat":"repeat","background-position":"center center","background-size":"auto","background-attachment":"scroll","background-type":"","background-media":"","overlay-type":"","overlay-color":"","overlay-opacity":"","overlay-gradient":""},"tablet":{"background-color":"","background-image":"","background-repeat":"repeat","background-position":"center center","background-size":"auto","background-attachment":"scroll","background-type":"","background-media":"","overlay-type":"","overlay-color":"","overlay-opacity":"","overlay-gradient":""},"mobile":{"background-color":"","background-image":"","background-repeat":"repeat","background-position":"center center","background-size":"auto","background-attachment":"scroll","background-type":"","background-media":"","overlay-type":"","overlay-color":"","overlay-opacity":"","overlay-gradient":""}},"ast-content-background-meta":{"desktop":{"background-color":"var(--ast-global-color-4)","background-image":"","background-repeat":"repeat","background-position":"center center","background-size":"auto","background-attachment":"scroll","background-type":"","background-media":"","overlay-type":"","overlay-color":"","overlay-opacity":"","overlay-gradient":""},"tablet":{"background-color":"var(--ast-global-color-4)","background-image":"","background-repeat":"repeat","background-position":"center center","background-size":"auto","background-attachment":"scroll","background-type":"","background-media":"","overlay-type":"","overlay-color":"","overlay-opacity":"","overlay-gradient":""},"mobile":{"background-color":"var(--ast-global-color-4)","background-image":"","background-repeat":"repeat","background-position":"center center","background-size":"auto","background-attachment":"scroll","background-type":"","background-media":"","overlay-type":"","overlay-color":"","overlay-opacity":"","overlay-gradient":""}},"footnotes":""},"class_list":["post-1831","page","type-page","status-publish","hentry"],"yoast_head":"<!-- This site is optimized with the Yoast SEO plugin v27.6 - https:\/\/yoast.com\/product\/yoast-seo-wordpress\/ -->\n<title>Rahanpalautus -<\/title>\n<meta name=\"robots\" content=\"index, follow, max-snippet:-1, max-image-preview:large, max-video-preview:-1\" \/>\n<link rel=\"canonical\" href=\"http:\/\/www.omegayksi.fi\/sv\/rahanpalautus\/\" \/>\n<meta property=\"og:locale\" content=\"sv_SE\" \/>\n<meta property=\"og:type\" content=\"article\" \/>\n<meta property=\"og:title\" content=\"Rahanpalautus -\" \/>\n<meta property=\"og:description\" content=\"Oletko maksanut Omegayhdelle liikaa tai odotatko rahanpalautusta? Haluamme tietenkin, ett\u00e4 saat rahasi takaisin niin pian kuin mahdollista. T\u00e4yt\u00e4th\u00e4n alla olevat [&hellip;]\" \/>\n<meta property=\"og:url\" content=\"http:\/\/www.omegayksi.fi\/sv\/rahanpalautus\/\" \/>\n<meta property=\"article:publisher\" content=\"https:\/\/www.facebook.com\/profile.php?id=100094279863502\" \/>\n<meta property=\"article:modified_time\" content=\"2026-04-21T06:36:27+00:00\" \/>\n<meta name=\"twitter:card\" content=\"summary_large_image\" \/>\n<meta name=\"twitter:label1\" content=\"Ber\u00e4knad l\u00e4stid\" \/>\n\t<meta name=\"twitter:data1\" content=\"1 minut\" \/>\n<script type=\"application\/ld+json\" class=\"yoast-schema-graph\">{\"@context\":\"https:\\\/\\\/schema.org\",\"@graph\":[{\"@type\":\"WebPage\",\"@id\":\"http:\\\/\\\/www.omegayksi.fi\\\/sv\\\/rahanpalautus\\\/\",\"url\":\"http:\\\/\\\/www.omegayksi.fi\\\/sv\\\/rahanpalautus\\\/\",\"name\":\"Rahanpalautus -\",\"isPartOf\":{\"@id\":\"https:\\\/\\\/www.omegayksi.fi\\\/#website\"},\"datePublished\":\"2024-03-19T10:14:24+00:00\",\"dateModified\":\"2026-04-21T06:36:27+00:00\",\"breadcrumb\":{\"@id\":\"http:\\\/\\\/www.omegayksi.fi\\\/sv\\\/rahanpalautus\\\/#breadcrumb\"},\"inLanguage\":\"sv-SE\",\"potentialAction\":[{\"@type\":\"ReadAction\",\"target\":[\"http:\\\/\\\/www.omegayksi.fi\\\/sv\\\/rahanpalautus\\\/\"]}]},{\"@type\":\"BreadcrumbList\",\"@id\":\"http:\\\/\\\/www.omegayksi.fi\\\/sv\\\/rahanpalautus\\\/#breadcrumb\",\"itemListElement\":[{\"@type\":\"ListItem\",\"position\":1,\"name\":\"Home\",\"item\":\"http:\\\/\\\/www.omegayksi.fi\\\/sv\\\/\"},{\"@type\":\"ListItem\",\"position\":2,\"name\":\"Rahanpalautus\"}]},{\"@type\":\"WebSite\",\"@id\":\"https:\\\/\\\/www.omegayksi.fi\\\/#website\",\"url\":\"https:\\\/\\\/www.omegayksi.fi\\\/\",\"name\":\"Omegayksi Oy\",\"description\":\"Laadukasta palvelua suurella syd&auml;mell&auml;\",\"publisher\":{\"@id\":\"https:\\\/\\\/www.omegayksi.fi\\\/#organization\"},\"potentialAction\":[{\"@type\":\"SearchAction\",\"target\":{\"@type\":\"EntryPoint\",\"urlTemplate\":\"https:\\\/\\\/www.omegayksi.fi\\\/?s={search_term_string}\"},\"query-input\":{\"@type\":\"PropertyValueSpecification\",\"valueRequired\":true,\"valueName\":\"search_term_string\"}}],\"inLanguage\":\"sv-SE\"},{\"@type\":\"Organization\",\"@id\":\"https:\\\/\\\/www.omegayksi.fi\\\/#organization\",\"name\":\"Omegayksi Oy\",\"url\":\"https:\\\/\\\/www.omegayksi.fi\\\/\",\"logo\":{\"@type\":\"ImageObject\",\"inLanguage\":\"sv-SE\",\"@id\":\"https:\\\/\\\/www.omegayksi.fi\\\/#\\\/schema\\\/logo\\\/image\\\/\",\"url\":\"https:\\\/\\\/www.omegayksi.fi\\\/wp-content\\\/uploads\\\/2022\\\/07\\\/cropped-cropped-cropped-Omegayksi-photomod3-1.png\",\"contentUrl\":\"https:\\\/\\\/www.omegayksi.fi\\\/wp-content\\\/uploads\\\/2022\\\/07\\\/cropped-cropped-cropped-Omegayksi-photomod3-1.png\",\"width\":1600,\"height\":929,\"caption\":\"Omegayksi Oy\"},\"image\":{\"@id\":\"https:\\\/\\\/www.omegayksi.fi\\\/#\\\/schema\\\/logo\\\/image\\\/\"},\"sameAs\":[\"https:\\\/\\\/www.facebook.com\\\/profile.php?id=100094279863502\"]}]}<\/script>\n<!-- \/ Yoast SEO plugin. -->","yoast_head_json":{"title":"Rahanpalautus -","robots":{"index":"index","follow":"follow","max-snippet":"max-snippet:-1","max-image-preview":"max-image-preview:large","max-video-preview":"max-video-preview:-1"},"canonical":"http:\/\/www.omegayksi.fi\/sv\/rahanpalautus\/","og_locale":"sv_SE","og_type":"article","og_title":"Rahanpalautus -","og_description":"Oletko maksanut Omegayhdelle liikaa tai odotatko rahanpalautusta? Haluamme tietenkin, ett\u00e4 saat rahasi takaisin niin pian kuin mahdollista. T\u00e4yt\u00e4th\u00e4n alla olevat [&hellip;]","og_url":"http:\/\/www.omegayksi.fi\/sv\/rahanpalautus\/","article_publisher":"https:\/\/www.facebook.com\/profile.php?id=100094279863502","article_modified_time":"2026-04-21T06:36:27+00:00","twitter_card":"summary_large_image","twitter_misc":{"Ber\u00e4knad l\u00e4stid":"1 minut"},"schema":{"@context":"https:\/\/schema.org","@graph":[{"@type":"WebPage","@id":"http:\/\/www.omegayksi.fi\/sv\/rahanpalautus\/","url":"http:\/\/www.omegayksi.fi\/sv\/rahanpalautus\/","name":"Rahanpalautus -","isPartOf":{"@id":"https:\/\/www.omegayksi.fi\/#website"},"datePublished":"2024-03-19T10:14:24+00:00","dateModified":"2026-04-21T06:36:27+00:00","breadcrumb":{"@id":"http:\/\/www.omegayksi.fi\/sv\/rahanpalautus\/#breadcrumb"},"inLanguage":"sv-SE","potentialAction":[{"@type":"ReadAction","target":["http:\/\/www.omegayksi.fi\/sv\/rahanpalautus\/"]}]},{"@type":"BreadcrumbList","@id":"http:\/\/www.omegayksi.fi\/sv\/rahanpalautus\/#breadcrumb","itemListElement":[{"@type":"ListItem","position":1,"name":"Home","item":"http:\/\/www.omegayksi.fi\/sv\/"},{"@type":"ListItem","position":2,"name":"Rahanpalautus"}]},{"@type":"WebSite","@id":"https:\/\/www.omegayksi.fi\/#website","url":"https:\/\/www.omegayksi.fi\/","name":"Omegayksi Oy","description":"Laadukasta palvelua suurella syd&auml;mell&auml;","publisher":{"@id":"https:\/\/www.omegayksi.fi\/#organization"},"potentialAction":[{"@type":"SearchAction","target":{"@type":"EntryPoint","urlTemplate":"https:\/\/www.omegayksi.fi\/?s={search_term_string}"},"query-input":{"@type":"PropertyValueSpecification","valueRequired":true,"valueName":"search_term_string"}}],"inLanguage":"sv-SE"},{"@type":"Organization","@id":"https:\/\/www.omegayksi.fi\/#organization","name":"Omegayksi Oy","url":"https:\/\/www.omegayksi.fi\/","logo":{"@type":"ImageObject","inLanguage":"sv-SE","@id":"https:\/\/www.omegayksi.fi\/#\/schema\/logo\/image\/","url":"https:\/\/www.omegayksi.fi\/wp-content\/uploads\/2022\/07\/cropped-cropped-cropped-Omegayksi-photomod3-1.png","contentUrl":"https:\/\/www.omegayksi.fi\/wp-content\/uploads\/2022\/07\/cropped-cropped-cropped-Omegayksi-photomod3-1.png","width":1600,"height":929,"caption":"Omegayksi Oy"},"image":{"@id":"https:\/\/www.omegayksi.fi\/#\/schema\/logo\/image\/"},"sameAs":["https:\/\/www.facebook.com\/profile.php?id=100094279863502"]}]}},"_links":{"self":[{"href":"https:\/\/www.omegayksi.fi\/sv\/wp-json\/wp\/v2\/pages\/1831","targetHints":{"allow":["GET"]}}],"collection":[{"href":"https:\/\/www.omegayksi.fi\/sv\/wp-json\/wp\/v2\/pages"}],"about":[{"href":"https:\/\/www.omegayksi.fi\/sv\/wp-json\/wp\/v2\/types\/page"}],"author":[{"embeddable":true,"href":"https:\/\/www.omegayksi.fi\/sv\/wp-json\/wp\/v2\/users\/1"}],"replies":[{"embeddable":true,"href":"https:\/\/www.omegayksi.fi\/sv\/wp-json\/wp\/v2\/comments?post=1831"}],"version-history":[{"count":2,"href":"https:\/\/www.omegayksi.fi\/sv\/wp-json\/wp\/v2\/pages\/1831\/revisions"}],"predecessor-version":[{"id":3011,"href":"https:\/\/www.omegayksi.fi\/sv\/wp-json\/wp\/v2\/pages\/1831\/revisions\/3011"}],"wp:attachment":[{"href":"https:\/\/www.omegayksi.fi\/sv\/wp-json\/wp\/v2\/media?parent=1831"}],"curies":[{"name":"wp","href":"https:\/\/api.w.org\/{rel}","templated":true}]}}