{"id":345,"date":"2017-01-26T22:45:04","date_gmt":"2017-01-26T20:45:04","guid":{"rendered":"http:\/\/www.omegayksi.fi\/?page_id=345"},"modified":"2021-01-09T14:17:16","modified_gmt":"2021-01-09T12:17:16","slug":"tilaa-maksuton-kartoituskaynti","status":"publish","type":"page","link":"https:\/\/www.omegayksi.fi\/sv\/tilaa-maksuton-kartoituskaynti\/","title":{"rendered":"Best\u00e4ll ett gratis kartverktyg"},"content":{"rendered":"\n<p>T\u00e4yt\u00e4 lomake tai soita meille niin otamme sinuun yhteytt\u00e4.<br>\n(*) Pakolliset kent\u00e4t merkitty t\u00e4hdell\u00e4.<\/p>\n<noscript class=\"ninja-forms-noscript-message\">\n\tObservera: JavaScript kr\u00e4vs f\u00f6r detta inneh\u00e5ll.<\/noscript>\n<div id=\"nf-form-2-cont\" class=\"nf-form-cont\" aria-live=\"polite\" aria-labelledby=\"nf-form-title-2\" aria-describedby=\"nf-form-errors-2\" role=\"form\">\n\n    <div class=\"nf-loading-spinner\"><\/div>\n\n<\/div>\n        <!-- That data is being printed as a workaround to page builders reordering the order of the scripts loaded-->\n        <script>var formDisplay=1;var nfForms=nfForms||[];var form=[];form.id='2';form.settings={\"objectType\":\"Form Setting\",\"editActive\":true,\"title\":\"Tilaa maksuton kartoitusk\\u00e4ynti\",\"created_at\":\"2016-03-16 20:27:29\",\"show_title\":1,\"clear_complete\":\"1\",\"hide_complete\":\"1\",\"currency\":\"usd\",\"add_submit\":\"1\",\"logged_in\":\"0\",\"lock\":\"0\",\"default_label_pos\":\"above\",\"wrapper_class\":\"\",\"element_class\":\"\",\"not_logged_in_msg\":\"\",\"sub_limit_msg\":\"\",\"calculations\":[],\"fieldContentsData\":[{\"label\":\"Name\",\"key\":\"name\",\"parent_id\":2,\"type\":\"textbox\",\"created_at\":\"2016-03-16 20:27:29\",\"objectType\":\"Field\",\"objectDomain\":\"fields\",\"editActive\":false,\"label_pos\":\"above\",\"required\":1,\"placeholder\":\"\",\"default\":\"\",\"wrapper_class\":\"\",\"element_class\":\"\",\"input_limit\":\"\",\"input_limit_type\":\"characters\",\"input_limit_message\":\"Character(s) left\",\"manual_key\":\"\",\"disable_input\":\"\",\"admin_label\":\"\",\"help_text\":\"\",\"desc_text\":\"\",\"desc_pos\":\"\",\"disable_browser_autocomplete\":\"\",\"mask\":\"\",\"custom_mask\":\"\",\"order\":1,\"id\":7,\"container_class\":\"\",\"input_limit_msg\":\"Character(s) left\"},{\"label\":\"Email\",\"key\":\"email\",\"parent_id\":2,\"type\":\"email\",\"created_at\":\"2016-03-16 20:27:29\",\"objectType\":\"Field\",\"objectDomain\":\"fields\",\"editActive\":false,\"label_pos\":\"above\",\"required\":1,\"default\":\"\",\"placeholder\":\"\",\"wrapper_class\":\"\",\"element_class\":\"\",\"admin_label\":\"\",\"help_text\":\"\",\"desc_text\":\"\",\"desc_pos\":\"\",\"order\":2,\"id\":8,\"container_class\":\"\"},{\"label\":\"Message\",\"key\":\"message\",\"parent_id\":2,\"type\":\"textarea\",\"created_at\":\"2016-03-16 20:27:29\",\"objectType\":\"Field\",\"objectDomain\":\"fields\",\"editActive\":false,\"label_pos\":\"above\",\"required\":1,\"placeholder\":\"\",\"default\":\"\",\"wrapper_class\":\"\",\"element_class\":\"\",\"input_limit\":\"\",\"input_limit_type\":\"characters\",\"input_limit_message\":\"Character(s) left\",\"manual_key\":\"\",\"disable_input\":\"\",\"admin_label\":\"\",\"help_text\":\"\",\"desc_text\":\"\",\"desc_pos\":\"\",\"disable_browser_autocomplete\":\"\",\"textarea_rte\":\"\",\"disable_rte_mobile\":\"\",\"textarea_media\":\"\",\"order\":3,\"id\":9,\"container_class\":\"\",\"input_limit_msg\":\"Character(s) left\"},{\"label\":\"What is thirteen minus 6?\",\"key\":\"spam_1\",\"parent_id\":2,\"type\":\"spam\",\"created_at\":\"2016-03-16 20:27:29\",\"objectType\":\"Field\",\"objectDomain\":\"fields\",\"editActive\":false,\"label_pos\":\"above\",\"required\":1,\"placeholder\":\"\",\"default\":\"\",\"wrapper_class\":\"\",\"element_class\":\"\",\"input_limit\":\"\",\"input_limit_type\":\"characters\",\"input_limit_message\":\"Character(s) left\",\"manual_key\":1,\"disable_input\":\"\",\"admin_label\":\"\",\"help_text\":\"\",\"desc_text\":\"\",\"desc_pos\":\"\",\"spam_answer\":7,\"order\":4,\"id\":10,\"container_class\":\"\",\"input_limit_msg\":\"Character(s) left\"},{\"label\":\"Send\",\"key\":\"send\",\"parent_id\":2,\"type\":\"submit\",\"created_at\":\"2016-03-16 20:27:29\",\"objectType\":\"Field\",\"objectDomain\":\"fields\",\"editActive\":false,\"processing_label\":\"Processing\",\"wrapper_class\":\"\",\"element_class\":\"\",\"order\":5,\"id\":11,\"container_class\":\"\"}],\"formContentData\":[\"nimi_1610194362977\",\"saehkoeposti_1610194376838\",\"viesti_1610194382996\",\"spam_1\",\"laehettaeae_1610194448463\"],\"allow_public_link\":0,\"embed_form\":\"\",\"unique_field_error\":\"A form with this value has already been submitted.\",\"key\":\"\",\"changeEmailErrorMsg\":\"OLE HYV\\u00c4 JA SY\\u00d6T\\u00c4 TOIMIVA S\\u00c4HK\\u00d6POSTIOSOITE!\",\"changeDateErrorMsg\":\"Ange ett giltigt datum!\",\"confirmFieldErrorMsg\":\"Dessa f\\u00e4lt m\\u00e5ste matcha!\",\"fieldNumberNumMinError\":\"Minnummer-fel\",\"fieldNumberNumMaxError\":\"Maxnummer-fel\",\"fieldNumberIncrementBy\":\"\\u00d6ka med \",\"formErrorsCorrectErrors\":\"R\\u00e4tta till fel innan du skickar in detta formul\\u00e4r.\",\"validateRequiredField\":\"T\\u00c4M\\u00c4 ON PAKOLLINEN KENTT\\u00c4.\",\"honeypotHoneypotError\":\"HONEYPOT VIRHE\",\"fieldsMarkedRequired\":\"Kent\\u00e4t merkittyn\\u00e4 t\\u00e4hdell\\u00e4 * ovat pakollisia.\",\"drawerDisabled\":false,\"ninjaForms\":\"Ninja Forms\",\"fieldTextareaRTEInsertLink\":\"Infoga l\\u00e4nk\",\"fieldTextareaRTEInsertMedia\":\"Infoga media\",\"fieldTextareaRTESelectAFile\":\"V\\u00e4lj en fil\",\"formHoneypot\":\"Om du \\u00e4r en m\\u00e4nniska som ser detta f\\u00e4lt, l\\u00e4mna det tomt.\",\"fileUploadOldCodeFileUploadInProgress\":\"Filuppladdning p\\u00e5g\\u00e5r.\",\"fileUploadOldCodeFileUpload\":\"FILUPPLADDNING\",\"currencySymbol\":\"&euro;\",\"thousands_sep\":\"&nbsp;\",\"decimal_point\":\",\",\"siteLocale\":\"sv_SE\",\"dateFormat\":\"d\\\/m\\\/Y\",\"startOfWeek\":\"1\",\"of\":\"av\",\"previousMonth\":\"F\\u00f6reg\\u00e5ende m\\u00e5nad\",\"nextMonth\":\"N\\u00e4sta m\\u00e5nad\",\"months\":[\"Januari\",\"Februari\",\"Mars\",\"April\",\"Maj\",\"Juni\",\"Juli\",\"Augusti\",\"September\",\"Oktober\",\"November\",\"December\"],\"monthsShort\":[\"Jan\",\"Feb\",\"Mar\",\"Apr\",\"Maj\",\"Jun\",\"Jul\",\"Aug\",\"Sep\",\"Okt\",\"Nov\",\"Dec\"],\"weekdays\":[\"S\\u00f6ndag\",\"M\\u00e5ndag\",\"Tisdag\",\"Onsdag\",\"Torsdag\",\"Fredag\",\"L\\u00f6rdag\"],\"weekdaysShort\":[\"S\\u00f6n\",\"M\\u00e5n\",\"Tis\",\"Ons\",\"Tor\",\"Fre\",\"L\\u00f6r\"],\"weekdaysMin\":[\"S\\u00f6\",\"M\\u00e5\",\"Ti\",\"On\",\"To\",\"Fr\",\"L\\u00f6\"],\"recaptchaConsentMissing\":\"reCaptcha validation couldn&#039;t load.\",\"recaptchaMissingCookie\":\"reCaptcha v3 validation couldn&#039;t load the cookie needed to submit the form.\",\"recaptchaConsentEvent\":\"Accept reCaptcha cookies before sending the form.\",\"currency_symbol\":\"\",\"beforeForm\":\"\",\"beforeFields\":\"\",\"afterFields\":\"\",\"afterForm\":\"\"};form.fields=[{\"objectType\":\"Field\",\"objectDomain\":\"fields\",\"editActive\":false,\"order\":1,\"label_pos\":\"above\",\"required\":1,\"input_limit_type\":\"characters\",\"input_limit_message\":\"Character(s) left\",\"input_limit_msg\":\"Character(s) left\",\"label\":\"Nimi\",\"key\":\"nimi_1610194362977\",\"type\":\"textbox\",\"default\":\"\",\"placeholder\":\"\",\"container_class\":\"\",\"element_class\":\"\",\"input_limit\":\"\",\"manual_key\":false,\"admin_label\":\"\",\"help_text\":\"\",\"mask\":\"\",\"custom_mask\":\"\",\"custom_name_attribute\":\"\",\"personally_identifiable\":\"\",\"value\":\"\",\"id\":7,\"beforeField\":\"\",\"afterField\":\"\",\"parentType\":\"textbox\",\"element_templates\":[\"textbox\",\"input\"],\"old_classname\":\"\",\"wrap_template\":\"wrap\"},{\"objectType\":\"Field\",\"objectDomain\":\"fields\",\"editActive\":false,\"order\":2,\"label_pos\":\"above\",\"required\":1,\"label\":\"S\\u00e4hk\\u00f6posti\",\"key\":\"saehkoeposti_1610194376838\",\"type\":\"email\",\"default\":\"\",\"placeholder\":\"\",\"container_class\":\"\",\"element_class\":\"\",\"admin_label\":\"\",\"help_text\":\"\",\"custom_name_attribute\":\"email\",\"personally_identifiable\":1,\"value\":\"\",\"id\":8,\"beforeField\":\"\",\"afterField\":\"\",\"parentType\":\"email\",\"element_templates\":[\"email\",\"input\"],\"old_classname\":\"\",\"wrap_template\":\"wrap\"},{\"objectType\":\"Field\",\"objectDomain\":\"fields\",\"editActive\":false,\"order\":3,\"label_pos\":\"above\",\"required\":1,\"input_limit_type\":\"characters\",\"input_limit_message\":\"Character(s) left\",\"input_limit_msg\":\"Character(s) left\",\"label\":\"Viesti\",\"key\":\"viesti_1610194382996\",\"type\":\"textarea\",\"default\":\"\",\"placeholder\":\"\",\"container_class\":\"\",\"element_class\":\"\",\"input_limit\":\"\",\"manual_key\":false,\"admin_label\":\"\",\"help_text\":\"\",\"textarea_rte\":\"\",\"disable_rte_mobile\":\"\",\"textarea_media\":\"\",\"value\":\"\",\"id\":9,\"beforeField\":\"\",\"afterField\":\"\",\"parentType\":\"textarea\",\"element_templates\":[\"textarea\",\"input\"],\"old_classname\":\"\",\"wrap_template\":\"wrap\"},{\"objectType\":\"Field\",\"objectDomain\":\"fields\",\"editActive\":false,\"order\":4,\"label_pos\":\"above\",\"required\":1,\"input_limit_type\":\"characters\",\"input_limit_message\":\"Character(s) left\",\"manual_key\":1,\"spam_answer\":7,\"input_limit_msg\":\"Character(s) left\",\"label\":\"Mik\\u00e4 on kolmetoista miinus 6?\",\"key\":\"spam_1\",\"type\":\"spam\",\"default\":\"\",\"placeholder\":\"\",\"container_class\":\"\",\"element_class\":\"\",\"input_limit\":\"\",\"admin_label\":\"\",\"help_text\":\"\",\"value\":\"\",\"drawerDisabled\":false,\"id\":10,\"beforeField\":\"\",\"afterField\":\"\",\"parentType\":\"spam\",\"element_templates\":[\"textbox\",\"input\"],\"old_classname\":\"\",\"wrap_template\":\"wrap\"},{\"objectType\":\"Field\",\"objectDomain\":\"fields\",\"editActive\":false,\"order\":5,\"processing_label\":\"L\\u00e4hetet\\u00e4\\u00e4n ...\",\"label\":\"L\\u00e4hett\\u00e4\\u00e4\",\"key\":\"laehettaeae_1610194448463\",\"type\":\"submit\",\"container_class\":\"\",\"element_class\":\"\",\"drawerDisabled\":false,\"id\":11,\"beforeField\":\"\",\"afterField\":\"\",\"value\":\"\",\"label_pos\":\"above\",\"parentType\":\"textbox\",\"element_templates\":[\"submit\",\"button\",\"input\"],\"old_classname\":\"\",\"wrap_template\":\"wrap-no-label\"}];nfForms.push(form);<\/script>\n        ","protected":false},"excerpt":{"rendered":"<p>T\u00e4yt\u00e4 lomake tai soita meille niin otamme sinuun yhteytt\u00e4. (*) Pakolliset kent\u00e4t merkitty t\u00e4hdell\u00e4. Observera: JavaScript kr\u00e4vs f\u00f6r detta inneh\u00e5ll.<\/p>","protected":false},"author":1,"featured_media":0,"parent":0,"menu_order":0,"comment_status":"closed","ping_status":"closed","template":"","meta":{"site-sidebar-layout":"default","site-content-layout":"","ast-site-content-layout":"default","site-content-style":"default","site-sidebar-style":"default","ast-global-header-display":"","ast-banner-title-visibility":"","ast-main-header-display":"","ast-hfb-above-header-display":"","ast-hfb-below-header-display":"","ast-hfb-mobile-header-display":"","site-post-title":"","ast-breadcrumbs-content":"","ast-featured-img":"","footer-sml-layout":"","ast-disable-related-posts":"","theme-transparent-header-meta":"","adv-header-id-meta":"","stick-header-meta":"","header-above-stick-meta":"","header-main-stick-meta":"","header-below-stick-meta":"","astra-migrate-meta-layouts":"default","ast-page-background-enabled":"default","ast-page-background-meta":{"desktop":{"background-color":"var(--ast-global-color-5)","background-image":"","background-repeat":"repeat","background-position":"center center","background-size":"auto","background-attachment":"scroll","background-type":"","background-media":"","overlay-type":"","overlay-color":"","overlay-opacity":"","overlay-gradient":""},"tablet":{"background-color":"","background-image":"","background-repeat":"repeat","background-position":"center center","background-size":"auto","background-attachment":"scroll","background-type":"","background-media":"","overlay-type":"","overlay-color":"","overlay-opacity":"","overlay-gradient":""},"mobile":{"background-color":"","background-image":"","background-repeat":"repeat","background-position":"center center","background-size":"auto","background-attachment":"scroll","background-type":"","background-media":"","overlay-type":"","overlay-color":"","overlay-opacity":"","overlay-gradient":""}},"ast-content-background-meta":{"desktop":{"background-color":"var(--ast-global-color-4)","background-image":"","background-repeat":"repeat","background-position":"center center","background-size":"auto","background-attachment":"scroll","background-type":"","background-media":"","overlay-type":"","overlay-color":"","overlay-opacity":"","overlay-gradient":""},"tablet":{"background-color":"var(--ast-global-color-4)","background-image":"","background-repeat":"repeat","background-position":"center center","background-size":"auto","background-attachment":"scroll","background-type":"","background-media":"","overlay-type":"","overlay-color":"","overlay-opacity":"","overlay-gradient":""},"mobile":{"background-color":"var(--ast-global-color-4)","background-image":"","background-repeat":"repeat","background-position":"center center","background-size":"auto","background-attachment":"scroll","background-type":"","background-media":"","overlay-type":"","overlay-color":"","overlay-opacity":"","overlay-gradient":""}},"jetpack_post_was_ever_published":false,"footnotes":""},"class_list":["post-345","page","type-page","status-publish","hentry"],"yoast_head":"<!-- This site is optimized with the Yoast SEO plugin v27.5 - https:\/\/yoast.com\/product\/yoast-seo-wordpress\/ -->\n<title>Tilaa maksuton kartoitusk\u00e4ynti -<\/title>\n<meta name=\"robots\" content=\"index, follow, max-snippet:-1, max-image-preview:large, max-video-preview:-1\" \/>\n<link rel=\"canonical\" href=\"http:\/\/www.omegayksi.fi\/sv\/tilaa-maksuton-kartoituskaynti\/\" \/>\n<meta property=\"og:locale\" content=\"sv_SE\" \/>\n<meta property=\"og:type\" content=\"article\" \/>\n<meta property=\"og:title\" content=\"Tilaa maksuton kartoitusk\u00e4ynti -\" \/>\n<meta property=\"og:description\" content=\"T\u00e4yt\u00e4 lomake tai soita meille niin otamme sinuun yhteytt\u00e4. (*) Pakolliset kent\u00e4t merkitty t\u00e4hdell\u00e4. Observera: JavaScript kr\u00e4vs f\u00f6r detta inneh\u00e5ll.\" \/>\n<meta property=\"og:url\" content=\"http:\/\/www.omegayksi.fi\/sv\/tilaa-maksuton-kartoituskaynti\/\" \/>\n<meta property=\"article:publisher\" content=\"https:\/\/www.facebook.com\/profile.php?id=100094279863502\" \/>\n<meta property=\"article:modified_time\" content=\"2021-01-09T12:17:16+00:00\" \/>\n<meta name=\"twitter:card\" content=\"summary_large_image\" \/>\n<script type=\"application\/ld+json\" class=\"yoast-schema-graph\">{\"@context\":\"https:\\\/\\\/schema.org\",\"@graph\":[{\"@type\":\"WebPage\",\"@id\":\"http:\\\/\\\/www.omegayksi.fi\\\/tilaa-maksuton-kartoituskaynti\\\/\",\"url\":\"http:\\\/\\\/www.omegayksi.fi\\\/tilaa-maksuton-kartoituskaynti\\\/\",\"name\":\"Tilaa maksuton kartoitusk\u00e4ynti -\",\"isPartOf\":{\"@id\":\"http:\\\/\\\/www.omegayksi.fi\\\/sv\\\/#website\"},\"datePublished\":\"2017-01-26T20:45:04+00:00\",\"dateModified\":\"2021-01-09T12:17:16+00:00\",\"breadcrumb\":{\"@id\":\"http:\\\/\\\/www.omegayksi.fi\\\/tilaa-maksuton-kartoituskaynti\\\/#breadcrumb\"},\"inLanguage\":\"sv-SE\",\"potentialAction\":[{\"@type\":\"ReadAction\",\"target\":[\"http:\\\/\\\/www.omegayksi.fi\\\/tilaa-maksuton-kartoituskaynti\\\/\"]}]},{\"@type\":\"BreadcrumbList\",\"@id\":\"http:\\\/\\\/www.omegayksi.fi\\\/tilaa-maksuton-kartoituskaynti\\\/#breadcrumb\",\"itemListElement\":[{\"@type\":\"ListItem\",\"position\":1,\"name\":\"Home\",\"item\":\"http:\\\/\\\/www.omegayksi.fi\\\/sv\\\/\"},{\"@type\":\"ListItem\",\"position\":2,\"name\":\"Tilaa maksuton kartoitusk\u00e4ynti\"}]},{\"@type\":\"WebSite\",\"@id\":\"http:\\\/\\\/www.omegayksi.fi\\\/sv\\\/#website\",\"url\":\"http:\\\/\\\/www.omegayksi.fi\\\/sv\\\/\",\"name\":\"Omegayksi Oy\",\"description\":\"Laadukasta palvelua suurella syd&auml;mell&auml;\",\"publisher\":{\"@id\":\"http:\\\/\\\/www.omegayksi.fi\\\/sv\\\/#organization\"},\"potentialAction\":[{\"@type\":\"SearchAction\",\"target\":{\"@type\":\"EntryPoint\",\"urlTemplate\":\"http:\\\/\\\/www.omegayksi.fi\\\/sv\\\/?s={search_term_string}\"},\"query-input\":{\"@type\":\"PropertyValueSpecification\",\"valueRequired\":true,\"valueName\":\"search_term_string\"}}],\"inLanguage\":\"sv-SE\"},{\"@type\":\"Organization\",\"@id\":\"http:\\\/\\\/www.omegayksi.fi\\\/sv\\\/#organization\",\"name\":\"Omegayksi Oy\",\"url\":\"http:\\\/\\\/www.omegayksi.fi\\\/sv\\\/\",\"logo\":{\"@type\":\"ImageObject\",\"inLanguage\":\"sv-SE\",\"@id\":\"http:\\\/\\\/www.omegayksi.fi\\\/sv\\\/#\\\/schema\\\/logo\\\/image\\\/\",\"url\":\"https:\\\/\\\/www.omegayksi.fi\\\/wp-content\\\/uploads\\\/2022\\\/07\\\/cropped-cropped-cropped-Omegayksi-photomod3-1.png\",\"contentUrl\":\"https:\\\/\\\/www.omegayksi.fi\\\/wp-content\\\/uploads\\\/2022\\\/07\\\/cropped-cropped-cropped-Omegayksi-photomod3-1.png\",\"width\":1600,\"height\":929,\"caption\":\"Omegayksi Oy\"},\"image\":{\"@id\":\"http:\\\/\\\/www.omegayksi.fi\\\/sv\\\/#\\\/schema\\\/logo\\\/image\\\/\"},\"sameAs\":[\"https:\\\/\\\/www.facebook.com\\\/profile.php?id=100094279863502\"]}]}<\/script>\n<!-- \/ Yoast SEO plugin. -->","yoast_head_json":{"title":"Tilaa maksuton kartoitusk\u00e4ynti -","robots":{"index":"index","follow":"follow","max-snippet":"max-snippet:-1","max-image-preview":"max-image-preview:large","max-video-preview":"max-video-preview:-1"},"canonical":"http:\/\/www.omegayksi.fi\/sv\/tilaa-maksuton-kartoituskaynti\/","og_locale":"sv_SE","og_type":"article","og_title":"Tilaa maksuton kartoitusk\u00e4ynti -","og_description":"T\u00e4yt\u00e4 lomake tai soita meille niin otamme sinuun yhteytt\u00e4. (*) Pakolliset kent\u00e4t merkitty t\u00e4hdell\u00e4. Observera: JavaScript kr\u00e4vs f\u00f6r detta inneh\u00e5ll.","og_url":"http:\/\/www.omegayksi.fi\/sv\/tilaa-maksuton-kartoituskaynti\/","article_publisher":"https:\/\/www.facebook.com\/profile.php?id=100094279863502","article_modified_time":"2021-01-09T12:17:16+00:00","twitter_card":"summary_large_image","schema":{"@context":"https:\/\/schema.org","@graph":[{"@type":"WebPage","@id":"http:\/\/www.omegayksi.fi\/tilaa-maksuton-kartoituskaynti\/","url":"http:\/\/www.omegayksi.fi\/tilaa-maksuton-kartoituskaynti\/","name":"Tilaa maksuton kartoitusk\u00e4ynti -","isPartOf":{"@id":"http:\/\/www.omegayksi.fi\/sv\/#website"},"datePublished":"2017-01-26T20:45:04+00:00","dateModified":"2021-01-09T12:17:16+00:00","breadcrumb":{"@id":"http:\/\/www.omegayksi.fi\/tilaa-maksuton-kartoituskaynti\/#breadcrumb"},"inLanguage":"sv-SE","potentialAction":[{"@type":"ReadAction","target":["http:\/\/www.omegayksi.fi\/tilaa-maksuton-kartoituskaynti\/"]}]},{"@type":"BreadcrumbList","@id":"http:\/\/www.omegayksi.fi\/tilaa-maksuton-kartoituskaynti\/#breadcrumb","itemListElement":[{"@type":"ListItem","position":1,"name":"Home","item":"http:\/\/www.omegayksi.fi\/sv\/"},{"@type":"ListItem","position":2,"name":"Tilaa maksuton kartoitusk\u00e4ynti"}]},{"@type":"WebSite","@id":"http:\/\/www.omegayksi.fi\/sv\/#website","url":"http:\/\/www.omegayksi.fi\/sv\/","name":"Omegayksi Oy","description":"Laadukasta palvelua suurella syd&auml;mell&auml;","publisher":{"@id":"http:\/\/www.omegayksi.fi\/sv\/#organization"},"potentialAction":[{"@type":"SearchAction","target":{"@type":"EntryPoint","urlTemplate":"http:\/\/www.omegayksi.fi\/sv\/?s={search_term_string}"},"query-input":{"@type":"PropertyValueSpecification","valueRequired":true,"valueName":"search_term_string"}}],"inLanguage":"sv-SE"},{"@type":"Organization","@id":"http:\/\/www.omegayksi.fi\/sv\/#organization","name":"Omegayksi Oy","url":"http:\/\/www.omegayksi.fi\/sv\/","logo":{"@type":"ImageObject","inLanguage":"sv-SE","@id":"http:\/\/www.omegayksi.fi\/sv\/#\/schema\/logo\/image\/","url":"https:\/\/www.omegayksi.fi\/wp-content\/uploads\/2022\/07\/cropped-cropped-cropped-Omegayksi-photomod3-1.png","contentUrl":"https:\/\/www.omegayksi.fi\/wp-content\/uploads\/2022\/07\/cropped-cropped-cropped-Omegayksi-photomod3-1.png","width":1600,"height":929,"caption":"Omegayksi Oy"},"image":{"@id":"http:\/\/www.omegayksi.fi\/sv\/#\/schema\/logo\/image\/"},"sameAs":["https:\/\/www.facebook.com\/profile.php?id=100094279863502"]}]}},"_links":{"self":[{"href":"https:\/\/www.omegayksi.fi\/sv\/wp-json\/wp\/v2\/pages\/345","targetHints":{"allow":["GET"]}}],"collection":[{"href":"https:\/\/www.omegayksi.fi\/sv\/wp-json\/wp\/v2\/pages"}],"about":[{"href":"https:\/\/www.omegayksi.fi\/sv\/wp-json\/wp\/v2\/types\/page"}],"author":[{"embeddable":true,"href":"https:\/\/www.omegayksi.fi\/sv\/wp-json\/wp\/v2\/users\/1"}],"replies":[{"embeddable":true,"href":"https:\/\/www.omegayksi.fi\/sv\/wp-json\/wp\/v2\/comments?post=345"}],"version-history":[{"count":11,"href":"https:\/\/www.omegayksi.fi\/sv\/wp-json\/wp\/v2\/pages\/345\/revisions"}],"predecessor-version":[{"id":2843,"href":"https:\/\/www.omegayksi.fi\/sv\/wp-json\/wp\/v2\/pages\/345\/revisions\/2843"}],"wp:attachment":[{"href":"https:\/\/www.omegayksi.fi\/sv\/wp-json\/wp\/v2\/media?parent=345"}],"curies":[{"name":"wp","href":"https:\/\/api.w.org\/{rel}","templated":true}]}}