{"id":857,"date":"2022-07-08T20:32:17","date_gmt":"2022-07-08T17:32:17","guid":{"rendered":"https:\/\/www.omegayksi.fi\/?page_id=857"},"modified":"2023-01-27T08:52:48","modified_gmt":"2023-01-27T06:52:48","slug":"cookies-data-protection","status":"publish","type":"page","link":"https:\/\/www.omegayksi.fi\/sv\/cookies-data-protection\/","title":{"rendered":"Ev\u00e4steet ja tietosuoja"},"content":{"rendered":"<h1>Omegayksi Oy:n ev\u00e4stek\u00e4yt\u00e4nt\u00f6<\/h1>\n<p>T\u00e4m\u00e4 on Omegayksi Oy:n ev\u00e4stek\u00e4yt\u00e4nt\u00f6, joka l\u00f6ytyy osoitteesta Omegayksi.fi<\/p>\n<p><strong>Mit\u00e4 ev\u00e4steet ovat<\/strong><\/p>\n<p>Kuten yleinen k\u00e4yt\u00e4nt\u00f6 melkein kaikilla ammattisivustoilla, t\u00e4m\u00e4 sivusto k\u00e4ytt\u00e4\u00e4 ev\u00e4steit\u00e4, jotka ovat pieni\u00e4 tiedostoja, jotka ladataan tietokoneellesi k\u00e4ytt\u00f6kokemuksesi parantamiseksi. T\u00e4ll\u00e4 sivulla kerrotaan, mit\u00e4 tietoja he ker\u00e4\u00e4v\u00e4t, kuinka k\u00e4yt\u00e4mme niit\u00e4 ja miksi meid\u00e4n on joskus tallennettava n\u00e4m\u00e4 ev\u00e4steet. Kerromme my\u00f6s, kuinka voit est\u00e4\u00e4 n\u00e4iden ev\u00e4steiden tallentamisen, mutta t\u00e4m\u00e4 voi heikent\u00e4\u00e4 tai &#8221;rikkoa&#8221; tiettyj\u00e4 sivuston toimintojen elementtej\u00e4.<\/p>\n<p><strong>Kuinka k\u00e4yt\u00e4mme ev\u00e4steit\u00e4<\/strong><\/p>\n<p>K\u00e4yt\u00e4mme ev\u00e4steit\u00e4 useista alla kuvatuista syist\u00e4. Valitettavasti useimmissa tapauksissa ei ole alan standardivaihtoehtoja ev\u00e4steiden poistamiseksi k\u00e4yt\u00f6st\u00e4 poistamatta kokonaan k\u00e4yt\u00f6st\u00e4 niiden t\u00e4lle sivustolle lis\u00e4\u00e4mi\u00e4 toimintoja ja ominaisuuksia. Suosittelemme j\u00e4tt\u00e4m\u00e4\u00e4n kaikki ev\u00e4steet p\u00e4\u00e4lle, jos et ole varma, tarvitsetko niit\u00e4 vai et, jos niit\u00e4 k\u00e4ytet\u00e4\u00e4n k\u00e4ytt\u00e4m\u00e4si palvelun tarjoamiseen.<\/p>\n<p><strong>Ev\u00e4steiden poistaminen k\u00e4yt\u00f6st\u00e4<\/strong><\/p>\n<p>Voit est\u00e4\u00e4 ev\u00e4steiden asettamisen s\u00e4\u00e4t\u00e4m\u00e4ll\u00e4 selaimesi asetuksia (katso selainohjeesta, miten t\u00e4m\u00e4 tehd\u00e4\u00e4n). Huomaa, ett\u00e4 ev\u00e4steiden poistaminen k\u00e4yt\u00f6st\u00e4 vaikuttaa t\u00e4m\u00e4n ja monien muiden vierailemiesi verkkosivustojen toimivuuteen. Ev\u00e4steiden poistaminen k\u00e4yt\u00f6st\u00e4 johtaa yleens\u00e4 my\u00f6s t\u00e4m\u00e4n sivuston tiettyjen toimintojen ja ominaisuuksien poistamiseen k\u00e4yt\u00f6st\u00e4. Siksi on suositeltavaa, ett\u00e4 et poista ev\u00e4steit\u00e4 k\u00e4yt\u00f6st\u00e4. T\u00e4m\u00e4 ev\u00e4stek\u00e4yt\u00e4nt\u00f6 on luotu <a href=\"https:\/\/www.cookiepolicygenerator.com\/cookie-policy-generator\/\">ev\u00e4stek\u00e4yt\u00e4nt\u00f6generaattorin<\/a> avulla.<\/p>\n<p><strong>Asettamamme ev\u00e4steet<\/strong><\/p>\n<ul>\n<li>S\u00e4hk\u00f6postiuutiskirjeisiin liittyv\u00e4t ev\u00e4steet\nT\u00e4m\u00e4 sivusto tarjoaa uutiskirjeen tai s\u00e4hk\u00f6postin tilauspalveluita, ja ev\u00e4steit\u00e4 voidaan k\u00e4ytt\u00e4\u00e4 muistamaan, oletko jo rekister\u00f6itynyt ja n\u00e4ytt\u00e4\u00e4k\u00f6 tiettyj\u00e4 ilmoituksia, jotka saattavat koskea vain tilaajia\/tilaamattomia k\u00e4ytt\u00e4ji\u00e4.<\/li>\n<li>Ev\u00e4steit\u00e4 k\u00e4sittelev\u00e4t tilaukset\nT\u00e4m\u00e4 sivusto tarjoaa verkkokauppa- tai maksutoimintoja, ja jotkin ev\u00e4steet ovat v\u00e4ltt\u00e4m\u00e4tt\u00f6mi\u00e4 sen varmistamiseksi, ett\u00e4 tilauksesi muistetaan sivujen v\u00e4lill\u00e4, jotta voimme k\u00e4sitell\u00e4 sen oikein.<\/li>\n<li>Kyselyihin liittyv\u00e4t ev\u00e4steet\nTarjoamme ajoittain k\u00e4ytt\u00e4j\u00e4kyselyit\u00e4 ja kyselylomakkeita tarjotaksemme sinulle mielenkiintoisia n\u00e4kemyksi\u00e4, hy\u00f6dyllisi\u00e4 ty\u00f6kaluja tai ymm\u00e4rt\u00e4\u00e4ksemme k\u00e4ytt\u00e4j\u00e4kuntaamme tarkemmin. N\u00e4m\u00e4 kyselyt voivat k\u00e4ytt\u00e4\u00e4 ev\u00e4steit\u00e4 muistamaan, kuka on jo osallistunut kyselyyn, tai tarjotakseen sinulle tarkkoja tuloksia sivun vaihtamisen j\u00e4lkeen.<\/li>\n<li>Lomakkeisiin liittyv\u00e4t ev\u00e4steet\nKun l\u00e4het\u00e4t tietoja lomakkeella, kuten yhteydenottosivuilta tai kommenttilomakkeista l\u00f6ytyv\u00e4n lomakkeen kautta, ev\u00e4steet voidaan asettaa muistamaan k\u00e4ytt\u00e4j\u00e4tietosi tulevaa kirjeenvaihtoa varten.<\/li>\n<li>Sivustoasetusten ev\u00e4steet\nJotta voimme tarjota sinulle erinomaisen k\u00e4ytt\u00f6kokemuksen t\u00e4ll\u00e4 sivustolla, tarjoamme toiminnon, jonka avulla voit m\u00e4\u00e4ritt\u00e4\u00e4, miten t\u00e4m\u00e4 sivusto toimii, kun k\u00e4yt\u00e4t sit\u00e4. Muistaaksemme asetuksesi meid\u00e4n on asetettava ev\u00e4steet, jotta n\u00e4m\u00e4 tiedot voidaan kutsua aina, kun olet vuorovaikutuksessa sivun kanssa, johon asetuksesi vaikuttavat.<\/li>\n<\/ul>\n<p><strong>Kolmannen osapuolen ev\u00e4steet<\/strong><\/p>\n<p>Joissakin erikoistapauksissa k\u00e4yt\u00e4mme my\u00f6s luotettujen kolmansien osapuolien ev\u00e4steit\u00e4. Seuraavassa osiossa kerrotaan, mit\u00e4 kolmannen osapuolen ev\u00e4steit\u00e4 saatat kohdata t\u00e4m\u00e4n sivuston kautta.<\/p>\n<ul>\n<li>T\u00e4m\u00e4 sivusto k\u00e4ytt\u00e4\u00e4 Google Analyticsia, joka on yksi verkon yleisimmist\u00e4 ja luotettavimmista analytiikkaratkaisuista. Se auttaa meit\u00e4 ymm\u00e4rt\u00e4m\u00e4\u00e4n, kuinka k\u00e4yt\u00e4t sivustoa ja miten voimme parantaa k\u00e4ytt\u00f6kokemustasi. N\u00e4m\u00e4 ev\u00e4steet voivat seurata asioita, kuten kuinka kauan viet\u00e4t sivustolla ja sivut, joilla vierailet, jotta voimme jatkaa kiinnostavan sis\u00e4ll\u00f6n tuottamista.\nLis\u00e4tietoja Google Analyticsin ev\u00e4steist\u00e4 on virallisella Google Analytics -sivulla.<\/li>\n<\/ul>\n<p><strong>Lis\u00e4tietoja<\/strong><\/p>\n<p>Toivottavasti t\u00e4m\u00e4 on selvent\u00e4nyt asioita, ja kuten aiemmin mainittiin, jos et ole varma, tarvitsetko jotain, on yleens\u00e4 turvallisempaa j\u00e4tt\u00e4\u00e4 ev\u00e4steet k\u00e4ytt\u00f6\u00f6n, jos se on vuorovaikutuksessa jonkin k\u00e4ytt\u00e4m\u00e4si toiminnon kanssa. sivustollamme.<\/p>\n<p>Lis\u00e4tietoja ev\u00e4steist\u00e4 saat lukemalla <a href=\"https:\/\/www.cookiepolicygenerator.com\/sample-cookies-policy\/\">ev\u00e4stek\u00e4yt\u00e4nt\u00f6artikkelin<\/a>.<\/p>\n<p>Jos kuitenkin viel\u00e4 etsit lis\u00e4tietoja, voit ottaa meihin yhteytt\u00e4 jollakin seuraavista yhteydenottotavoistamme:<\/p>\n<ul>\n<li>S\u00e4hk\u00f6posti: info@omegayksi.fi<\/li>\n<\/ul>","protected":false},"excerpt":{"rendered":"","protected":false},"author":1,"featured_media":0,"parent":0,"menu_order":0,"comment_status":"closed","ping_status":"closed","template":"","meta":{"site-sidebar-layout":"default","site-content-layout":"","ast-site-content-layout":"default","site-content-style":"default","site-sidebar-style":"default","ast-global-header-display":"","ast-banner-title-visibility":"","ast-main-header-display":"","ast-hfb-above-header-display":"","ast-hfb-below-header-display":"","ast-hfb-mobile-header-display":"","site-post-title":"","ast-breadcrumbs-content":"","ast-featured-img":"","footer-sml-layout":"","ast-disable-related-posts":"","theme-transparent-header-meta":"","adv-header-id-meta":"","stick-header-meta":"","header-above-stick-meta":"","header-main-stick-meta":"","header-below-stick-meta":"","astra-migrate-meta-layouts":"default","ast-page-background-enabled":"default","ast-page-background-meta":{"desktop":{"background-color":"var(--ast-global-color-5)","background-image":"","background-repeat":"repeat","background-position":"center center","background-size":"auto","background-attachment":"scroll","background-type":"","background-media":"","overlay-type":"","overlay-color":"","overlay-opacity":"","overlay-gradient":""},"tablet":{"background-color":"","background-image":"","background-repeat":"repeat","background-position":"center center","background-size":"auto","background-attachment":"scroll","background-type":"","background-media":"","overlay-type":"","overlay-color":"","overlay-opacity":"","overlay-gradient":""},"mobile":{"background-color":"","background-image":"","background-repeat":"repeat","background-position":"center center","background-size":"auto","background-attachment":"scroll","background-type":"","background-media":"","overlay-type":"","overlay-color":"","overlay-opacity":"","overlay-gradient":""}},"ast-content-background-meta":{"desktop":{"background-color":"var(--ast-global-color-4)","background-image":"","background-repeat":"repeat","background-position":"center center","background-size":"auto","background-attachment":"scroll","background-type":"","background-media":"","overlay-type":"","overlay-color":"","overlay-opacity":"","overlay-gradient":""},"tablet":{"background-color":"var(--ast-global-color-4)","background-image":"","background-repeat":"repeat","background-position":"center center","background-size":"auto","background-attachment":"scroll","background-type":"","background-media":"","overlay-type":"","overlay-color":"","overlay-opacity":"","overlay-gradient":""},"mobile":{"background-color":"var(--ast-global-color-4)","background-image":"","background-repeat":"repeat","background-position":"center center","background-size":"auto","background-attachment":"scroll","background-type":"","background-media":"","overlay-type":"","overlay-color":"","overlay-opacity":"","overlay-gradient":""}},"jetpack_post_was_ever_published":false,"footnotes":""},"class_list":["post-857","page","type-page","status-publish","hentry"],"yoast_head":"<!-- This site is optimized with the Yoast SEO plugin v27.5 - https:\/\/yoast.com\/product\/yoast-seo-wordpress\/ -->\n<title>Ev\u00e4steet ja tietosuoja -<\/title>\n<meta name=\"robots\" content=\"index, follow, max-snippet:-1, max-image-preview:large, max-video-preview:-1\" \/>\n<link rel=\"canonical\" href=\"http:\/\/www.omegayksi.fi\/sv\/cookies-data-protection\/\" \/>\n<meta property=\"og:locale\" content=\"sv_SE\" \/>\n<meta property=\"og:type\" content=\"article\" \/>\n<meta property=\"og:title\" content=\"Ev\u00e4steet ja tietosuoja -\" \/>\n<meta property=\"og:url\" content=\"http:\/\/www.omegayksi.fi\/sv\/cookies-data-protection\/\" \/>\n<meta property=\"article:publisher\" content=\"https:\/\/www.facebook.com\/profile.php?id=100094279863502\" \/>\n<meta property=\"article:modified_time\" content=\"2023-01-27T06:52:48+00:00\" \/>\n<meta name=\"twitter:card\" content=\"summary_large_image\" \/>\n<script type=\"application\/ld+json\" class=\"yoast-schema-graph\">{\"@context\":\"https:\\\/\\\/schema.org\",\"@graph\":[{\"@type\":\"WebPage\",\"@id\":\"http:\\\/\\\/www.omegayksi.fi\\\/cookies-data-protection\\\/\",\"url\":\"http:\\\/\\\/www.omegayksi.fi\\\/cookies-data-protection\\\/\",\"name\":\"Ev\u00e4steet ja tietosuoja -\",\"isPartOf\":{\"@id\":\"http:\\\/\\\/www.omegayksi.fi\\\/#website\"},\"datePublished\":\"2022-07-08T17:32:17+00:00\",\"dateModified\":\"2023-01-27T06:52:48+00:00\",\"breadcrumb\":{\"@id\":\"http:\\\/\\\/www.omegayksi.fi\\\/cookies-data-protection\\\/#breadcrumb\"},\"inLanguage\":\"sv-SE\",\"potentialAction\":[{\"@type\":\"ReadAction\",\"target\":[\"http:\\\/\\\/www.omegayksi.fi\\\/cookies-data-protection\\\/\"]}]},{\"@type\":\"BreadcrumbList\",\"@id\":\"http:\\\/\\\/www.omegayksi.fi\\\/cookies-data-protection\\\/#breadcrumb\",\"itemListElement\":[{\"@type\":\"ListItem\",\"position\":1,\"name\":\"Home\",\"item\":\"http:\\\/\\\/www.omegayksi.fi\\\/\"},{\"@type\":\"ListItem\",\"position\":2,\"name\":\"Ev\u00e4steet ja tietosuoja\"}]},{\"@type\":\"WebSite\",\"@id\":\"http:\\\/\\\/www.omegayksi.fi\\\/#website\",\"url\":\"http:\\\/\\\/www.omegayksi.fi\\\/\",\"name\":\"Omegayksi Oy\",\"description\":\"Laadukasta palvelua suurella syd&auml;mell&auml;\",\"publisher\":{\"@id\":\"http:\\\/\\\/www.omegayksi.fi\\\/#organization\"},\"potentialAction\":[{\"@type\":\"SearchAction\",\"target\":{\"@type\":\"EntryPoint\",\"urlTemplate\":\"http:\\\/\\\/www.omegayksi.fi\\\/?s={search_term_string}\"},\"query-input\":{\"@type\":\"PropertyValueSpecification\",\"valueRequired\":true,\"valueName\":\"search_term_string\"}}],\"inLanguage\":\"sv-SE\"},{\"@type\":\"Organization\",\"@id\":\"http:\\\/\\\/www.omegayksi.fi\\\/#organization\",\"name\":\"Omegayksi Oy\",\"url\":\"http:\\\/\\\/www.omegayksi.fi\\\/\",\"logo\":{\"@type\":\"ImageObject\",\"inLanguage\":\"sv-SE\",\"@id\":\"http:\\\/\\\/www.omegayksi.fi\\\/#\\\/schema\\\/logo\\\/image\\\/\",\"url\":\"https:\\\/\\\/www.omegayksi.fi\\\/wp-content\\\/uploads\\\/2022\\\/07\\\/cropped-cropped-cropped-Omegayksi-photomod3-1.png\",\"contentUrl\":\"https:\\\/\\\/www.omegayksi.fi\\\/wp-content\\\/uploads\\\/2022\\\/07\\\/cropped-cropped-cropped-Omegayksi-photomod3-1.png\",\"width\":1600,\"height\":929,\"caption\":\"Omegayksi Oy\"},\"image\":{\"@id\":\"http:\\\/\\\/www.omegayksi.fi\\\/#\\\/schema\\\/logo\\\/image\\\/\"},\"sameAs\":[\"https:\\\/\\\/www.facebook.com\\\/profile.php?id=100094279863502\"]}]}<\/script>\n<!-- \/ Yoast SEO plugin. -->","yoast_head_json":{"title":"Ev\u00e4steet ja tietosuoja -","robots":{"index":"index","follow":"follow","max-snippet":"max-snippet:-1","max-image-preview":"max-image-preview:large","max-video-preview":"max-video-preview:-1"},"canonical":"http:\/\/www.omegayksi.fi\/sv\/cookies-data-protection\/","og_locale":"sv_SE","og_type":"article","og_title":"Ev\u00e4steet ja tietosuoja -","og_url":"http:\/\/www.omegayksi.fi\/sv\/cookies-data-protection\/","article_publisher":"https:\/\/www.facebook.com\/profile.php?id=100094279863502","article_modified_time":"2023-01-27T06:52:48+00:00","twitter_card":"summary_large_image","schema":{"@context":"https:\/\/schema.org","@graph":[{"@type":"WebPage","@id":"http:\/\/www.omegayksi.fi\/cookies-data-protection\/","url":"http:\/\/www.omegayksi.fi\/cookies-data-protection\/","name":"Ev\u00e4steet ja tietosuoja -","isPartOf":{"@id":"http:\/\/www.omegayksi.fi\/#website"},"datePublished":"2022-07-08T17:32:17+00:00","dateModified":"2023-01-27T06:52:48+00:00","breadcrumb":{"@id":"http:\/\/www.omegayksi.fi\/cookies-data-protection\/#breadcrumb"},"inLanguage":"sv-SE","potentialAction":[{"@type":"ReadAction","target":["http:\/\/www.omegayksi.fi\/cookies-data-protection\/"]}]},{"@type":"BreadcrumbList","@id":"http:\/\/www.omegayksi.fi\/cookies-data-protection\/#breadcrumb","itemListElement":[{"@type":"ListItem","position":1,"name":"Home","item":"http:\/\/www.omegayksi.fi\/"},{"@type":"ListItem","position":2,"name":"Ev\u00e4steet ja tietosuoja"}]},{"@type":"WebSite","@id":"http:\/\/www.omegayksi.fi\/#website","url":"http:\/\/www.omegayksi.fi\/","name":"Omegayksi Oy","description":"Laadukasta palvelua suurella syd&auml;mell&auml;","publisher":{"@id":"http:\/\/www.omegayksi.fi\/#organization"},"potentialAction":[{"@type":"SearchAction","target":{"@type":"EntryPoint","urlTemplate":"http:\/\/www.omegayksi.fi\/?s={search_term_string}"},"query-input":{"@type":"PropertyValueSpecification","valueRequired":true,"valueName":"search_term_string"}}],"inLanguage":"sv-SE"},{"@type":"Organization","@id":"http:\/\/www.omegayksi.fi\/#organization","name":"Omegayksi Oy","url":"http:\/\/www.omegayksi.fi\/","logo":{"@type":"ImageObject","inLanguage":"sv-SE","@id":"http:\/\/www.omegayksi.fi\/#\/schema\/logo\/image\/","url":"https:\/\/www.omegayksi.fi\/wp-content\/uploads\/2022\/07\/cropped-cropped-cropped-Omegayksi-photomod3-1.png","contentUrl":"https:\/\/www.omegayksi.fi\/wp-content\/uploads\/2022\/07\/cropped-cropped-cropped-Omegayksi-photomod3-1.png","width":1600,"height":929,"caption":"Omegayksi Oy"},"image":{"@id":"http:\/\/www.omegayksi.fi\/#\/schema\/logo\/image\/"},"sameAs":["https:\/\/www.facebook.com\/profile.php?id=100094279863502"]}]}},"_links":{"self":[{"href":"https:\/\/www.omegayksi.fi\/sv\/wp-json\/wp\/v2\/pages\/857","targetHints":{"allow":["GET"]}}],"collection":[{"href":"https:\/\/www.omegayksi.fi\/sv\/wp-json\/wp\/v2\/pages"}],"about":[{"href":"https:\/\/www.omegayksi.fi\/sv\/wp-json\/wp\/v2\/types\/page"}],"author":[{"embeddable":true,"href":"https:\/\/www.omegayksi.fi\/sv\/wp-json\/wp\/v2\/users\/1"}],"replies":[{"embeddable":true,"href":"https:\/\/www.omegayksi.fi\/sv\/wp-json\/wp\/v2\/comments?post=857"}],"version-history":[{"count":8,"href":"https:\/\/www.omegayksi.fi\/sv\/wp-json\/wp\/v2\/pages\/857\/revisions"}],"predecessor-version":[{"id":981,"href":"https:\/\/www.omegayksi.fi\/sv\/wp-json\/wp\/v2\/pages\/857\/revisions\/981"}],"wp:attachment":[{"href":"https:\/\/www.omegayksi.fi\/sv\/wp-json\/wp\/v2\/media?parent=857"}],"curies":[{"name":"wp","href":"https:\/\/api.w.org\/{rel}","templated":true}]}}