{"id":1280,"date":"2023-03-23T16:20:51","date_gmt":"2023-03-23T14:20:51","guid":{"rendered":"https:\/\/www.omegayksi.fi\/?post_type=product&#038;p=1280"},"modified":"2024-03-09T08:16:13","modified_gmt":"2024-03-09T06:16:13","slug":"suihkuapu-1h","status":"publish","type":"product","link":"https:\/\/www.omegayksi.fi\/sv\/product\/suihkuapu-1h\/","title":{"rendered":"Suihkuapu (1h)"},"content":{"rendered":"<p>Jos tarvitset apua suihkussa k\u00e4ymisess\u00e4 terveydentilasi takia, suosittelemme l\u00e4mpim\u00e4sti suihkuavun ostamista. Suihkussa k\u00e4ymiseen kuuluu my\u00f6s avusta\u00adminen saunaan. Jos suihkuk\u00e4ynnin aika ei riit\u00e4 suihkuk\u00e4yntiin, veloitamme\u00a0 alkavalta 15minuutilta.<\/p>","protected":false},"excerpt":{"rendered":"<p>Jos tarvitset apua suihkussa k\u00e4ymisess\u00e4 terveydentilasi takia, suosittelemme l\u00e4mpim\u00e4sti suihkuavun ostamista. Suihkussa k\u00e4ymiseen kuuluu my\u00f6s avusta\u00adminen saunaan. Jos suihkuk\u00e4ynnin aika [&hellip;]<\/p>\n","protected":false},"featured_media":1472,"comment_status":"open","ping_status":"closed","template":"","meta":{"site-sidebar-layout":"default","site-content-layout":"","ast-site-content-layout":"default","site-content-style":"default","site-sidebar-style":"default","ast-global-header-display":"","ast-banner-title-visibility":"","ast-main-header-display":"","ast-hfb-above-header-display":"","ast-hfb-below-header-display":"","ast-hfb-mobile-header-display":"","site-post-title":"","ast-breadcrumbs-content":"","ast-featured-img":"","footer-sml-layout":"","ast-disable-related-posts":"","theme-transparent-header-meta":"","adv-header-id-meta":"","stick-header-meta":"","header-above-stick-meta":"","header-main-stick-meta":"","header-below-stick-meta":"","astra-migrate-meta-layouts":"default","ast-page-background-enabled":"default","ast-page-background-meta":{"desktop":{"background-color":"var(--ast-global-color-5)","background-image":"","background-repeat":"repeat","background-position":"center center","background-size":"auto","background-attachment":"scroll","background-type":"","background-media":"","overlay-type":"","overlay-color":"","overlay-opacity":"","overlay-gradient":""},"tablet":{"background-color":"","background-image":"","background-repeat":"repeat","background-position":"center center","background-size":"auto","background-attachment":"scroll","background-type":"","background-media":"","overlay-type":"","overlay-color":"","overlay-opacity":"","overlay-gradient":""},"mobile":{"background-color":"","background-image":"","background-repeat":"repeat","background-position":"center center","background-size":"auto","background-attachment":"scroll","background-type":"","background-media":"","overlay-type":"","overlay-color":"","overlay-opacity":"","overlay-gradient":""}},"ast-content-background-meta":{"desktop":{"background-color":"var(--ast-global-color-4)","background-image":"","background-repeat":"repeat","background-position":"center center","background-size":"auto","background-attachment":"scroll","background-type":"","background-media":"","overlay-type":"","overlay-color":"","overlay-opacity":"","overlay-gradient":""},"tablet":{"background-color":"var(--ast-global-color-4)","background-image":"","background-repeat":"repeat","background-position":"center center","background-size":"auto","background-attachment":"scroll","background-type":"","background-media":"","overlay-type":"","overlay-color":"","overlay-opacity":"","overlay-gradient":""},"mobile":{"background-color":"var(--ast-global-color-4)","background-image":"","background-repeat":"repeat","background-position":"center center","background-size":"auto","background-attachment":"scroll","background-type":"","background-media":"","overlay-type":"","overlay-color":"","overlay-opacity":"","overlay-gradient":""}},"jetpack_post_was_ever_published":false},"product_brand":[],"product_cat":[64],"product_tag":[51,50,49,48],"class_list":{"0":"post-1280","1":"product","2":"type-product","3":"status-publish","4":"has-post-thumbnail","6":"product_cat-terveyspalvelut-kotona","7":"product_tag-assistance","8":"product_tag-bath","9":"product_tag-shower-help","10":"product_tag-suihku-apu","11":"desktop-align-left","12":"tablet-align-left","13":"mobile-align-left","15":"first","16":"instock","17":"purchasable","18":"product-type-simple"},"yoast_head":"<!-- This site is optimized with the Yoast SEO plugin v27.5 - https:\/\/yoast.com\/product\/yoast-seo-wordpress\/ -->\n<title>Suihkuapu (1h) -<\/title>\n<meta name=\"robots\" content=\"index, follow, max-snippet:-1, max-image-preview:large, max-video-preview:-1\" \/>\n<link rel=\"canonical\" href=\"http:\/\/www.omegayksi.fi\/sv\/product\/suihkuapu-1h\/\" \/>\n<meta property=\"og:locale\" content=\"sv_SE\" \/>\n<meta property=\"og:type\" content=\"article\" \/>\n<meta property=\"og:title\" content=\"Suihkuapu (1h) -\" \/>\n<meta property=\"og:description\" content=\"Jos tarvitset apua suihkussa k\u00e4ymisess\u00e4 terveydentilasi takia, suosittelemme l\u00e4mpim\u00e4sti suihkuavun ostamista. Suihkussa k\u00e4ymiseen kuuluu my\u00f6s avusta\u00adminen saunaan. Jos suihkuk\u00e4ynnin aika [&hellip;]\" \/>\n<meta property=\"og:url\" content=\"http:\/\/www.omegayksi.fi\/sv\/product\/suihkuapu-1h\/\" \/>\n<meta property=\"article:publisher\" content=\"https:\/\/www.facebook.com\/profile.php?id=100094279863502\" \/>\n<meta property=\"article:modified_time\" content=\"2024-03-09T06:16:13+00:00\" \/>\n<meta property=\"og:image\" content=\"http:\/\/www.omegayksi.fi\/wp-content\/uploads\/2023\/06\/Shower-.jpeg\" \/>\n\t<meta property=\"og:image:width\" content=\"1600\" \/>\n\t<meta property=\"og:image:height\" content=\"1131\" \/>\n\t<meta property=\"og:image:type\" content=\"image\/jpeg\" \/>\n<meta name=\"twitter:card\" content=\"summary_large_image\" \/>\n<meta name=\"twitter:label1\" content=\"Ber\u00e4knad l\u00e4stid\" \/>\n\t<meta name=\"twitter:data1\" content=\"1 minut\" \/>\n<script type=\"application\/ld+json\" class=\"yoast-schema-graph\">{\"@context\":\"https:\\\/\\\/schema.org\",\"@graph\":[{\"@type\":\"WebPage\",\"@id\":\"http:\\\/\\\/www.omegayksi.fi\\\/sv\\\/product\\\/suihkuapu-1h\\\/\",\"url\":\"http:\\\/\\\/www.omegayksi.fi\\\/sv\\\/product\\\/suihkuapu-1h\\\/\",\"name\":\"Suihkuapu (1h) -\",\"isPartOf\":{\"@id\":\"https:\\\/\\\/www.omegayksi.fi\\\/#website\"},\"primaryImageOfPage\":{\"@id\":\"http:\\\/\\\/www.omegayksi.fi\\\/sv\\\/product\\\/suihkuapu-1h\\\/#primaryimage\"},\"image\":{\"@id\":\"http:\\\/\\\/www.omegayksi.fi\\\/sv\\\/product\\\/suihkuapu-1h\\\/#primaryimage\"},\"thumbnailUrl\":\"https:\\\/\\\/www.omegayksi.fi\\\/wp-content\\\/uploads\\\/2023\\\/06\\\/Shower-.jpeg\",\"datePublished\":\"2023-03-23T14:20:51+00:00\",\"dateModified\":\"2024-03-09T06:16:13+00:00\",\"breadcrumb\":{\"@id\":\"http:\\\/\\\/www.omegayksi.fi\\\/sv\\\/product\\\/suihkuapu-1h\\\/#breadcrumb\"},\"inLanguage\":\"sv-SE\",\"potentialAction\":[{\"@type\":\"ReadAction\",\"target\":[\"http:\\\/\\\/www.omegayksi.fi\\\/sv\\\/product\\\/suihkuapu-1h\\\/\"]}]},{\"@type\":\"ImageObject\",\"inLanguage\":\"sv-SE\",\"@id\":\"http:\\\/\\\/www.omegayksi.fi\\\/sv\\\/product\\\/suihkuapu-1h\\\/#primaryimage\",\"url\":\"https:\\\/\\\/www.omegayksi.fi\\\/wp-content\\\/uploads\\\/2023\\\/06\\\/Shower-.jpeg\",\"contentUrl\":\"https:\\\/\\\/www.omegayksi.fi\\\/wp-content\\\/uploads\\\/2023\\\/06\\\/Shower-.jpeg\",\"width\":1600,\"height\":1131},{\"@type\":\"BreadcrumbList\",\"@id\":\"http:\\\/\\\/www.omegayksi.fi\\\/sv\\\/product\\\/suihkuapu-1h\\\/#breadcrumb\",\"itemListElement\":[{\"@type\":\"ListItem\",\"position\":1,\"name\":\"Home\",\"item\":\"https:\\\/\\\/www.omegayksi.fi\\\/\"},{\"@type\":\"ListItem\",\"position\":2,\"name\":\"Verkkokauppa\",\"item\":\"https:\\\/\\\/www.omegayksi.fi\\\/sv\\\/verkkokauppa2\\\/\"},{\"@type\":\"ListItem\",\"position\":3,\"name\":\"Suihkuapu (1h)\"}]},{\"@type\":\"WebSite\",\"@id\":\"https:\\\/\\\/www.omegayksi.fi\\\/#website\",\"url\":\"https:\\\/\\\/www.omegayksi.fi\\\/\",\"name\":\"Omegayksi Oy\",\"description\":\"Laadukasta palvelua suurella syd&auml;mell&auml;\",\"publisher\":{\"@id\":\"https:\\\/\\\/www.omegayksi.fi\\\/#organization\"},\"potentialAction\":[{\"@type\":\"SearchAction\",\"target\":{\"@type\":\"EntryPoint\",\"urlTemplate\":\"https:\\\/\\\/www.omegayksi.fi\\\/?s={search_term_string}\"},\"query-input\":{\"@type\":\"PropertyValueSpecification\",\"valueRequired\":true,\"valueName\":\"search_term_string\"}}],\"inLanguage\":\"sv-SE\"},{\"@type\":\"Organization\",\"@id\":\"https:\\\/\\\/www.omegayksi.fi\\\/#organization\",\"name\":\"Omegayksi Oy\",\"url\":\"https:\\\/\\\/www.omegayksi.fi\\\/\",\"logo\":{\"@type\":\"ImageObject\",\"inLanguage\":\"sv-SE\",\"@id\":\"https:\\\/\\\/www.omegayksi.fi\\\/#\\\/schema\\\/logo\\\/image\\\/\",\"url\":\"https:\\\/\\\/www.omegayksi.fi\\\/wp-content\\\/uploads\\\/2022\\\/07\\\/cropped-cropped-cropped-Omegayksi-photomod3-1.png\",\"contentUrl\":\"https:\\\/\\\/www.omegayksi.fi\\\/wp-content\\\/uploads\\\/2022\\\/07\\\/cropped-cropped-cropped-Omegayksi-photomod3-1.png\",\"width\":1600,\"height\":929,\"caption\":\"Omegayksi Oy\"},\"image\":{\"@id\":\"https:\\\/\\\/www.omegayksi.fi\\\/#\\\/schema\\\/logo\\\/image\\\/\"},\"sameAs\":[\"https:\\\/\\\/www.facebook.com\\\/profile.php?id=100094279863502\"]}]}<\/script>\n<!-- \/ Yoast SEO plugin. -->","yoast_head_json":{"title":"Suihkuapu (1h) -","robots":{"index":"index","follow":"follow","max-snippet":"max-snippet:-1","max-image-preview":"max-image-preview:large","max-video-preview":"max-video-preview:-1"},"canonical":"http:\/\/www.omegayksi.fi\/sv\/product\/suihkuapu-1h\/","og_locale":"sv_SE","og_type":"article","og_title":"Suihkuapu (1h) -","og_description":"Jos tarvitset apua suihkussa k\u00e4ymisess\u00e4 terveydentilasi takia, suosittelemme l\u00e4mpim\u00e4sti suihkuavun ostamista. Suihkussa k\u00e4ymiseen kuuluu my\u00f6s avusta\u00adminen saunaan. Jos suihkuk\u00e4ynnin aika [&hellip;]","og_url":"http:\/\/www.omegayksi.fi\/sv\/product\/suihkuapu-1h\/","article_publisher":"https:\/\/www.facebook.com\/profile.php?id=100094279863502","article_modified_time":"2024-03-09T06:16:13+00:00","og_image":[{"width":1600,"height":1131,"url":"http:\/\/www.omegayksi.fi\/wp-content\/uploads\/2023\/06\/Shower-.jpeg","type":"image\/jpeg"}],"twitter_card":"summary_large_image","twitter_misc":{"Ber\u00e4knad l\u00e4stid":"1 minut"},"schema":{"@context":"https:\/\/schema.org","@graph":[{"@type":"WebPage","@id":"http:\/\/www.omegayksi.fi\/sv\/product\/suihkuapu-1h\/","url":"http:\/\/www.omegayksi.fi\/sv\/product\/suihkuapu-1h\/","name":"Suihkuapu (1h) -","isPartOf":{"@id":"https:\/\/www.omegayksi.fi\/#website"},"primaryImageOfPage":{"@id":"http:\/\/www.omegayksi.fi\/sv\/product\/suihkuapu-1h\/#primaryimage"},"image":{"@id":"http:\/\/www.omegayksi.fi\/sv\/product\/suihkuapu-1h\/#primaryimage"},"thumbnailUrl":"https:\/\/www.omegayksi.fi\/wp-content\/uploads\/2023\/06\/Shower-.jpeg","datePublished":"2023-03-23T14:20:51+00:00","dateModified":"2024-03-09T06:16:13+00:00","breadcrumb":{"@id":"http:\/\/www.omegayksi.fi\/sv\/product\/suihkuapu-1h\/#breadcrumb"},"inLanguage":"sv-SE","potentialAction":[{"@type":"ReadAction","target":["http:\/\/www.omegayksi.fi\/sv\/product\/suihkuapu-1h\/"]}]},{"@type":"ImageObject","inLanguage":"sv-SE","@id":"http:\/\/www.omegayksi.fi\/sv\/product\/suihkuapu-1h\/#primaryimage","url":"https:\/\/www.omegayksi.fi\/wp-content\/uploads\/2023\/06\/Shower-.jpeg","contentUrl":"https:\/\/www.omegayksi.fi\/wp-content\/uploads\/2023\/06\/Shower-.jpeg","width":1600,"height":1131},{"@type":"BreadcrumbList","@id":"http:\/\/www.omegayksi.fi\/sv\/product\/suihkuapu-1h\/#breadcrumb","itemListElement":[{"@type":"ListItem","position":1,"name":"Home","item":"https:\/\/www.omegayksi.fi\/"},{"@type":"ListItem","position":2,"name":"Verkkokauppa","item":"https:\/\/www.omegayksi.fi\/sv\/verkkokauppa2\/"},{"@type":"ListItem","position":3,"name":"Suihkuapu (1h)"}]},{"@type":"WebSite","@id":"https:\/\/www.omegayksi.fi\/#website","url":"https:\/\/www.omegayksi.fi\/","name":"Omegayksi Oy","description":"Laadukasta palvelua suurella syd&auml;mell&auml;","publisher":{"@id":"https:\/\/www.omegayksi.fi\/#organization"},"potentialAction":[{"@type":"SearchAction","target":{"@type":"EntryPoint","urlTemplate":"https:\/\/www.omegayksi.fi\/?s={search_term_string}"},"query-input":{"@type":"PropertyValueSpecification","valueRequired":true,"valueName":"search_term_string"}}],"inLanguage":"sv-SE"},{"@type":"Organization","@id":"https:\/\/www.omegayksi.fi\/#organization","name":"Omegayksi Oy","url":"https:\/\/www.omegayksi.fi\/","logo":{"@type":"ImageObject","inLanguage":"sv-SE","@id":"https:\/\/www.omegayksi.fi\/#\/schema\/logo\/image\/","url":"https:\/\/www.omegayksi.fi\/wp-content\/uploads\/2022\/07\/cropped-cropped-cropped-Omegayksi-photomod3-1.png","contentUrl":"https:\/\/www.omegayksi.fi\/wp-content\/uploads\/2022\/07\/cropped-cropped-cropped-Omegayksi-photomod3-1.png","width":1600,"height":929,"caption":"Omegayksi Oy"},"image":{"@id":"https:\/\/www.omegayksi.fi\/#\/schema\/logo\/image\/"},"sameAs":["https:\/\/www.facebook.com\/profile.php?id=100094279863502"]}]}},"_links":{"self":[{"href":"https:\/\/www.omegayksi.fi\/sv\/wp-json\/wp\/v2\/product\/1280","targetHints":{"allow":["GET"]}}],"collection":[{"href":"https:\/\/www.omegayksi.fi\/sv\/wp-json\/wp\/v2\/product"}],"about":[{"href":"https:\/\/www.omegayksi.fi\/sv\/wp-json\/wp\/v2\/types\/product"}],"replies":[{"embeddable":true,"href":"https:\/\/www.omegayksi.fi\/sv\/wp-json\/wp\/v2\/comments?post=1280"}],"wp:featuredmedia":[{"embeddable":true,"href":"https:\/\/www.omegayksi.fi\/sv\/wp-json\/wp\/v2\/media\/1472"}],"wp:attachment":[{"href":"https:\/\/www.omegayksi.fi\/sv\/wp-json\/wp\/v2\/media?parent=1280"}],"wp:term":[{"taxonomy":"product_brand","embeddable":true,"href":"https:\/\/www.omegayksi.fi\/sv\/wp-json\/wp\/v2\/product_brand?post=1280"},{"taxonomy":"product_cat","embeddable":true,"href":"https:\/\/www.omegayksi.fi\/sv\/wp-json\/wp\/v2\/product_cat?post=1280"},{"taxonomy":"product_tag","embeddable":true,"href":"https:\/\/www.omegayksi.fi\/sv\/wp-json\/wp\/v2\/product_tag?post=1280"}],"curies":[{"name":"wp","href":"https:\/\/api.w.org\/{rel}","templated":true}]}}