{"id":2913,"date":"2025-10-13T13:12:12","date_gmt":"2025-10-13T10:12:12","guid":{"rendered":"https:\/\/www.omegayksi.fi\/?post_type=product&#038;p=2913"},"modified":"2025-11-05T10:01:39","modified_gmt":"2025-11-05T08:01:39","slug":"joulusiivouskampanja","status":"publish","type":"product","link":"https:\/\/www.omegayksi.fi\/sv\/product\/joulusiivouskampanja\/","title":{"rendered":"Joulusiivouskampanja \u201320 %"},"content":{"rendered":"","protected":false},"excerpt":{"rendered":"<p data-start=\"413\" data-end=\"594\">Tee joulun valmisteluista helpompaa ja nauti aidosti puhtaasta kodista!<br data-start=\"484\" data-end=\"487\" \/>Omegayksi tarjoaa <strong data-start=\"505\" data-end=\"530\">Joulusiivouskampanjan<\/strong>, jonka avulla kotisi saa juhlakuntoon ammattilaisten k\u00e4siss\u00e4.<\/p>\n<p data-start=\"596\" data-end=\"834\">Palvelu sis\u00e4lt\u00e4\u00e4:<br data-start=\"613\" data-end=\"616\" \/>\u2728 Koko kodin perussiivouksen<br data-start=\"644\" data-end=\"647\" \/>\u2728 P\u00f6lyjen ja pintojen pyyhinn\u00e4n<br data-start=\"678\" data-end=\"681\" \/>\u2728 Lattioiden ja mattojen imuroinnin sek\u00e4 pesun<br data-start=\"727\" data-end=\"730\" \/>\u2728 Keitti\u00f6n ja kylpyhuoneen huolellisen puhdistuksen<br data-start=\"781\" data-end=\"784\" \/>\u2728 J\u00e4tteiden poiston ja kodin yleisen j\u00e4rjestelyn<\/p>\n<p data-start=\"836\" data-end=\"983\">Ammattilaisemme tuovat mukanaan siivousv\u00e4lineet ja ymp\u00e4rist\u00f6yst\u00e4v\u00e4lliset aineet.<br data-start=\"916\" data-end=\"919\" \/>Sin\u00e4 voit vain rentoutua ja valmistautua rauhalliseen jouluun!<\/p>\n<h4 data-start=\"990\" data-end=\"1024\"><strong data-start=\"996\" data-end=\"1022\">Hinta ja kampanjaehdot<\/strong><\/h4>\n<ul data-start=\"1025\" data-end=\"1196\">\n<li data-start=\"1025\" data-end=\"1077\">\n<p data-start=\"1027\" data-end=\"1077\"><strong data-start=\"1027\" data-end=\"1045\">Normaalihinta:<\/strong> 48,44 \u20ac \/ h (sis. alv 25,5 %)<\/p>\n<\/li>\n<li data-start=\"1078\" data-end=\"1126\">\n<p data-start=\"1080\" data-end=\"1126\"><strong data-start=\"1080\" data-end=\"1097\">Tarjoushinta:<\/strong> <strong data-start=\"1098\" data-end=\"1124\">38,75 \u20ac \/ h (sis. alv)<\/strong><\/p>\n<\/li>\n<li data-start=\"1127\" data-end=\"1196\">\n<p data-start=\"1129\" data-end=\"1196\"><strong data-start=\"1129\" data-end=\"1141\">Alennus:<\/strong> \u201320 %<br data-start=\"1147\" data-end=\"1150\" \/>\ud83c\udf81 <strong data-start=\"1153\" data-end=\"1196\">Tarjous voimassa lokakuun loppuun asti!<\/strong><\/p>\n<\/li>\n<\/ul>\n<h4 data-start=\"1203\" data-end=\"1226\"><strong data-start=\"1209\" data-end=\"1226\">Palvelualueet<\/strong><\/h4>\n<p data-start=\"1227\" data-end=\"1266\">Espoo, Turku, Helsinki ja l\u00e4hialueet.<\/p>\n<h4 data-start=\"1273\" data-end=\"1308\"><strong data-start=\"1279\" data-end=\"1306\">Miksi valita Omegayksi?<\/strong><\/h4>\n<ul data-start=\"1309\" data-end=\"1494\">\n<li data-start=\"1309\" data-end=\"1350\">\n<p data-start=\"1311\" data-end=\"1350\">Luotettavat ja koulutetut ty\u00f6ntekij\u00e4t<\/p>\n<\/li>\n<li data-start=\"1351\" data-end=\"1394\">\n<p data-start=\"1353\" data-end=\"1394\">Ymp\u00e4rist\u00f6yst\u00e4v\u00e4lliset siivousmenetelm\u00e4t<\/p>\n<\/li>\n<li data-start=\"1395\" data-end=\"1442\">\n<p data-start=\"1397\" data-end=\"1442\">Joustava varaus ja asiakasl\u00e4ht\u00f6inen palvelu<\/p>\n<\/li>\n<li data-start=\"1443\" data-end=\"1494\">\n<p data-start=\"1445\" data-end=\"1494\">Paikallinen yritys \u2013 suomalaisella syd\u00e4mell\u00e4 \ud83d\udc99<\/p>\n<\/li>\n<\/ul>","protected":false},"featured_media":2928,"comment_status":"open","ping_status":"closed","template":"","meta":{"site-sidebar-layout":"default","site-content-layout":"","ast-site-content-layout":"default","site-content-style":"default","site-sidebar-style":"default","ast-global-header-display":"","ast-banner-title-visibility":"","ast-main-header-display":"","ast-hfb-above-header-display":"","ast-hfb-below-header-display":"","ast-hfb-mobile-header-display":"","site-post-title":"","ast-breadcrumbs-content":"","ast-featured-img":"","footer-sml-layout":"","ast-disable-related-posts":"","theme-transparent-header-meta":"default","adv-header-id-meta":"","stick-header-meta":"","header-above-stick-meta":"","header-main-stick-meta":"","header-below-stick-meta":"","astra-migrate-meta-layouts":"set","ast-page-background-enabled":"default","ast-page-background-meta":{"desktop":{"background-color":"var(--ast-global-color-5)","background-image":"","background-repeat":"repeat","background-position":"center center","background-size":"auto","background-attachment":"scroll","background-type":"","background-media":"","overlay-type":"","overlay-color":"","overlay-opacity":"","overlay-gradient":""},"tablet":{"background-color":"","background-image":"","background-repeat":"repeat","background-position":"center center","background-size":"auto","background-attachment":"scroll","background-type":"","background-media":"","overlay-type":"","overlay-color":"","overlay-opacity":"","overlay-gradient":""},"mobile":{"background-color":"","background-image":"","background-repeat":"repeat","background-position":"center center","background-size":"auto","background-attachment":"scroll","background-type":"","background-media":"","overlay-type":"","overlay-color":"","overlay-opacity":"","overlay-gradient":""}},"ast-content-background-meta":{"desktop":{"background-color":"var(--ast-global-color-4)","background-image":"","background-repeat":"repeat","background-position":"center center","background-size":"auto","background-attachment":"scroll","background-type":"","background-media":"","overlay-type":"","overlay-color":"","overlay-opacity":"","overlay-gradient":""},"tablet":{"background-color":"var(--ast-global-color-4)","background-image":"","background-repeat":"repeat","background-position":"center center","background-size":"auto","background-attachment":"scroll","background-type":"","background-media":"","overlay-type":"","overlay-color":"","overlay-opacity":"","overlay-gradient":""},"mobile":{"background-color":"var(--ast-global-color-4)","background-image":"","background-repeat":"repeat","background-position":"center center","background-size":"auto","background-attachment":"scroll","background-type":"","background-media":"","overlay-type":"","overlay-color":"","overlay-opacity":"","overlay-gradient":""}},"jetpack_post_was_ever_published":false},"product_brand":[],"product_cat":[36,35],"product_tag":[182,187,184,165,188,183,185,186],"class_list":{"0":"post-2913","1":"product","2":"type-product","3":"status-publish","4":"has-post-thumbnail","6":"product_cat-kotisiivous","7":"product_cat-siivous","8":"product_tag-joulusiivous","9":"product_tag-joulusiivous-alennus","10":"product_tag-kodin-siivous","11":"product_tag-omegayksi","12":"product_tag-puhdas-koti","13":"product_tag-siivouskampanja","14":"product_tag-siivouspalvelu-espoo","15":"product_tag-siivouspalvelu-turku","16":"desktop-align-left","17":"tablet-align-left","18":"mobile-align-left","20":"first","21":"instock","22":"taxable","23":"shipping-taxable","24":"purchasable","25":"product-type-simple"},"yoast_head":"<!-- This site is optimized with the Yoast SEO plugin v27.5 - https:\/\/yoast.com\/product\/yoast-seo-wordpress\/ -->\n<title>Joulusiivouskampanja \u201320 % -<\/title>\n<meta name=\"description\" content=\"Tilaa ammattilaisen joulusiivous nyt erikoishintaan! Omegayksi tarjoaa 20 % alennuksen kodin siivouksesta, kun varaat palvelun lokakuun loppuun menness\u00e4.\" \/>\n<meta name=\"robots\" content=\"index, follow, max-snippet:-1, max-image-preview:large, max-video-preview:-1\" \/>\n<link rel=\"canonical\" href=\"https:\/\/www.omegayksi.fi\/sv\/product\/joulusiivouskampanja\/\" \/>\n<meta property=\"og:locale\" content=\"sv_SE\" \/>\n<meta property=\"og:type\" content=\"article\" \/>\n<meta property=\"og:title\" content=\"Joulusiivouskampanja \u201320 % -\" \/>\n<meta property=\"og:description\" content=\"Tilaa ammattilaisen joulusiivous nyt erikoishintaan! Omegayksi tarjoaa 20 % alennuksen kodin siivouksesta, kun varaat palvelun lokakuun loppuun menness\u00e4.\" \/>\n<meta property=\"og:url\" content=\"https:\/\/www.omegayksi.fi\/sv\/product\/joulusiivouskampanja\/\" \/>\n<meta property=\"article:publisher\" content=\"https:\/\/www.facebook.com\/profile.php?id=100094279863502\" \/>\n<meta property=\"article:modified_time\" content=\"2025-11-05T08:01:39+00:00\" \/>\n<meta name=\"twitter:card\" content=\"summary_large_image\" \/>\n<meta name=\"twitter:label1\" content=\"Ber\u00e4knad l\u00e4stid\" \/>\n\t<meta name=\"twitter:data1\" content=\"1 minut\" \/>\n<script type=\"application\/ld+json\" class=\"yoast-schema-graph\">{\"@context\":\"https:\\\/\\\/schema.org\",\"@graph\":[{\"@type\":\"WebPage\",\"@id\":\"https:\\\/\\\/www.omegayksi.fi\\\/product\\\/joulusiivouskampanja\\\/\",\"url\":\"https:\\\/\\\/www.omegayksi.fi\\\/product\\\/joulusiivouskampanja\\\/\",\"name\":\"Joulusiivouskampanja \u201320 % -\",\"isPartOf\":{\"@id\":\"https:\\\/\\\/www.omegayksi.fi\\\/#website\"},\"primaryImageOfPage\":{\"@id\":\"https:\\\/\\\/www.omegayksi.fi\\\/product\\\/joulusiivouskampanja\\\/#primaryimage\"},\"image\":{\"@id\":\"https:\\\/\\\/www.omegayksi.fi\\\/product\\\/joulusiivouskampanja\\\/#primaryimage\"},\"thumbnailUrl\":\"https:\\\/\\\/www.omegayksi.fi\\\/wp-content\\\/uploads\\\/2025\\\/10\\\/20_-off-pdf.jpg\",\"datePublished\":\"2025-10-13T10:12:12+00:00\",\"dateModified\":\"2025-11-05T08:01:39+00:00\",\"description\":\"Tilaa ammattilaisen joulusiivous nyt erikoishintaan! Omegayksi tarjoaa 20 % alennuksen kodin siivouksesta, kun varaat palvelun lokakuun loppuun menness\u00e4.\",\"breadcrumb\":{\"@id\":\"https:\\\/\\\/www.omegayksi.fi\\\/product\\\/joulusiivouskampanja\\\/#breadcrumb\"},\"inLanguage\":\"sv-SE\",\"potentialAction\":[{\"@type\":\"ReadAction\",\"target\":[\"https:\\\/\\\/www.omegayksi.fi\\\/product\\\/joulusiivouskampanja\\\/\"]}]},{\"@type\":\"ImageObject\",\"inLanguage\":\"sv-SE\",\"@id\":\"https:\\\/\\\/www.omegayksi.fi\\\/product\\\/joulusiivouskampanja\\\/#primaryimage\",\"url\":\"https:\\\/\\\/www.omegayksi.fi\\\/wp-content\\\/uploads\\\/2025\\\/10\\\/20_-off-pdf.jpg\",\"contentUrl\":\"https:\\\/\\\/www.omegayksi.fi\\\/wp-content\\\/uploads\\\/2025\\\/10\\\/20_-off-pdf.jpg\"},{\"@type\":\"BreadcrumbList\",\"@id\":\"https:\\\/\\\/www.omegayksi.fi\\\/product\\\/joulusiivouskampanja\\\/#breadcrumb\",\"itemListElement\":[{\"@type\":\"ListItem\",\"position\":1,\"name\":\"Home\",\"item\":\"https:\\\/\\\/www.omegayksi.fi\\\/\"},{\"@type\":\"ListItem\",\"position\":2,\"name\":\"Verkkokauppa\",\"item\":\"https:\\\/\\\/www.omegayksi.fi\\\/sv\\\/verkkokauppa2\\\/\"},{\"@type\":\"ListItem\",\"position\":3,\"name\":\"Joulusiivouskampanja \u201320 %\"}]},{\"@type\":\"WebSite\",\"@id\":\"https:\\\/\\\/www.omegayksi.fi\\\/#website\",\"url\":\"https:\\\/\\\/www.omegayksi.fi\\\/\",\"name\":\"Omegayksi Oy\",\"description\":\"Laadukasta palvelua suurella syd&auml;mell&auml;\",\"publisher\":{\"@id\":\"https:\\\/\\\/www.omegayksi.fi\\\/#organization\"},\"potentialAction\":[{\"@type\":\"SearchAction\",\"target\":{\"@type\":\"EntryPoint\",\"urlTemplate\":\"https:\\\/\\\/www.omegayksi.fi\\\/?s={search_term_string}\"},\"query-input\":{\"@type\":\"PropertyValueSpecification\",\"valueRequired\":true,\"valueName\":\"search_term_string\"}}],\"inLanguage\":\"sv-SE\"},{\"@type\":\"Organization\",\"@id\":\"https:\\\/\\\/www.omegayksi.fi\\\/#organization\",\"name\":\"Omegayksi Oy\",\"url\":\"https:\\\/\\\/www.omegayksi.fi\\\/\",\"logo\":{\"@type\":\"ImageObject\",\"inLanguage\":\"sv-SE\",\"@id\":\"https:\\\/\\\/www.omegayksi.fi\\\/#\\\/schema\\\/logo\\\/image\\\/\",\"url\":\"https:\\\/\\\/www.omegayksi.fi\\\/wp-content\\\/uploads\\\/2022\\\/07\\\/cropped-cropped-cropped-Omegayksi-photomod3-1.png\",\"contentUrl\":\"https:\\\/\\\/www.omegayksi.fi\\\/wp-content\\\/uploads\\\/2022\\\/07\\\/cropped-cropped-cropped-Omegayksi-photomod3-1.png\",\"width\":1600,\"height\":929,\"caption\":\"Omegayksi Oy\"},\"image\":{\"@id\":\"https:\\\/\\\/www.omegayksi.fi\\\/#\\\/schema\\\/logo\\\/image\\\/\"},\"sameAs\":[\"https:\\\/\\\/www.facebook.com\\\/profile.php?id=100094279863502\"]}]}<\/script>\n<!-- \/ Yoast SEO plugin. -->","yoast_head_json":{"title":"Joulusiivouskampanja \u201320 % -","description":"Tilaa ammattilaisen joulusiivous nyt erikoishintaan! Omegayksi tarjoaa 20 % alennuksen kodin siivouksesta, kun varaat palvelun lokakuun loppuun menness\u00e4.","robots":{"index":"index","follow":"follow","max-snippet":"max-snippet:-1","max-image-preview":"max-image-preview:large","max-video-preview":"max-video-preview:-1"},"canonical":"https:\/\/www.omegayksi.fi\/sv\/product\/joulusiivouskampanja\/","og_locale":"sv_SE","og_type":"article","og_title":"Joulusiivouskampanja \u201320 % -","og_description":"Tilaa ammattilaisen joulusiivous nyt erikoishintaan! Omegayksi tarjoaa 20 % alennuksen kodin siivouksesta, kun varaat palvelun lokakuun loppuun menness\u00e4.","og_url":"https:\/\/www.omegayksi.fi\/sv\/product\/joulusiivouskampanja\/","article_publisher":"https:\/\/www.facebook.com\/profile.php?id=100094279863502","article_modified_time":"2025-11-05T08:01:39+00:00","twitter_card":"summary_large_image","twitter_misc":{"Ber\u00e4knad l\u00e4stid":"1 minut"},"schema":{"@context":"https:\/\/schema.org","@graph":[{"@type":"WebPage","@id":"https:\/\/www.omegayksi.fi\/product\/joulusiivouskampanja\/","url":"https:\/\/www.omegayksi.fi\/product\/joulusiivouskampanja\/","name":"Joulusiivouskampanja \u201320 % -","isPartOf":{"@id":"https:\/\/www.omegayksi.fi\/#website"},"primaryImageOfPage":{"@id":"https:\/\/www.omegayksi.fi\/product\/joulusiivouskampanja\/#primaryimage"},"image":{"@id":"https:\/\/www.omegayksi.fi\/product\/joulusiivouskampanja\/#primaryimage"},"thumbnailUrl":"https:\/\/www.omegayksi.fi\/wp-content\/uploads\/2025\/10\/20_-off-pdf.jpg","datePublished":"2025-10-13T10:12:12+00:00","dateModified":"2025-11-05T08:01:39+00:00","description":"Tilaa ammattilaisen joulusiivous nyt erikoishintaan! Omegayksi tarjoaa 20 % alennuksen kodin siivouksesta, kun varaat palvelun lokakuun loppuun menness\u00e4.","breadcrumb":{"@id":"https:\/\/www.omegayksi.fi\/product\/joulusiivouskampanja\/#breadcrumb"},"inLanguage":"sv-SE","potentialAction":[{"@type":"ReadAction","target":["https:\/\/www.omegayksi.fi\/product\/joulusiivouskampanja\/"]}]},{"@type":"ImageObject","inLanguage":"sv-SE","@id":"https:\/\/www.omegayksi.fi\/product\/joulusiivouskampanja\/#primaryimage","url":"https:\/\/www.omegayksi.fi\/wp-content\/uploads\/2025\/10\/20_-off-pdf.jpg","contentUrl":"https:\/\/www.omegayksi.fi\/wp-content\/uploads\/2025\/10\/20_-off-pdf.jpg"},{"@type":"BreadcrumbList","@id":"https:\/\/www.omegayksi.fi\/product\/joulusiivouskampanja\/#breadcrumb","itemListElement":[{"@type":"ListItem","position":1,"name":"Home","item":"https:\/\/www.omegayksi.fi\/"},{"@type":"ListItem","position":2,"name":"Verkkokauppa","item":"https:\/\/www.omegayksi.fi\/sv\/verkkokauppa2\/"},{"@type":"ListItem","position":3,"name":"Joulusiivouskampanja \u201320 %"}]},{"@type":"WebSite","@id":"https:\/\/www.omegayksi.fi\/#website","url":"https:\/\/www.omegayksi.fi\/","name":"Omegayksi Oy","description":"Laadukasta palvelua suurella syd&auml;mell&auml;","publisher":{"@id":"https:\/\/www.omegayksi.fi\/#organization"},"potentialAction":[{"@type":"SearchAction","target":{"@type":"EntryPoint","urlTemplate":"https:\/\/www.omegayksi.fi\/?s={search_term_string}"},"query-input":{"@type":"PropertyValueSpecification","valueRequired":true,"valueName":"search_term_string"}}],"inLanguage":"sv-SE"},{"@type":"Organization","@id":"https:\/\/www.omegayksi.fi\/#organization","name":"Omegayksi Oy","url":"https:\/\/www.omegayksi.fi\/","logo":{"@type":"ImageObject","inLanguage":"sv-SE","@id":"https:\/\/www.omegayksi.fi\/#\/schema\/logo\/image\/","url":"https:\/\/www.omegayksi.fi\/wp-content\/uploads\/2022\/07\/cropped-cropped-cropped-Omegayksi-photomod3-1.png","contentUrl":"https:\/\/www.omegayksi.fi\/wp-content\/uploads\/2022\/07\/cropped-cropped-cropped-Omegayksi-photomod3-1.png","width":1600,"height":929,"caption":"Omegayksi Oy"},"image":{"@id":"https:\/\/www.omegayksi.fi\/#\/schema\/logo\/image\/"},"sameAs":["https:\/\/www.facebook.com\/profile.php?id=100094279863502"]}]}},"_links":{"self":[{"href":"https:\/\/www.omegayksi.fi\/sv\/wp-json\/wp\/v2\/product\/2913","targetHints":{"allow":["GET"]}}],"collection":[{"href":"https:\/\/www.omegayksi.fi\/sv\/wp-json\/wp\/v2\/product"}],"about":[{"href":"https:\/\/www.omegayksi.fi\/sv\/wp-json\/wp\/v2\/types\/product"}],"replies":[{"embeddable":true,"href":"https:\/\/www.omegayksi.fi\/sv\/wp-json\/wp\/v2\/comments?post=2913"}],"wp:featuredmedia":[{"embeddable":true,"href":"https:\/\/www.omegayksi.fi\/sv\/wp-json\/wp\/v2\/media\/2928"}],"wp:attachment":[{"href":"https:\/\/www.omegayksi.fi\/sv\/wp-json\/wp\/v2\/media?parent=2913"}],"wp:term":[{"taxonomy":"product_brand","embeddable":true,"href":"https:\/\/www.omegayksi.fi\/sv\/wp-json\/wp\/v2\/product_brand?post=2913"},{"taxonomy":"product_cat","embeddable":true,"href":"https:\/\/www.omegayksi.fi\/sv\/wp-json\/wp\/v2\/product_cat?post=2913"},{"taxonomy":"product_tag","embeddable":true,"href":"https:\/\/www.omegayksi.fi\/sv\/wp-json\/wp\/v2\/product_tag?post=2913"}],"curies":[{"name":"wp","href":"https:\/\/api.w.org\/{rel}","templated":true}]}}