{"id":2941,"date":"2025-11-05T11:25:25","date_gmt":"2025-11-05T09:25:25","guid":{"rendered":"https:\/\/www.omegayksi.fi\/?post_type=product&#038;p=2941"},"modified":"2025-11-05T11:25:25","modified_gmt":"2025-11-05T09:25:25","slug":"yleinen-lahjakortti","status":"publish","type":"product","link":"https:\/\/www.omegayksi.fi\/sv\/product\/yleinen-lahjakortti\/","title":{"rendered":"Yleinen lahjakortti \u2013 Arjen hoivaa ja apua (Verkkokauppa-eksklusiivinen)"},"content":{"rendered":"<p data-start=\"1629\" data-end=\"1792\">Monik\u00e4ytt\u00f6inen lahja jokaiseen hetkeen \u2013 syntym\u00e4p\u00e4iv\u00e4\u00e4n, kiitokseen tai omaan hyvinvointiin.<br data-start=\"1740\" data-end=\"1743\" \/>Lahjakortti k\u00e4y kaikkiin Omegayksi-palveluihin:<\/p>\n<ul data-start=\"1793\" data-end=\"1845\">\n<li data-start=\"1793\" data-end=\"1808\">\n<p data-start=\"1795\" data-end=\"1808\">Kotisiivous<\/p>\n<\/li>\n<li data-start=\"1809\" data-end=\"1823\">\n<p data-start=\"1811\" data-end=\"1823\">Jalkahoito<\/p>\n<\/li>\n<li data-start=\"1824\" data-end=\"1845\">\n<p data-start=\"1826\" data-end=\"1845\">Avustamispalvelut<\/p>\n<\/li>\n<\/ul>\n<p><strong data-start=\"1596\" data-end=\"1609\">Voimassa:<\/strong> 6 kk ostop\u00e4iv\u00e4st\u00e4.<\/p>","protected":false},"excerpt":{"rendered":"<p>Anna lahjaksi aikaa ja helpotusta arkeen \u2013 yksi kortti, monta mahdollisuutta.<\/p>","protected":false},"featured_media":2942,"comment_status":"closed","ping_status":"closed","template":"","meta":{"site-sidebar-layout":"default","site-content-layout":"","ast-site-content-layout":"default","site-content-style":"default","site-sidebar-style":"default","ast-global-header-display":"","ast-banner-title-visibility":"","ast-main-header-display":"","ast-hfb-above-header-display":"","ast-hfb-below-header-display":"","ast-hfb-mobile-header-display":"","site-post-title":"","ast-breadcrumbs-content":"","ast-featured-img":"","footer-sml-layout":"","ast-disable-related-posts":"","theme-transparent-header-meta":"default","adv-header-id-meta":"","stick-header-meta":"","header-above-stick-meta":"","header-main-stick-meta":"","header-below-stick-meta":"","astra-migrate-meta-layouts":"set","ast-page-background-enabled":"default","ast-page-background-meta":{"desktop":{"background-color":"var(--ast-global-color-5)","background-image":"","background-repeat":"repeat","background-position":"center center","background-size":"auto","background-attachment":"scroll","background-type":"","background-media":"","overlay-type":"","overlay-color":"","overlay-opacity":"","overlay-gradient":""},"tablet":{"background-color":"","background-image":"","background-repeat":"repeat","background-position":"center center","background-size":"auto","background-attachment":"scroll","background-type":"","background-media":"","overlay-type":"","overlay-color":"","overlay-opacity":"","overlay-gradient":""},"mobile":{"background-color":"","background-image":"","background-repeat":"repeat","background-position":"center center","background-size":"auto","background-attachment":"scroll","background-type":"","background-media":"","overlay-type":"","overlay-color":"","overlay-opacity":"","overlay-gradient":""}},"ast-content-background-meta":{"desktop":{"background-color":"var(--ast-global-color-4)","background-image":"","background-repeat":"repeat","background-position":"center center","background-size":"auto","background-attachment":"scroll","background-type":"","background-media":"","overlay-type":"","overlay-color":"","overlay-opacity":"","overlay-gradient":""},"tablet":{"background-color":"var(--ast-global-color-4)","background-image":"","background-repeat":"repeat","background-position":"center center","background-size":"auto","background-attachment":"scroll","background-type":"","background-media":"","overlay-type":"","overlay-color":"","overlay-opacity":"","overlay-gradient":""},"mobile":{"background-color":"var(--ast-global-color-4)","background-image":"","background-repeat":"repeat","background-position":"center center","background-size":"auto","background-attachment":"scroll","background-type":"","background-media":"","overlay-type":"","overlay-color":"","overlay-opacity":"","overlay-gradient":""}},"jetpack_post_was_ever_published":false},"product_brand":[],"product_cat":[190],"product_tag":[],"class_list":{"0":"post-2941","1":"product","2":"type-product","3":"status-publish","4":"has-post-thumbnail","6":"product_cat-lahjakortti","7":"desktop-align-left","8":"tablet-align-left","9":"mobile-align-left","11":"first","12":"instock","13":"purchasable","14":"product-type-pw-gift-card"},"yoast_head":"<!-- This site is optimized with the Yoast SEO plugin v27.5 - https:\/\/yoast.com\/product\/yoast-seo-wordpress\/ -->\n<title>Yleinen lahjakortti \u2013 Arjen hoivaa ja apua (Verkkokauppa-eksklusiivinen) -<\/title>\n<meta name=\"description\" content=\"Omegayksi lahjakortti | Kotisiivous, jalkahoito ja avustaminen | Lahjaksi hoivaa ja apua arkeen\" \/>\n<meta name=\"robots\" content=\"index, follow, max-snippet:-1, max-image-preview:large, max-video-preview:-1\" \/>\n<link rel=\"canonical\" href=\"http:\/\/www.omegayksi.fi\/sv\/product\/yleinen-lahjakortti\/\" \/>\n<meta property=\"og:locale\" content=\"sv_SE\" \/>\n<meta property=\"og:type\" content=\"article\" \/>\n<meta property=\"og:title\" content=\"Yleinen lahjakortti \u2013 Arjen hoivaa ja apua (Verkkokauppa-eksklusiivinen) -\" \/>\n<meta property=\"og:description\" content=\"Omegayksi lahjakortti | Kotisiivous, jalkahoito ja avustaminen | Lahjaksi hoivaa ja apua arkeen\" \/>\n<meta property=\"og:url\" content=\"http:\/\/www.omegayksi.fi\/sv\/product\/yleinen-lahjakortti\/\" \/>\n<meta property=\"article:publisher\" content=\"https:\/\/www.facebook.com\/profile.php?id=100094279863502\" \/>\n<meta property=\"og:image\" content=\"http:\/\/www.omegayksi.fi\/wp-content\/uploads\/2025\/11\/Omegayksi-lahjakortti.png\" \/>\n\t<meta property=\"og:image:width\" content=\"1024\" \/>\n\t<meta property=\"og:image:height\" content=\"1024\" \/>\n\t<meta property=\"og:image:type\" content=\"image\/png\" \/>\n<meta name=\"twitter:card\" content=\"summary_large_image\" \/>\n<meta name=\"twitter:label1\" content=\"Ber\u00e4knad l\u00e4stid\" \/>\n\t<meta name=\"twitter:data1\" content=\"1 minut\" \/>\n<script type=\"application\/ld+json\" class=\"yoast-schema-graph\">{\"@context\":\"https:\\\/\\\/schema.org\",\"@graph\":[{\"@type\":\"WebPage\",\"@id\":\"http:\\\/\\\/www.omegayksi.fi\\\/sv\\\/product\\\/yleinen-lahjakortti\\\/\",\"url\":\"http:\\\/\\\/www.omegayksi.fi\\\/sv\\\/product\\\/yleinen-lahjakortti\\\/\",\"name\":\"Yleinen lahjakortti \u2013 Arjen hoivaa ja apua (Verkkokauppa-eksklusiivinen) -\",\"isPartOf\":{\"@id\":\"https:\\\/\\\/www.omegayksi.fi\\\/#website\"},\"primaryImageOfPage\":{\"@id\":\"http:\\\/\\\/www.omegayksi.fi\\\/sv\\\/product\\\/yleinen-lahjakortti\\\/#primaryimage\"},\"image\":{\"@id\":\"http:\\\/\\\/www.omegayksi.fi\\\/sv\\\/product\\\/yleinen-lahjakortti\\\/#primaryimage\"},\"thumbnailUrl\":\"https:\\\/\\\/www.omegayksi.fi\\\/wp-content\\\/uploads\\\/2025\\\/11\\\/Omegayksi-lahjakortti.png\",\"datePublished\":\"2025-11-05T09:25:25+00:00\",\"description\":\"Omegayksi lahjakortti | Kotisiivous, jalkahoito ja avustaminen | Lahjaksi hoivaa ja apua arkeen\",\"breadcrumb\":{\"@id\":\"http:\\\/\\\/www.omegayksi.fi\\\/sv\\\/product\\\/yleinen-lahjakortti\\\/#breadcrumb\"},\"inLanguage\":\"sv-SE\",\"potentialAction\":[{\"@type\":\"ReadAction\",\"target\":[\"http:\\\/\\\/www.omegayksi.fi\\\/sv\\\/product\\\/yleinen-lahjakortti\\\/\"]}]},{\"@type\":\"ImageObject\",\"inLanguage\":\"sv-SE\",\"@id\":\"http:\\\/\\\/www.omegayksi.fi\\\/sv\\\/product\\\/yleinen-lahjakortti\\\/#primaryimage\",\"url\":\"https:\\\/\\\/www.omegayksi.fi\\\/wp-content\\\/uploads\\\/2025\\\/11\\\/Omegayksi-lahjakortti.png\",\"contentUrl\":\"https:\\\/\\\/www.omegayksi.fi\\\/wp-content\\\/uploads\\\/2025\\\/11\\\/Omegayksi-lahjakortti.png\",\"width\":1024,\"height\":1024,\"caption\":\"Yleinen lahjakortti \u2013 Arjen hoivaa ja apua (Verkkokauppa-eksklusiivinen)\"},{\"@type\":\"BreadcrumbList\",\"@id\":\"http:\\\/\\\/www.omegayksi.fi\\\/sv\\\/product\\\/yleinen-lahjakortti\\\/#breadcrumb\",\"itemListElement\":[{\"@type\":\"ListItem\",\"position\":1,\"name\":\"Home\",\"item\":\"https:\\\/\\\/www.omegayksi.fi\\\/\"},{\"@type\":\"ListItem\",\"position\":2,\"name\":\"Verkkokauppa\",\"item\":\"https:\\\/\\\/www.omegayksi.fi\\\/sv\\\/verkkokauppa2\\\/\"},{\"@type\":\"ListItem\",\"position\":3,\"name\":\"Yleinen lahjakortti \u2013 Arjen hoivaa ja apua (Verkkokauppa-eksklusiivinen)\"}]},{\"@type\":\"WebSite\",\"@id\":\"https:\\\/\\\/www.omegayksi.fi\\\/#website\",\"url\":\"https:\\\/\\\/www.omegayksi.fi\\\/\",\"name\":\"Omegayksi Oy\",\"description\":\"Laadukasta palvelua suurella syd&auml;mell&auml;\",\"publisher\":{\"@id\":\"https:\\\/\\\/www.omegayksi.fi\\\/#organization\"},\"potentialAction\":[{\"@type\":\"SearchAction\",\"target\":{\"@type\":\"EntryPoint\",\"urlTemplate\":\"https:\\\/\\\/www.omegayksi.fi\\\/?s={search_term_string}\"},\"query-input\":{\"@type\":\"PropertyValueSpecification\",\"valueRequired\":true,\"valueName\":\"search_term_string\"}}],\"inLanguage\":\"sv-SE\"},{\"@type\":\"Organization\",\"@id\":\"https:\\\/\\\/www.omegayksi.fi\\\/#organization\",\"name\":\"Omegayksi Oy\",\"url\":\"https:\\\/\\\/www.omegayksi.fi\\\/\",\"logo\":{\"@type\":\"ImageObject\",\"inLanguage\":\"sv-SE\",\"@id\":\"https:\\\/\\\/www.omegayksi.fi\\\/#\\\/schema\\\/logo\\\/image\\\/\",\"url\":\"https:\\\/\\\/www.omegayksi.fi\\\/wp-content\\\/uploads\\\/2022\\\/07\\\/cropped-cropped-cropped-Omegayksi-photomod3-1.png\",\"contentUrl\":\"https:\\\/\\\/www.omegayksi.fi\\\/wp-content\\\/uploads\\\/2022\\\/07\\\/cropped-cropped-cropped-Omegayksi-photomod3-1.png\",\"width\":1600,\"height\":929,\"caption\":\"Omegayksi Oy\"},\"image\":{\"@id\":\"https:\\\/\\\/www.omegayksi.fi\\\/#\\\/schema\\\/logo\\\/image\\\/\"},\"sameAs\":[\"https:\\\/\\\/www.facebook.com\\\/profile.php?id=100094279863502\"]}]}<\/script>\n<!-- \/ Yoast SEO plugin. -->","yoast_head_json":{"title":"Yleinen lahjakortti \u2013 Arjen hoivaa ja apua (Verkkokauppa-eksklusiivinen) -","description":"Omegayksi lahjakortti | Kotisiivous, jalkahoito ja avustaminen | Lahjaksi hoivaa ja apua arkeen","robots":{"index":"index","follow":"follow","max-snippet":"max-snippet:-1","max-image-preview":"max-image-preview:large","max-video-preview":"max-video-preview:-1"},"canonical":"http:\/\/www.omegayksi.fi\/sv\/product\/yleinen-lahjakortti\/","og_locale":"sv_SE","og_type":"article","og_title":"Yleinen lahjakortti \u2013 Arjen hoivaa ja apua (Verkkokauppa-eksklusiivinen) -","og_description":"Omegayksi lahjakortti | Kotisiivous, jalkahoito ja avustaminen | Lahjaksi hoivaa ja apua arkeen","og_url":"http:\/\/www.omegayksi.fi\/sv\/product\/yleinen-lahjakortti\/","article_publisher":"https:\/\/www.facebook.com\/profile.php?id=100094279863502","og_image":[{"width":1024,"height":1024,"url":"http:\/\/www.omegayksi.fi\/wp-content\/uploads\/2025\/11\/Omegayksi-lahjakortti.png","type":"image\/png"}],"twitter_card":"summary_large_image","twitter_misc":{"Ber\u00e4knad l\u00e4stid":"1 minut"},"schema":{"@context":"https:\/\/schema.org","@graph":[{"@type":"WebPage","@id":"http:\/\/www.omegayksi.fi\/sv\/product\/yleinen-lahjakortti\/","url":"http:\/\/www.omegayksi.fi\/sv\/product\/yleinen-lahjakortti\/","name":"Yleinen lahjakortti \u2013 Arjen hoivaa ja apua (Verkkokauppa-eksklusiivinen) -","isPartOf":{"@id":"https:\/\/www.omegayksi.fi\/#website"},"primaryImageOfPage":{"@id":"http:\/\/www.omegayksi.fi\/sv\/product\/yleinen-lahjakortti\/#primaryimage"},"image":{"@id":"http:\/\/www.omegayksi.fi\/sv\/product\/yleinen-lahjakortti\/#primaryimage"},"thumbnailUrl":"https:\/\/www.omegayksi.fi\/wp-content\/uploads\/2025\/11\/Omegayksi-lahjakortti.png","datePublished":"2025-11-05T09:25:25+00:00","description":"Omegayksi lahjakortti | Kotisiivous, jalkahoito ja avustaminen | Lahjaksi hoivaa ja apua arkeen","breadcrumb":{"@id":"http:\/\/www.omegayksi.fi\/sv\/product\/yleinen-lahjakortti\/#breadcrumb"},"inLanguage":"sv-SE","potentialAction":[{"@type":"ReadAction","target":["http:\/\/www.omegayksi.fi\/sv\/product\/yleinen-lahjakortti\/"]}]},{"@type":"ImageObject","inLanguage":"sv-SE","@id":"http:\/\/www.omegayksi.fi\/sv\/product\/yleinen-lahjakortti\/#primaryimage","url":"https:\/\/www.omegayksi.fi\/wp-content\/uploads\/2025\/11\/Omegayksi-lahjakortti.png","contentUrl":"https:\/\/www.omegayksi.fi\/wp-content\/uploads\/2025\/11\/Omegayksi-lahjakortti.png","width":1024,"height":1024,"caption":"Yleinen lahjakortti \u2013 Arjen hoivaa ja apua (Verkkokauppa-eksklusiivinen)"},{"@type":"BreadcrumbList","@id":"http:\/\/www.omegayksi.fi\/sv\/product\/yleinen-lahjakortti\/#breadcrumb","itemListElement":[{"@type":"ListItem","position":1,"name":"Home","item":"https:\/\/www.omegayksi.fi\/"},{"@type":"ListItem","position":2,"name":"Verkkokauppa","item":"https:\/\/www.omegayksi.fi\/sv\/verkkokauppa2\/"},{"@type":"ListItem","position":3,"name":"Yleinen lahjakortti \u2013 Arjen hoivaa ja apua (Verkkokauppa-eksklusiivinen)"}]},{"@type":"WebSite","@id":"https:\/\/www.omegayksi.fi\/#website","url":"https:\/\/www.omegayksi.fi\/","name":"Omegayksi Oy","description":"Laadukasta palvelua suurella syd&auml;mell&auml;","publisher":{"@id":"https:\/\/www.omegayksi.fi\/#organization"},"potentialAction":[{"@type":"SearchAction","target":{"@type":"EntryPoint","urlTemplate":"https:\/\/www.omegayksi.fi\/?s={search_term_string}"},"query-input":{"@type":"PropertyValueSpecification","valueRequired":true,"valueName":"search_term_string"}}],"inLanguage":"sv-SE"},{"@type":"Organization","@id":"https:\/\/www.omegayksi.fi\/#organization","name":"Omegayksi Oy","url":"https:\/\/www.omegayksi.fi\/","logo":{"@type":"ImageObject","inLanguage":"sv-SE","@id":"https:\/\/www.omegayksi.fi\/#\/schema\/logo\/image\/","url":"https:\/\/www.omegayksi.fi\/wp-content\/uploads\/2022\/07\/cropped-cropped-cropped-Omegayksi-photomod3-1.png","contentUrl":"https:\/\/www.omegayksi.fi\/wp-content\/uploads\/2022\/07\/cropped-cropped-cropped-Omegayksi-photomod3-1.png","width":1600,"height":929,"caption":"Omegayksi Oy"},"image":{"@id":"https:\/\/www.omegayksi.fi\/#\/schema\/logo\/image\/"},"sameAs":["https:\/\/www.facebook.com\/profile.php?id=100094279863502"]}]}},"_links":{"self":[{"href":"https:\/\/www.omegayksi.fi\/sv\/wp-json\/wp\/v2\/product\/2941","targetHints":{"allow":["GET"]}}],"collection":[{"href":"https:\/\/www.omegayksi.fi\/sv\/wp-json\/wp\/v2\/product"}],"about":[{"href":"https:\/\/www.omegayksi.fi\/sv\/wp-json\/wp\/v2\/types\/product"}],"replies":[{"embeddable":true,"href":"https:\/\/www.omegayksi.fi\/sv\/wp-json\/wp\/v2\/comments?post=2941"}],"wp:featuredmedia":[{"embeddable":true,"href":"https:\/\/www.omegayksi.fi\/sv\/wp-json\/wp\/v2\/media\/2942"}],"wp:attachment":[{"href":"https:\/\/www.omegayksi.fi\/sv\/wp-json\/wp\/v2\/media?parent=2941"}],"wp:term":[{"taxonomy":"product_brand","embeddable":true,"href":"https:\/\/www.omegayksi.fi\/sv\/wp-json\/wp\/v2\/product_brand?post=2941"},{"taxonomy":"product_cat","embeddable":true,"href":"https:\/\/www.omegayksi.fi\/sv\/wp-json\/wp\/v2\/product_cat?post=2941"},{"taxonomy":"product_tag","embeddable":true,"href":"https:\/\/www.omegayksi.fi\/sv\/wp-json\/wp\/v2\/product_tag?post=2941"}],"curies":[{"name":"wp","href":"https:\/\/api.w.org\/{rel}","templated":true}]}}